{"id":7358,"date":"2026-03-11T13:41:36","date_gmt":"2026-03-11T13:41:36","guid":{"rendered":"https:\/\/yazinulkesi.com.tr\/?page_id=7358"},"modified":"2026-03-13T03:44:43","modified_gmt":"2026-03-13T03:44:43","slug":"kunye","status":"publish","type":"page","link":"https:\/\/yazinulkesi.com.tr\/?page_id=7358","title":{"rendered":"K\u00fcnye"},"content":{"rendered":"\n<p><strong>SAH\u0130B\u0130:<\/strong> KAHRAMANMARA\u015e B\u00dcY\u00dcK\u015eEH\u0130R BELED\u0130YES\u0130 K\u00dcLT\u00dcR SPOR VE GEN\u00c7L\u0130K DA\u0130RES\u0130 BA\u015eKANLI\u011eI<br><strong>ED\u0130T\u00d6RLER:<\/strong> YAS\u0130N TA\u00c7AR- M. BURAK \u00c7EL\u0130K- MUHAMMED YAS\u0130R KELE\u015e<br><strong>KOORD\u0130NAT\u00d6R: <\/strong>G\u00dcL\u0130ZAR TA\u015e<br><strong>WEB D\u0130ZAYN:<\/strong> MUSTAFA SAKALLI<br><strong>GRAF\u0130K TASARIM:<\/strong> TA\u00c7 MEDYA<br><strong>TASARIM DANI\u015eMANI:<\/strong> MUSTAFA YILDIZ<\/p>\n\n\n\n<p><\/p>\n\n\n\n<p>\u015eiir, \u00f6yk\u00fc tarz\u0131ndaki eserlerinizi g\u00f6nderebilece\u011finiz mail adresimiz:<br>Mail: eser@yazinulkesi.com.tr<\/p>\n","protected":false},"excerpt":{"rendered":"<div class=\"tmnf_excerpt\"><p>SAH\u0130B\u0130: KAHRAMANMARA\u015e B\u00dcY\u00dcK\u015eEH\u0130R BELED\u0130YES\u0130 K\u00dcLT\u00dcR SPOR VE GEN\u00c7L\u0130K DA\u0130RES\u0130 BA\u015eKANLI\u011eIED\u0130T\u00d6RLER: YAS\u0130N TA\u00c7AR- M. BURAK \u00c7EL\u0130K- MUHAMMED YAS\u0130R KELE\u015eKOORD\u0130NAT\u00d6R: G\u00dcL\u0130ZAR TA\u015eWEB D\u0130ZAYN: MUSTAFA SAKALLIGRAF\u0130K TASARIM: TA\u00c7 MEDYATASARIM DANI\u015eMANI: MUSTAFA YILDIZ \u015eiir, \u00f6yk\u00fc tarz\u0131ndaki eserlerinizi g\u00f6nderebilece\u011finiz mail adresimiz:Mail: eser@yazinulkesi.com.tr<\/p>\n<\/div>","protected":false},"author":1,"featured_media":0,"parent":0,"menu_order":0,"comment_status":"closed","ping_status":"closed","template":"","meta":{"_eb_attr":"","footnotes":""},"class_list":["post-7358","page","type-page","status-publish","hentry"],"rttpg_featured_image_url":null,"rttpg_author":{"display_name":"marascol.adm21@gmail.com","author_link":"https:\/\/yazinulkesi.com.tr\/author\/marascol-adm21gmail-com"},"rttpg_comment":0,"rttpg_category":null,"rttpg_excerpt":"SAH\u0130B\u0130: KAHRAMANMARA\u015e B\u00dcY\u00dcK\u015eEH\u0130R BELED\u0130YES\u0130 K\u00dcLT\u00dcR SPOR VE GEN\u00c7L\u0130K DA\u0130RES\u0130 BA\u015eKANLI\u011eIED\u0130T\u00d6RLER: YAS\u0130N TA\u00c7AR- M. BURAK \u00c7EL\u0130K- MUHAMMED YAS\u0130R KELE\u015eKOORD\u0130NAT\u00d6R: G\u00dcL\u0130ZAR TA\u015eWEB D\u0130ZAYN: MUSTAFA SAKALLIGRAF\u0130K TASARIM: TA\u00c7 MEDYATASARIM DANI\u015eMANI: MUSTAFA YILDIZ \u015eiir, \u00f6yk\u00fc tarz\u0131ndaki eserlerinizi g\u00f6nderebilece\u011finiz mail adresimiz:Mail: eser@yazinulkesi.com.tr","_links":{"self":[{"href":"https:\/\/yazinulkesi.com.tr\/index.php?rest_route=\/wp\/v2\/pages\/7358","targetHints":{"allow":["GET"]}}],"collection":[{"href":"https:\/\/yazinulkesi.com.tr\/index.php?rest_route=\/wp\/v2\/pages"}],"about":[{"href":"https:\/\/yazinulkesi.com.tr\/index.php?rest_route=\/wp\/v2\/types\/page"}],"author":[{"embeddable":true,"href":"https:\/\/yazinulkesi.com.tr\/index.php?rest_route=\/wp\/v2\/users\/1"}],"replies":[{"embeddable":true,"href":"https:\/\/yazinulkesi.com.tr\/index.php?rest_route=%2Fwp%2Fv2%2Fcomments&post=7358"}],"version-history":[{"count":3,"href":"https:\/\/yazinulkesi.com.tr\/index.php?rest_route=\/wp\/v2\/pages\/7358\/revisions"}],"predecessor-version":[{"id":7508,"href":"https:\/\/yazinulkesi.com.tr\/index.php?rest_route=\/wp\/v2\/pages\/7358\/revisions\/7508"}],"wp:attachment":[{"href":"https:\/\/yazinulkesi.com.tr\/index.php?rest_route=%2Fwp%2Fv2%2Fmedia&parent=7358"}],"curies":[{"name":"wp","href":"https:\/\/api.w.org\/{rel}","templated":true}]}}