{"id":6910,"date":"2026-03-07T15:14:10","date_gmt":"2026-03-07T15:14:10","guid":{"rendered":"https:\/\/yazinulkesi.com.tr\/?page_id=6910"},"modified":"2026-03-16T14:26:26","modified_gmt":"2026-03-16T10:56:26","slug":"cocuk-edebiyati","status":"publish","type":"page","link":"https:\/\/yazinulkesi.com.tr\/?page_id=6910","title":{"rendered":"\u00c7ocuk Edebiyat\u0131"},"content":{"rendered":"\t\t<div data-elementor-type=\"wp-page\" data-elementor-id=\"6910\" class=\"elementor elementor-6910\">\n\t\t\t\t<div class=\"elementor-element elementor-element-48a4bac e-flex e-con-boxed e-con e-parent\" data-id=\"48a4bac\" data-element_type=\"container\" data-e-type=\"container\">\n\t\t\t\t\t<div class=\"e-con-inner\">\n\t\t\t\t<div class=\"elementor-element elementor-element-5550d23 section-title-style-default title_position_default title_hover_border_default title-default img_hover_animation_default readmore-btn-default-style grid-hover-overlay-type-always tpg-el-box-border-enable tpg-border-bottom-disable elementor-widget elementor-widget-tpg-list-layout\" data-id=\"5550d23\" data-element_type=\"widget\" data-e-type=\"widget\" data-widget_type=\"tpg-list-layout.default\">\n\t\t\t\t<div class=\"elementor-widget-container\">\n\t\t\t\t\t\n        <div class=\"rt-container-fluid rt-tpg-container tpg-el-main-wrapper list-layout1-main \"\n             data-sc-id=\"elementor\"\n             id=\"rt-tpg-container-180097447\"\n             data-layout=\"list-layout1\"\n             data-grid-style=\"tpg-even\"\n             data-el-settings=''\n             data-el-query=''\n             data-el-path=''\n        >\n\t\t\t            <div class='tpg-header-wrapper '>\n\t\t\t\t\n        <div class=\"tpg-widget-heading-wrapper rt-clear heading-default \">\n            <span class=\"tpg-widget-heading-line line-left\"><\/span>\n\t\t\t<h2 class='tpg-widget-heading'>\n\t\t\t\n\t\t\t\t                    <span>\n\t\t\t\t\t\t\t\t\t\t\t<\/span>\n\t\t\t\t\t\n\t\t\t\t\t\t\t<\/h2>            <span class=\"tpg-widget-heading-line line-right\"><\/span>\n\n\t\t\t\n        <\/div>\n\n\t\t\n\t\t            <\/div>\n\n            <div data-title=\"Loading ...\" class=\"rt-row rt-content-loader list-layout1 tpg-even list-behaviour list-layout-wrapper\">\n\t\t\t\t\n<div class=\"rt-col-md-12 rt-col-sm-12 rt-col-xs-12 default rt-list-item rt-grid-item\" data-id=\"7766\">\n\t<div class=\"rt-holder tpg-post-holder \">\n\t\t<div class=\"rt-detail rt-el-content-wrapper\">\n\t\t\t\t\t\t\t<div class=\"rt-img-holder tpg-el-image-wrap has-thumbnail\">\n\t\t\t\t\t<a data-id=\"7766\" href=\"https:\/\/yazinulkesi.com.tr\/?p=7766\" class=\"tpg-post-link\" target=\"_self\">                        <img fetchpriority=\"high\" decoding=\"async\" src=\"https:\/\/yazinulkesi.com.tr\/wp-content\/uploads\/2026\/03\/ketebe-cocuk-417x340.png\"\n                             class=\"rt-img-responsive\"\n                             width=\"417\"\n                             height=\"340\"\n                             alt=\"Ketebe \u00c7ocuk\u2019tan Yeni Bir Kitap Daha\">\n\t\t\t\t\t\t\n\t\t\t\t\t\t\t\n\t\t<\/a>\n\t\t        <div class=\"overlay grid-hover-content\"><\/div>\n\t\t\t\t\t\t<\/div>\n\t\t\t\n\t\t\t<div class=\"post-right-content\">\n\t\t\t\t<div class=\"entry-title-wrapper\"><h3 class=\"entry-title\"><a data-id=\"7766\" href=\"https:\/\/yazinulkesi.com.tr\/?p=7766\" class=\"tpg-post-link\" target=\"_self\">Ketebe \u00c7ocuk\u2019tan Yeni Bir Kitap Daha<\/a><\/h3><\/div>\n\t\t\t\t\n\t\t\t\t\t\t\t\t\t<div class=\"tpg-excerpt tpg-el-excerpt\">\n\t\t\t\t\t\t\t\t\t\t\t\t\t<div class=\"tpg-excerpt-inner\">\n\t\t\t\t\t\t\t\tM\u00e9lanie Delloye\u2019nin yazd\u0131\u011f\u0131, Ronan Badel\u2019in resimledi\u011fi V\u0131zv\u0131z\u2019\u0131n Ola\u011fan\u00fcst\u00fc K\u00fct\u00fcphanesi, Elif...\t\t\t\t\t\t\t<\/div>\n\t\t\t\t\t\t\t\t\t\t\t\t\t\t\t\t\t<\/div>\n\t\t\t\t\n\t\t\t\t        <div class=\"post-footer\">\n            <div class=\"post-footer\">\n                <div class=\"read-more\">\n\t\t\t\t\t<a data-id=\"7766\" href=\"https:\/\/yazinulkesi.com.tr\/?p=7766\" class=\"tpg-post-link\" target=\"_self\">Devam\u0131<\/a>                <\/div>\n            <\/div>\n        <\/div>\n\t\t\t\t\t<\/div>\n\t\t<\/div>\n\t<\/div>\n<\/div>\n\n<div class=\"rt-col-md-12 rt-col-sm-12 rt-col-xs-12 default rt-list-item rt-grid-item\" data-id=\"7339\">\n\t<div class=\"rt-holder tpg-post-holder \">\n\t\t<div class=\"rt-detail rt-el-content-wrapper\">\n\t\t\t\t\t\t\t<div class=\"rt-img-holder tpg-el-image-wrap has-thumbnail\">\n\t\t\t\t\t<a data-id=\"7339\" href=\"https:\/\/yazinulkesi.com.tr\/?p=7339\" class=\"tpg-post-link\" target=\"_self\">                        <img decoding=\"async\" src=\"https:\/\/yazinulkesi.com.tr\/wp-content\/uploads\/2026\/03\/unnamed-1-417x340.png\"\n                             class=\"rt-img-responsive\"\n                             width=\"417\"\n                             height=\"340\"\n                             alt=\"Do\u011fan \u00c7ocuk \u00d6yk\u00fc Yar\u0131\u015fmas\u0131 Ba\u015fl\u0131yor\">\n\t\t\t\t\t\t\n\t\t\t\t\t\t\t\n\t\t<\/a>\n\t\t        <div class=\"overlay grid-hover-content\"><\/div>\n\t\t\t\t\t\t<\/div>\n\t\t\t\n\t\t\t<div class=\"post-right-content\">\n\t\t\t\t<div class=\"entry-title-wrapper\"><h3 class=\"entry-title\"><a data-id=\"7339\" href=\"https:\/\/yazinulkesi.com.tr\/?p=7339\" class=\"tpg-post-link\" target=\"_self\">Do\u011fan \u00c7ocuk \u00d6yk\u00fc Yar\u0131\u015fmas\u0131 Ba\u015fl\u0131yor<\/a><\/h3><\/div>\n\t\t\t\t\n\t\t\t\t\t\t\t\t\t<div class=\"tpg-excerpt tpg-el-excerpt\">\n\t\t\t\t\t\t\t\t\t\t\t\t\t<div class=\"tpg-excerpt-inner\">\n\t\t\t\t\t\t\t\tDo\u011fan \u00c7ocuk \u00d6yk\u00fc Yar\u0131\u015fmas\u0131 ba\u015fl\u0131yor. Gen\u00e7 yazar adaylar\u0131, istedikleri herhangi bir konuda...\t\t\t\t\t\t\t<\/div>\n\t\t\t\t\t\t\t\t\t\t\t\t\t\t\t\t\t<\/div>\n\t\t\t\t\n\t\t\t\t        <div class=\"post-footer\">\n            <div class=\"post-footer\">\n                <div class=\"read-more\">\n\t\t\t\t\t<a data-id=\"7339\" href=\"https:\/\/yazinulkesi.com.tr\/?p=7339\" class=\"tpg-post-link\" target=\"_self\">Devam\u0131<\/a>                <\/div>\n            <\/div>\n        <\/div>\n\t\t\t\t\t<\/div>\n\t\t<\/div>\n\t<\/div>\n<\/div>\n\n<div class=\"rt-col-md-12 rt-col-sm-12 rt-col-xs-12 default rt-list-item rt-grid-item\" data-id=\"6853\">\n\t<div class=\"rt-holder tpg-post-holder \">\n\t\t<div class=\"rt-detail rt-el-content-wrapper\">\n\t\t\t\t\t\t\t<div class=\"rt-img-holder tpg-el-image-wrap has-thumbnail\">\n\t\t\t\t\t<a data-id=\"6853\" href=\"https:\/\/yazinulkesi.com.tr\/?p=6853\" class=\"tpg-post-link\" target=\"_self\">                        <img decoding=\"async\" src=\"https:\/\/yazinulkesi.com.tr\/wp-content\/uploads\/2026\/03\/leo-417x340.jpg\"\n                             class=\"rt-img-responsive\"\n                             width=\"417\"\n                             height=\"340\"\n                             alt=\"\u00d6d\u00fcll\u00fc Yazar Peter Carnavas\u2019tan Bir Dostluk Hik\u00e2yesi\">\n\t\t\t\t\t\t\n\t\t\t\t\t\t\t\n\t\t<\/a>\n\t\t        <div class=\"overlay grid-hover-content\"><\/div>\n\t\t\t\t\t\t<\/div>\n\t\t\t\n\t\t\t<div class=\"post-right-content\">\n\t\t\t\t<div class=\"entry-title-wrapper\"><h3 class=\"entry-title\"><a data-id=\"6853\" href=\"https:\/\/yazinulkesi.com.tr\/?p=6853\" class=\"tpg-post-link\" target=\"_self\">\u00d6d\u00fcll\u00fc Yazar Peter Carnavas\u2019tan Bir Dostluk Hik\u00e2yesi<\/a><\/h3><\/div>\n\t\t\t\t\n\t\t\t\t\t\t\t\t\t<div class=\"tpg-excerpt tpg-el-excerpt\">\n\t\t\t\t\t\t\t\t\t\t\t\t\t<div class=\"tpg-excerpt-inner\">\n\t\t\t\t\t\t\t\t\u0130lk \u00e7ocuk roman\u0131 Fil ile 2018\u2019de Queensland Edebiyat \u00d6d\u00fcl\u00fc\u2019n\u00fc kazanan Peter Carnavas\u2019\u0131n yeni kitab\u0131...\t\t\t\t\t\t\t<\/div>\n\t\t\t\t\t\t\t\t\t\t\t\t\t\t\t\t\t<\/div>\n\t\t\t\t\n\t\t\t\t        <div class=\"post-footer\">\n            <div class=\"post-footer\">\n                <div class=\"read-more\">\n\t\t\t\t\t<a data-id=\"6853\" href=\"https:\/\/yazinulkesi.com.tr\/?p=6853\" class=\"tpg-post-link\" target=\"_self\">Devam\u0131<\/a>                <\/div>\n            <\/div>\n        <\/div>\n\t\t\t\t\t<\/div>\n\t\t<\/div>\n\t<\/div>\n<\/div>\n\n<div class=\"rt-col-md-12 rt-col-sm-12 rt-col-xs-12 default rt-list-item rt-grid-item\" data-id=\"6851\">\n\t<div class=\"rt-holder tpg-post-holder \">\n\t\t<div class=\"rt-detail rt-el-content-wrapper\">\n\t\t\t\t\t\t\t<div class=\"rt-img-holder tpg-el-image-wrap has-thumbnail\">\n\t\t\t\t\t<a data-id=\"6851\" href=\"https:\/\/yazinulkesi.com.tr\/?p=6851\" class=\"tpg-post-link\" target=\"_self\">                        <img loading=\"lazy\" decoding=\"async\" src=\"https:\/\/yazinulkesi.com.tr\/wp-content\/uploads\/2026\/03\/hititler-417x340.jpg\"\n                             class=\"rt-img-responsive\"\n                             width=\"417\"\n                             height=\"340\"\n                             alt=\"Anadolu&#8217;nun \u0130lk S\u00fcper G\u00fcc\u00fc \u00c7\u0131kt\u0131\">\n\t\t\t\t\t\t\n\t\t\t\t\t\t\t\n\t\t<\/a>\n\t\t        <div class=\"overlay grid-hover-content\"><\/div>\n\t\t\t\t\t\t<\/div>\n\t\t\t\n\t\t\t<div class=\"post-right-content\">\n\t\t\t\t<div class=\"entry-title-wrapper\"><h3 class=\"entry-title\"><a data-id=\"6851\" href=\"https:\/\/yazinulkesi.com.tr\/?p=6851\" class=\"tpg-post-link\" target=\"_self\">Anadolu&#8217;nun \u0130lk S\u00fcper G\u00fcc\u00fc \u00c7\u0131kt\u0131<\/a><\/h3><\/div>\n\t\t\t\t\n\t\t\t\t\t\t\t\t\t<div class=\"tpg-excerpt tpg-el-excerpt\">\n\t\t\t\t\t\t\t\t\t\t\t\t\t<div class=\"tpg-excerpt-inner\">\n\t\t\t\t\t\t\t\tAnadolu Uygarl\u0131klar\u0131 2 \u2013 Hititler; Anadolu\u2019nun \u0130lk S\u00fcper G\u00fcc\u00fc, Yeditepe Yay\u0131nlar\u0131 etiketiyle...\t\t\t\t\t\t\t<\/div>\n\t\t\t\t\t\t\t\t\t\t\t\t\t\t\t\t\t<\/div>\n\t\t\t\t\n\t\t\t\t        <div class=\"post-footer\">\n            <div class=\"post-footer\">\n                <div class=\"read-more\">\n\t\t\t\t\t<a data-id=\"6851\" href=\"https:\/\/yazinulkesi.com.tr\/?p=6851\" class=\"tpg-post-link\" target=\"_self\">Devam\u0131<\/a>                <\/div>\n            <\/div>\n        <\/div>\n\t\t\t\t\t<\/div>\n\t\t<\/div>\n\t<\/div>\n<\/div>\n            <\/div>\n\n\t\t\t\n        <\/div>\n\t\t\t\t\t\t<\/div>\n\t\t\t\t<\/div>\n\t\t\t\t\t<\/div>\n\t\t\t\t<\/div>\n\t\t\t\t<\/div>\n\t\t","protected":false},"excerpt":{"rendered":"<div class=\"tmnf_excerpt\"><p>DO\u011eAN \u00c7OCUK \u00d6YK\u00dc YARI\u015eMASI BA\u015eLIYOR Do\u011fan \u00c7ocuk \u00d6yk\u00fc Yar\u0131\u015fmas\u0131 ba\u015fl\u0131yor. Gen\u00e7 yazar adaylar\u0131, istedikleri herhangi bir konuda&#8230; Devam\u0131 \u00d6d\u00fcll\u00fc yazar Peter Carnavas\u2019tan bir dostluk hik\u00e2yesi \u0130lk \u00e7ocuk roman\u0131 Fil ile 2018\u2019de Queensland Edebiyat \u00d6d\u00fcl\u00fc\u2019n\u00fc kazanan Peter Carnavas\u2019\u0131n yeni kitab\u0131&#8230; Devam\u0131 Anadolu&#8217;nun \u0130lk S\u00fcper G\u00fcc\u00fc \u00c7\u0131kt\u0131 Anadolu Uygarl\u0131klar\u0131 2 \u2013 Hititler; Anadolu\u2019nun \u0130lk S\u00fcper G\u00fcc\u00fc, Yeditepe &hellip;<\/p>\n<\/div>","protected":false},"author":1,"featured_media":0,"parent":0,"menu_order":0,"comment_status":"closed","ping_status":"closed","template":"template-fullwidth.php","meta":{"_eb_attr":"","footnotes":""},"class_list":["post-6910","page","type-page","status-publish","hentry"],"rttpg_featured_image_url":null,"rttpg_author":{"display_name":"marascol.adm21@gmail.com","author_link":"https:\/\/yazinulkesi.com.tr\/author\/marascol-adm21gmail-com"},"rttpg_comment":0,"rttpg_category":"","rttpg_excerpt":"DO\u011eAN \u00c7OCUK \u00d6YK\u00dc YARI\u015eMASI BA\u015eLIYOR Do\u011fan \u00c7ocuk \u00d6yk\u00fc Yar\u0131\u015fmas\u0131 ba\u015fl\u0131yor. Gen\u00e7 yazar adaylar\u0131, istedikleri herhangi bir konuda&#8230; Devam\u0131 \u00d6d\u00fcll\u00fc yazar Peter Carnavas\u2019tan bir dostluk hik\u00e2yesi \u0130lk \u00e7ocuk roman\u0131 Fil ile 2018\u2019de Queensland Edebiyat \u00d6d\u00fcl\u00fc\u2019n\u00fc kazanan Peter Carnavas\u2019\u0131n yeni kitab\u0131&#8230; Devam\u0131 Anadolu&#8217;nun \u0130lk S\u00fcper G\u00fcc\u00fc \u00c7\u0131kt\u0131 Anadolu Uygarl\u0131klar\u0131 2 \u2013 Hititler; Anadolu\u2019nun \u0130lk S\u00fcper G\u00fcc\u00fc, Yeditepe&hellip;","_links":{"self":[{"href":"https:\/\/yazinulkesi.com.tr\/index.php?rest_route=\/wp\/v2\/pages\/6910","targetHints":{"allow":["GET"]}}],"collection":[{"href":"https:\/\/yazinulkesi.com.tr\/index.php?rest_route=\/wp\/v2\/pages"}],"about":[{"href":"https:\/\/yazinulkesi.com.tr\/index.php?rest_route=\/wp\/v2\/types\/page"}],"author":[{"embeddable":true,"href":"https:\/\/yazinulkesi.com.tr\/index.php?rest_route=\/wp\/v2\/users\/1"}],"replies":[{"embeddable":true,"href":"https:\/\/yazinulkesi.com.tr\/index.php?rest_route=%2Fwp%2Fv2%2Fcomments&post=6910"}],"version-history":[{"count":10,"href":"https:\/\/yazinulkesi.com.tr\/index.php?rest_route=\/wp\/v2\/pages\/6910\/revisions"}],"predecessor-version":[{"id":7533,"href":"https:\/\/yazinulkesi.com.tr\/index.php?rest_route=\/wp\/v2\/pages\/6910\/revisions\/7533"}],"wp:attachment":[{"href":"https:\/\/yazinulkesi.com.tr\/index.php?rest_route=%2Fwp%2Fv2%2Fmedia&parent=6910"}],"curies":[{"name":"wp","href":"https:\/\/api.w.org\/{rel}","templated":true}]}}