{"id":6898,"date":"2026-03-07T15:12:27","date_gmt":"2026-03-07T15:12:27","guid":{"rendered":"https:\/\/yazinulkesi.com.tr\/?page_id=6898"},"modified":"2026-03-16T14:26:41","modified_gmt":"2026-03-16T10:56:41","slug":"duyuru","status":"publish","type":"page","link":"https:\/\/yazinulkesi.com.tr\/?page_id=6898","title":{"rendered":"Duyuru"},"content":{"rendered":"\t\t<div data-elementor-type=\"wp-page\" data-elementor-id=\"6898\" class=\"elementor elementor-6898\">\n\t\t\t\t<div class=\"elementor-element elementor-element-5416e2b e-flex e-con-boxed e-con e-parent\" data-id=\"5416e2b\" data-element_type=\"container\" data-e-type=\"container\">\n\t\t\t\t\t<div class=\"e-con-inner\">\n\t\t\t\t<div class=\"elementor-element elementor-element-18fefb7 section-title-style-default title_position_default title_hover_border_default title-default img_hover_animation_default readmore-btn-default-style grid-hover-overlay-type-always tpg-el-box-border-enable tpg-border-bottom-disable elementor-widget elementor-widget-tpg-list-layout\" data-id=\"18fefb7\" data-element_type=\"widget\" data-e-type=\"widget\" data-widget_type=\"tpg-list-layout.default\">\n\t\t\t\t<div class=\"elementor-widget-container\">\n\t\t\t\t\t\n        <div class=\"rt-container-fluid rt-tpg-container tpg-el-main-wrapper list-layout1-main \"\n             data-sc-id=\"elementor\"\n             id=\"rt-tpg-container-2895882712\"\n             data-layout=\"list-layout1\"\n             data-grid-style=\"tpg-even\"\n             data-el-settings=''\n             data-el-query=''\n             data-el-path=''\n        >\n\t\t\t            <div class='tpg-header-wrapper '>\n\t\t\t\t\n        <div class=\"tpg-widget-heading-wrapper rt-clear heading-default \">\n            <span class=\"tpg-widget-heading-line line-left\"><\/span>\n\t\t\t<h2 class='tpg-widget-heading'>\n\t\t\t\n\t\t\t\t                    <span>\n\t\t\t\t\t\t\t\t\t\t\t<\/span>\n\t\t\t\t\t\n\t\t\t\t\t\t\t<\/h2>            <span class=\"tpg-widget-heading-line line-right\"><\/span>\n\n\t\t\t\n        <\/div>\n\n\t\t\n\t\t            <\/div>\n\n            <div data-title=\"Loading ...\" class=\"rt-row rt-content-loader list-layout1 tpg-even list-behaviour list-layout-wrapper\">\n\t\t\t\t\n<div class=\"rt-col-md-12 rt-col-sm-12 rt-col-xs-12 default rt-list-item rt-grid-item\" data-id=\"7921\">\n\t<div class=\"rt-holder tpg-post-holder \">\n\t\t<div class=\"rt-detail rt-el-content-wrapper\">\n\t\t\t\t\t\t\t<div class=\"rt-img-holder tpg-el-image-wrap has-thumbnail\">\n\t\t\t\t\t<a data-id=\"7921\" href=\"https:\/\/yazinulkesi.com.tr\/?p=7921\" class=\"tpg-post-link\" target=\"_self\">                        <img fetchpriority=\"high\" decoding=\"async\" src=\"https:\/\/yazinulkesi.com.tr\/wp-content\/uploads\/2026\/04\/husrev_hatemi_2-417x340.jpg\"\n                             class=\"rt-img-responsive\"\n                             width=\"417\"\n                             height=\"340\"\n                             alt=\"Prof. Dr. Hasan H\u00fcsrev Hatemi Vefat Etti\">\n\t\t\t\t\t\t\n\t\t\t\t\t\t\t\n\t\t<\/a>\n\t\t        <div class=\"overlay grid-hover-content\"><\/div>\n\t\t\t\t\t\t<\/div>\n\t\t\t\n\t\t\t<div class=\"post-right-content\">\n\t\t\t\t<div class=\"entry-title-wrapper\"><h3 class=\"entry-title\"><a data-id=\"7921\" href=\"https:\/\/yazinulkesi.com.tr\/?p=7921\" class=\"tpg-post-link\" target=\"_self\">Prof. Dr. Hasan H\u00fcsrev Hatemi Vefat Etti<\/a><\/h3><\/div>\n\t\t\t\t\n\t\t\t\t\t\t\t\t\t<div class=\"tpg-excerpt tpg-el-excerpt\">\n\t\t\t\t\t\t\t\t\t\t\t\t\t<div class=\"tpg-excerpt-inner\">\n\t\t\t\t\t\t\t\t\u015eair ve yazar Prof. Dr. Hasan H\u00fcsrev Hatemi vefat etti. Hatemi\u2019nin vefat\u0131, edebiyat ve d\u00fc\u015f\u00fcnce...\t\t\t\t\t\t\t<\/div>\n\t\t\t\t\t\t\t\t\t\t\t\t\t\t\t\t\t<\/div>\n\t\t\t\t\n\t\t\t\t        <div class=\"post-footer\">\n            <div class=\"post-footer\">\n                <div class=\"read-more\">\n\t\t\t\t\t<a data-id=\"7921\" href=\"https:\/\/yazinulkesi.com.tr\/?p=7921\" class=\"tpg-post-link\" target=\"_self\">Devam\u0131<\/a>                <\/div>\n            <\/div>\n        <\/div>\n\t\t\t\t\t<\/div>\n\t\t<\/div>\n\t<\/div>\n<\/div>\n\n<div class=\"rt-col-md-12 rt-col-sm-12 rt-col-xs-12 default rt-list-item rt-grid-item\" data-id=\"7895\">\n\t<div class=\"rt-holder tpg-post-holder \">\n\t\t<div class=\"rt-detail rt-el-content-wrapper\">\n\t\t\t\t\t\t\t<div class=\"rt-img-holder tpg-el-image-wrap has-thumbnail\">\n\t\t\t\t\t<a data-id=\"7895\" href=\"https:\/\/yazinulkesi.com.tr\/?p=7895\" class=\"tpg-post-link\" target=\"_self\">                        <img decoding=\"async\" src=\"https:\/\/yazinulkesi.com.tr\/wp-content\/uploads\/2026\/03\/uluslar-arasi-booker-odulu-417x340.png\"\n                             class=\"rt-img-responsive\"\n                             width=\"417\"\n                             height=\"340\"\n                             alt=\"Uluslararas\u0131 Booker \u00d6d\u00fcl\u00fc 2026 K\u0131sa Listesi Belli Oldu\">\n\t\t\t\t\t\t\n\t\t\t\t\t\t\t\n\t\t<\/a>\n\t\t        <div class=\"overlay grid-hover-content\"><\/div>\n\t\t\t\t\t\t<\/div>\n\t\t\t\n\t\t\t<div class=\"post-right-content\">\n\t\t\t\t<div class=\"entry-title-wrapper\"><h3 class=\"entry-title\"><a data-id=\"7895\" href=\"https:\/\/yazinulkesi.com.tr\/?p=7895\" class=\"tpg-post-link\" target=\"_self\">Uluslararas\u0131 Booker \u00d6d\u00fcl\u00fc 2026 K\u0131sa Listesi Belli Oldu<\/a><\/h3><\/div>\n\t\t\t\t\n\t\t\t\t\t\t\t\t\t<div class=\"tpg-excerpt tpg-el-excerpt\">\n\t\t\t\t\t\t\t\t\t\t\t\t\t<div class=\"tpg-excerpt-inner\">\n\t\t\t\t\t\t\t\tUluslararas\u0131 Booker \u00d6d\u00fcl\u00fc 2026 i\u00e7in k\u0131sa liste netle\u015fti. Kazanan, may\u0131s sonunda Londra\u2019da...\t\t\t\t\t\t\t<\/div>\n\t\t\t\t\t\t\t\t\t\t\t\t\t\t\t\t\t<\/div>\n\t\t\t\t\n\t\t\t\t        <div class=\"post-footer\">\n            <div class=\"post-footer\">\n                <div class=\"read-more\">\n\t\t\t\t\t<a data-id=\"7895\" href=\"https:\/\/yazinulkesi.com.tr\/?p=7895\" class=\"tpg-post-link\" target=\"_self\">Devam\u0131<\/a>                <\/div>\n            <\/div>\n        <\/div>\n\t\t\t\t\t<\/div>\n\t\t<\/div>\n\t<\/div>\n<\/div>\n\n<div class=\"rt-col-md-12 rt-col-sm-12 rt-col-xs-12 default rt-list-item rt-grid-item\" data-id=\"7850\">\n\t<div class=\"rt-holder tpg-post-holder \">\n\t\t<div class=\"rt-detail rt-el-content-wrapper\">\n\t\t\t\t\t\t\t<div class=\"rt-img-holder tpg-el-image-wrap has-thumbnail\">\n\t\t\t\t\t<a data-id=\"7850\" href=\"https:\/\/yazinulkesi.com.tr\/?p=7850\" class=\"tpg-post-link\" target=\"_self\">                        <img decoding=\"async\" src=\"https:\/\/yazinulkesi.com.tr\/wp-content\/uploads\/2026\/03\/berducesi-417x340.png\"\n                             class=\"rt-img-responsive\"\n                             width=\"417\"\n                             height=\"340\"\n                             alt=\"Berd\u00fccesi&#8217;nin 17. Say\u0131s\u0131 \u00c7\u0131kt\u0131\">\n\t\t\t\t\t\t\n\t\t\t\t\t\t\t\n\t\t<\/a>\n\t\t        <div class=\"overlay grid-hover-content\"><\/div>\n\t\t\t\t\t\t<\/div>\n\t\t\t\n\t\t\t<div class=\"post-right-content\">\n\t\t\t\t<div class=\"entry-title-wrapper\"><h3 class=\"entry-title\"><a data-id=\"7850\" href=\"https:\/\/yazinulkesi.com.tr\/?p=7850\" class=\"tpg-post-link\" target=\"_self\">Berd\u00fccesi&#8217;nin 17. Say\u0131s\u0131 \u00c7\u0131kt\u0131<\/a><\/h3><\/div>\n\t\t\t\t\n\t\t\t\t\t\t\t\t\t<div class=\"tpg-excerpt tpg-el-excerpt\">\n\t\t\t\t\t\t\t\t\t\t\t\t\t<div class=\"tpg-excerpt-inner\">\n\t\t\t\t\t\t\t\tK\u00fclt\u00fcr, edebiyat ve sanat alan\u0131nda yay\u0131mlanan Berd\u00fccesi dergisinin 17. say\u0131s\u0131, Bahar 2026 etiketiyle...\t\t\t\t\t\t\t<\/div>\n\t\t\t\t\t\t\t\t\t\t\t\t\t\t\t\t\t<\/div>\n\t\t\t\t\n\t\t\t\t        <div class=\"post-footer\">\n            <div class=\"post-footer\">\n                <div class=\"read-more\">\n\t\t\t\t\t<a data-id=\"7850\" href=\"https:\/\/yazinulkesi.com.tr\/?p=7850\" class=\"tpg-post-link\" target=\"_self\">Devam\u0131<\/a>                <\/div>\n            <\/div>\n        <\/div>\n\t\t\t\t\t<\/div>\n\t\t<\/div>\n\t<\/div>\n<\/div>\n\n<div class=\"rt-col-md-12 rt-col-sm-12 rt-col-xs-12 default rt-list-item rt-grid-item\" data-id=\"7813\">\n\t<div class=\"rt-holder tpg-post-holder \">\n\t\t<div class=\"rt-detail rt-el-content-wrapper\">\n\t\t\t\t\t\t\t<div class=\"rt-img-holder tpg-el-image-wrap has-thumbnail\">\n\t\t\t\t\t<a data-id=\"7813\" href=\"https:\/\/yazinulkesi.com.tr\/?p=7813\" class=\"tpg-post-link\" target=\"_self\">                        <img loading=\"lazy\" decoding=\"async\" src=\"https:\/\/yazinulkesi.com.tr\/wp-content\/uploads\/2026\/03\/izmir-polisiye-417x340.png\"\n                             class=\"rt-img-responsive\"\n                             width=\"417\"\n                             height=\"340\"\n                             alt=\"2. \u0130zmir Polisiye \u015eenli\u011fi Tarihi Belli Oldu\">\n\t\t\t\t\t\t\n\t\t\t\t\t\t\t\n\t\t<\/a>\n\t\t        <div class=\"overlay grid-hover-content\"><\/div>\n\t\t\t\t\t\t<\/div>\n\t\t\t\n\t\t\t<div class=\"post-right-content\">\n\t\t\t\t<div class=\"entry-title-wrapper\"><h3 class=\"entry-title\"><a data-id=\"7813\" href=\"https:\/\/yazinulkesi.com.tr\/?p=7813\" class=\"tpg-post-link\" target=\"_self\">2. \u0130zmir Polisiye \u015eenli\u011fi Tarihi Belli Oldu<\/a><\/h3><\/div>\n\t\t\t\t\n\t\t\t\t\t\t\t\t\t<div class=\"tpg-excerpt tpg-el-excerpt\">\n\t\t\t\t\t\t\t\t\t\t\t\t\t<div class=\"tpg-excerpt-inner\">\n\t\t\t\t\t\t\t\t\u0130zmir Polisiye \u015eenli\u011fi 11 Nisan\u2019da okurlarla bulu\u015fuyor. Polisiye edebiyat\u0131n izini s\u00fcrenler, 11...\t\t\t\t\t\t\t<\/div>\n\t\t\t\t\t\t\t\t\t\t\t\t\t\t\t\t\t<\/div>\n\t\t\t\t\n\t\t\t\t        <div class=\"post-footer\">\n            <div class=\"post-footer\">\n                <div class=\"read-more\">\n\t\t\t\t\t<a data-id=\"7813\" href=\"https:\/\/yazinulkesi.com.tr\/?p=7813\" class=\"tpg-post-link\" target=\"_self\">Devam\u0131<\/a>                <\/div>\n            <\/div>\n        <\/div>\n\t\t\t\t\t<\/div>\n\t\t<\/div>\n\t<\/div>\n<\/div>\n\n<div class=\"rt-col-md-12 rt-col-sm-12 rt-col-xs-12 default rt-list-item rt-grid-item\" data-id=\"7795\">\n\t<div class=\"rt-holder tpg-post-holder \">\n\t\t<div class=\"rt-detail rt-el-content-wrapper\">\n\t\t\t\t\t\t\t<div class=\"rt-img-holder tpg-el-image-wrap has-thumbnail\">\n\t\t\t\t\t<a data-id=\"7795\" href=\"https:\/\/yazinulkesi.com.tr\/?p=7795\" class=\"tpg-post-link\" target=\"_self\">                        <img loading=\"lazy\" decoding=\"async\" src=\"https:\/\/yazinulkesi.com.tr\/wp-content\/uploads\/2026\/03\/ali-riza-ertan-417x340.png\"\n                             class=\"rt-img-responsive\"\n                             width=\"417\"\n                             height=\"340\"\n                             alt=\"Ali R\u0131za Ertan \u015eiir \u00d6d\u00fclleri Ba\u015fvurular\u0131 Ba\u015flad\u0131\">\n\t\t\t\t\t\t\n\t\t\t\t\t\t\t\n\t\t<\/a>\n\t\t        <div class=\"overlay grid-hover-content\"><\/div>\n\t\t\t\t\t\t<\/div>\n\t\t\t\n\t\t\t<div class=\"post-right-content\">\n\t\t\t\t<div class=\"entry-title-wrapper\"><h3 class=\"entry-title\"><a data-id=\"7795\" href=\"https:\/\/yazinulkesi.com.tr\/?p=7795\" class=\"tpg-post-link\" target=\"_self\">Ali R\u0131za Ertan \u015eiir \u00d6d\u00fclleri Ba\u015fvurular\u0131 Ba\u015flad\u0131<\/a><\/h3><\/div>\n\t\t\t\t\n\t\t\t\t\t\t\t\t\t<div class=\"tpg-excerpt tpg-el-excerpt\">\n\t\t\t\t\t\t\t\t\t\t\t\t\t<div class=\"tpg-excerpt-inner\">\n\t\t\t\t\t\t\t\tBu seneki Ali R\u0131za Ertan \u015eiir \u00d6d\u00fclleri ba\u015fvurular\u0131 ba\u015flad\u0131. Yar\u0131\u015fma \u015fartnamesi: 1\u2013 \u00d6d\u00fcle, 1991 y\u0131l\u0131...\t\t\t\t\t\t\t<\/div>\n\t\t\t\t\t\t\t\t\t\t\t\t\t\t\t\t\t<\/div>\n\t\t\t\t\n\t\t\t\t        <div class=\"post-footer\">\n            <div class=\"post-footer\">\n                <div class=\"read-more\">\n\t\t\t\t\t<a data-id=\"7795\" href=\"https:\/\/yazinulkesi.com.tr\/?p=7795\" class=\"tpg-post-link\" target=\"_self\">Devam\u0131<\/a>                <\/div>\n            <\/div>\n        <\/div>\n\t\t\t\t\t<\/div>\n\t\t<\/div>\n\t<\/div>\n<\/div>\n\n<div class=\"rt-col-md-12 rt-col-sm-12 rt-col-xs-12 default rt-list-item rt-grid-item\" data-id=\"7745\">\n\t<div class=\"rt-holder tpg-post-holder \">\n\t\t<div class=\"rt-detail rt-el-content-wrapper\">\n\t\t\t\t\t\t\t<div class=\"rt-img-holder tpg-el-image-wrap has-thumbnail\">\n\t\t\t\t\t<a data-id=\"7745\" href=\"https:\/\/yazinulkesi.com.tr\/?p=7745\" class=\"tpg-post-link\" target=\"_self\">                        <img loading=\"lazy\" decoding=\"async\" src=\"https:\/\/yazinulkesi.com.tr\/wp-content\/uploads\/2026\/03\/ankara-kitap-fuari-417x340.png\"\n                             class=\"rt-img-responsive\"\n                             width=\"417\"\n                             height=\"340\"\n                             alt=\"23. Ankara Kitap Fuar\u0131 Ba\u015fl\u0131yor\">\n\t\t\t\t\t\t\n\t\t\t\t\t\t\t\n\t\t<\/a>\n\t\t        <div class=\"overlay grid-hover-content\"><\/div>\n\t\t\t\t\t\t<\/div>\n\t\t\t\n\t\t\t<div class=\"post-right-content\">\n\t\t\t\t<div class=\"entry-title-wrapper\"><h3 class=\"entry-title\"><a data-id=\"7745\" href=\"https:\/\/yazinulkesi.com.tr\/?p=7745\" class=\"tpg-post-link\" target=\"_self\">23. Ankara Kitap Fuar\u0131 Ba\u015fl\u0131yor<\/a><\/h3><\/div>\n\t\t\t\t\n\t\t\t\t\t\t\t\t\t<div class=\"tpg-excerpt tpg-el-excerpt\">\n\t\t\t\t\t\t\t\t\t\t\t\t\t<div class=\"tpg-excerpt-inner\">\n\t\t\t\t\t\t\t\tAnkara Kitap Fuar\u0131, 3 Nisan\u2019da kap\u0131lar\u0131n\u0131 a\u00e7\u0131yor. Eyl\u00fcl Fuarc\u0131l\u0131k taraf\u0131ndan d\u00fczenlenen fuar, 12...\t\t\t\t\t\t\t<\/div>\n\t\t\t\t\t\t\t\t\t\t\t\t\t\t\t\t\t<\/div>\n\t\t\t\t\n\t\t\t\t        <div class=\"post-footer\">\n            <div class=\"post-footer\">\n                <div class=\"read-more\">\n\t\t\t\t\t<a data-id=\"7745\" href=\"https:\/\/yazinulkesi.com.tr\/?p=7745\" class=\"tpg-post-link\" target=\"_self\">Devam\u0131<\/a>                <\/div>\n            <\/div>\n        <\/div>\n\t\t\t\t\t<\/div>\n\t\t<\/div>\n\t<\/div>\n<\/div>\n\n<div class=\"rt-col-md-12 rt-col-sm-12 rt-col-xs-12 default rt-list-item rt-grid-item\" data-id=\"7731\">\n\t<div class=\"rt-holder tpg-post-holder \">\n\t\t<div class=\"rt-detail rt-el-content-wrapper\">\n\t\t\t\t\t\t\t<div class=\"rt-img-holder tpg-el-image-wrap has-thumbnail\">\n\t\t\t\t\t<a data-id=\"7731\" href=\"https:\/\/yazinulkesi.com.tr\/?p=7731\" class=\"tpg-post-link\" target=\"_self\">                        <img loading=\"lazy\" decoding=\"async\" src=\"https:\/\/yazinulkesi.com.tr\/wp-content\/uploads\/2026\/03\/uluslar-araasi-yarisma-417x340.png\"\n                             class=\"rt-img-responsive\"\n                             width=\"417\"\n                             height=\"340\"\n                             alt=\"23. Uluslararas\u0131 Ankara \u00d6yk\u00fc G\u00fcnleri Program\u0131 A\u00e7\u0131kland\u0131\">\n\t\t\t\t\t\t\n\t\t\t\t\t\t\t\n\t\t<\/a>\n\t\t        <div class=\"overlay grid-hover-content\"><\/div>\n\t\t\t\t\t\t<\/div>\n\t\t\t\n\t\t\t<div class=\"post-right-content\">\n\t\t\t\t<div class=\"entry-title-wrapper\"><h3 class=\"entry-title\"><a data-id=\"7731\" href=\"https:\/\/yazinulkesi.com.tr\/?p=7731\" class=\"tpg-post-link\" target=\"_self\">23. Uluslararas\u0131 Ankara \u00d6yk\u00fc G\u00fcnleri Program\u0131 A\u00e7\u0131kland\u0131<\/a><\/h3><\/div>\n\t\t\t\t\n\t\t\t\t\t\t\t\t\t<div class=\"tpg-excerpt tpg-el-excerpt\">\n\t\t\t\t\t\t\t\t\t\t\t\t\t<div class=\"tpg-excerpt-inner\">\n\t\t\t\t\t\t\t\t2\u201310 Nisan tarihleri aras\u0131nda d\u00fczenlenecek 23. Uluslararas\u0131 Ankara \u00d6yk\u00fc G\u00fcnleri\u2019nin program\u0131 belli...\t\t\t\t\t\t\t<\/div>\n\t\t\t\t\t\t\t\t\t\t\t\t\t\t\t\t\t<\/div>\n\t\t\t\t\n\t\t\t\t        <div class=\"post-footer\">\n            <div class=\"post-footer\">\n                <div class=\"read-more\">\n\t\t\t\t\t<a data-id=\"7731\" href=\"https:\/\/yazinulkesi.com.tr\/?p=7731\" class=\"tpg-post-link\" target=\"_self\">Devam\u0131<\/a>                <\/div>\n            <\/div>\n        <\/div>\n\t\t\t\t\t<\/div>\n\t\t<\/div>\n\t<\/div>\n<\/div>\n\n<div class=\"rt-col-md-12 rt-col-sm-12 rt-col-xs-12 default rt-list-item rt-grid-item\" data-id=\"7718\">\n\t<div class=\"rt-holder tpg-post-holder \">\n\t\t<div class=\"rt-detail rt-el-content-wrapper\">\n\t\t\t\t\t\t\t<div class=\"rt-img-holder tpg-el-image-wrap has-thumbnail\">\n\t\t\t\t\t<a data-id=\"7718\" href=\"https:\/\/yazinulkesi.com.tr\/?p=7718\" class=\"tpg-post-link\" target=\"_self\">                        <img loading=\"lazy\" decoding=\"async\" src=\"https:\/\/yazinulkesi.com.tr\/wp-content\/uploads\/2026\/03\/ahmet-umit-417x340.png\"\n                             class=\"rt-img-responsive\"\n                             width=\"417\"\n                             height=\"340\"\n                             alt=\"Ahmet \u00dcmit&#8217;in \u0130stanbul Hat\u0131ras\u0131 Kitab\u0131 Dizi Oluyor\">\n\t\t\t\t\t\t\n\t\t\t\t\t\t\t\n\t\t<\/a>\n\t\t        <div class=\"overlay grid-hover-content\"><\/div>\n\t\t\t\t\t\t<\/div>\n\t\t\t\n\t\t\t<div class=\"post-right-content\">\n\t\t\t\t<div class=\"entry-title-wrapper\"><h3 class=\"entry-title\"><a data-id=\"7718\" href=\"https:\/\/yazinulkesi.com.tr\/?p=7718\" class=\"tpg-post-link\" target=\"_self\">Ahmet \u00dcmit&#8217;in \u0130stanbul Hat\u0131ras\u0131 Kitab\u0131 Dizi Oluyor<\/a><\/h3><\/div>\n\t\t\t\t\n\t\t\t\t\t\t\t\t\t<div class=\"tpg-excerpt tpg-el-excerpt\">\n\t\t\t\t\t\t\t\t\t\t\t\t\t<div class=\"tpg-excerpt-inner\">\n\t\t\t\t\t\t\t\tAhmet \u00dcmit\u2019in \u00e7ok satan ve be\u011fenilen polisiye roman\u0131 \u0130stanbul Hat\u0131ras\u0131 dizi olacak. Dizinin...\t\t\t\t\t\t\t<\/div>\n\t\t\t\t\t\t\t\t\t\t\t\t\t\t\t\t\t<\/div>\n\t\t\t\t\n\t\t\t\t        <div class=\"post-footer\">\n            <div class=\"post-footer\">\n                <div class=\"read-more\">\n\t\t\t\t\t<a data-id=\"7718\" href=\"https:\/\/yazinulkesi.com.tr\/?p=7718\" class=\"tpg-post-link\" target=\"_self\">Devam\u0131<\/a>                <\/div>\n            <\/div>\n        <\/div>\n\t\t\t\t\t<\/div>\n\t\t<\/div>\n\t<\/div>\n<\/div>\n\n<div class=\"rt-col-md-12 rt-col-sm-12 rt-col-xs-12 default rt-list-item rt-grid-item\" data-id=\"7715\">\n\t<div class=\"rt-holder tpg-post-holder \">\n\t\t<div class=\"rt-detail rt-el-content-wrapper\">\n\t\t\t\t\t\t\t<div class=\"rt-img-holder tpg-el-image-wrap has-thumbnail\">\n\t\t\t\t\t<a data-id=\"7715\" href=\"https:\/\/yazinulkesi.com.tr\/?p=7715\" class=\"tpg-post-link\" target=\"_self\">                        <img loading=\"lazy\" decoding=\"async\" src=\"https:\/\/yazinulkesi.com.tr\/wp-content\/uploads\/2026\/03\/sennur-sezer-417x340.png\"\n                             class=\"rt-img-responsive\"\n                             width=\"417\"\n                             height=\"340\"\n                             alt=\"Sennur Sezer \u015eiir \u00d6d\u00fcl\u00fc Ba\u015fvurular\u0131 Ba\u015fl\u0131yor\">\n\t\t\t\t\t\t\n\t\t\t\t\t\t\t\n\t\t<\/a>\n\t\t        <div class=\"overlay grid-hover-content\"><\/div>\n\t\t\t\t\t\t<\/div>\n\t\t\t\n\t\t\t<div class=\"post-right-content\">\n\t\t\t\t<div class=\"entry-title-wrapper\"><h3 class=\"entry-title\"><a data-id=\"7715\" href=\"https:\/\/yazinulkesi.com.tr\/?p=7715\" class=\"tpg-post-link\" target=\"_self\">Sennur Sezer \u015eiir \u00d6d\u00fcl\u00fc Ba\u015fvurular\u0131 Ba\u015fl\u0131yor<\/a><\/h3><\/div>\n\t\t\t\t\n\t\t\t\t\t\t\t\t\t<div class=\"tpg-excerpt tpg-el-excerpt\">\n\t\t\t\t\t\t\t\t\t\t\t\t\t<div class=\"tpg-excerpt-inner\">\n\t\t\t\t\t\t\t\tNil\u00fcfer Belediyesi\u2019nin her y\u0131l bir yazar onuruna ger\u00e7ekle\u015ftirdi\u011fi \u201cY\u0131l\u0131n Yazar\u0131\u201d etkinlikleri, bu...\t\t\t\t\t\t\t<\/div>\n\t\t\t\t\t\t\t\t\t\t\t\t\t\t\t\t\t<\/div>\n\t\t\t\t\n\t\t\t\t        <div class=\"post-footer\">\n            <div class=\"post-footer\">\n                <div class=\"read-more\">\n\t\t\t\t\t<a data-id=\"7715\" href=\"https:\/\/yazinulkesi.com.tr\/?p=7715\" class=\"tpg-post-link\" target=\"_self\">Devam\u0131<\/a>                <\/div>\n            <\/div>\n        <\/div>\n\t\t\t\t\t<\/div>\n\t\t<\/div>\n\t<\/div>\n<\/div>\n            <\/div>\n\n\t\t\t\n        <\/div>\n\t\t\t\t\t\t<\/div>\n\t\t\t\t<\/div>\n\t\t\t\t\t<\/div>\n\t\t\t\t<\/div>\n\t\t\t\t<\/div>\n\t\t","protected":false},"excerpt":{"rendered":"<div class=\"tmnf_excerpt\"><p>81. Yunus Nadi \u00d6d\u00fclleri Yar\u0131\u015fmas\u0131 Ba\u015flad\u0131 2026 Yunus Nadi \u00d6d\u00fclleri Edebiyat Ana Dal\u0131\u2019nda \u00f6yk\u00fc, roman, \u015fiir; G\u00f6rsel Sanatlar Dal\u0131\u2019nda&#8230; Devam\u0131 DO\u011eAN \u00c7OCUK \u00d6YK\u00dc YARI\u015eMASI BA\u015eLIYOR Do\u011fan \u00c7ocuk \u00d6yk\u00fc Yar\u0131\u015fmas\u0131 ba\u015fl\u0131yor. Gen\u00e7 yazar adaylar\u0131, istedikleri herhangi bir konuda&#8230; Devam\u0131 2026 Uluslararas\u0131 Edebiyatist Kristal Kalem \u00d6yk\u00fc \u00d6d\u00fclleri ba\u015fvurular\u0131 ba\u015flad\u0131 \u015eARTNAME T\u00fcrkiye Ba\u015fvuru Adresi: Edebiyatist Yay\u0131nevi Cumhuriyet Mah. &hellip;<\/p>\n<\/div>","protected":false},"author":1,"featured_media":0,"parent":0,"menu_order":0,"comment_status":"closed","ping_status":"closed","template":"template-fullwidth.php","meta":{"_eb_attr":"","footnotes":""},"class_list":["post-6898","page","type-page","status-publish","hentry"],"rttpg_featured_image_url":null,"rttpg_author":{"display_name":"marascol.adm21@gmail.com","author_link":"https:\/\/yazinulkesi.com.tr\/author\/marascol-adm21gmail-com"},"rttpg_comment":0,"rttpg_category":"","rttpg_excerpt":"81. Yunus Nadi \u00d6d\u00fclleri Yar\u0131\u015fmas\u0131 Ba\u015flad\u0131 2026 Yunus Nadi \u00d6d\u00fclleri Edebiyat Ana Dal\u0131\u2019nda \u00f6yk\u00fc, roman, \u015fiir; G\u00f6rsel Sanatlar Dal\u0131\u2019nda&#8230; Devam\u0131 DO\u011eAN \u00c7OCUK \u00d6YK\u00dc YARI\u015eMASI BA\u015eLIYOR Do\u011fan \u00c7ocuk \u00d6yk\u00fc Yar\u0131\u015fmas\u0131 ba\u015fl\u0131yor. Gen\u00e7 yazar adaylar\u0131, istedikleri herhangi bir konuda&#8230; Devam\u0131 2026 Uluslararas\u0131 Edebiyatist Kristal Kalem \u00d6yk\u00fc \u00d6d\u00fclleri ba\u015fvurular\u0131 ba\u015flad\u0131 \u015eARTNAME T\u00fcrkiye Ba\u015fvuru Adresi: Edebiyatist Yay\u0131nevi Cumhuriyet Mah.&hellip;","_links":{"self":[{"href":"https:\/\/yazinulkesi.com.tr\/index.php?rest_route=\/wp\/v2\/pages\/6898","targetHints":{"allow":["GET"]}}],"collection":[{"href":"https:\/\/yazinulkesi.com.tr\/index.php?rest_route=\/wp\/v2\/pages"}],"about":[{"href":"https:\/\/yazinulkesi.com.tr\/index.php?rest_route=\/wp\/v2\/types\/page"}],"author":[{"embeddable":true,"href":"https:\/\/yazinulkesi.com.tr\/index.php?rest_route=\/wp\/v2\/users\/1"}],"replies":[{"embeddable":true,"href":"https:\/\/yazinulkesi.com.tr\/index.php?rest_route=%2Fwp%2Fv2%2Fcomments&post=6898"}],"version-history":[{"count":10,"href":"https:\/\/yazinulkesi.com.tr\/index.php?rest_route=\/wp\/v2\/pages\/6898\/revisions"}],"predecessor-version":[{"id":7536,"href":"https:\/\/yazinulkesi.com.tr\/index.php?rest_route=\/wp\/v2\/pages\/6898\/revisions\/7536"}],"wp:attachment":[{"href":"https:\/\/yazinulkesi.com.tr\/index.php?rest_route=%2Fwp%2Fv2%2Fmedia&parent=6898"}],"curies":[{"name":"wp","href":"https:\/\/api.w.org\/{rel}","templated":true}]}}