{"id":6873,"date":"2026-03-07T15:07:48","date_gmt":"2026-03-07T15:07:48","guid":{"rendered":"https:\/\/yazinulkesi.com.tr\/?page_id=6873"},"modified":"2026-03-16T14:26:09","modified_gmt":"2026-03-16T10:56:09","slug":"ceviri","status":"publish","type":"page","link":"https:\/\/yazinulkesi.com.tr\/?page_id=6873","title":{"rendered":"\u00c7eviri"},"content":{"rendered":"\t\t<div data-elementor-type=\"wp-page\" data-elementor-id=\"6873\" class=\"elementor elementor-6873\">\n\t\t\t\t<div class=\"elementor-element elementor-element-415eb14 e-flex e-con-boxed e-con e-parent\" data-id=\"415eb14\" data-element_type=\"container\" data-e-type=\"container\">\n\t\t\t\t\t<div class=\"e-con-inner\">\n\t\t\t\t<div class=\"elementor-element elementor-element-93135e7 section-title-style-default title_position_default title_hover_border_default title-default img_hover_animation_default readmore-btn-default-style grid-hover-overlay-type-always tpg-el-box-border-enable tpg-border-bottom-disable elementor-widget elementor-widget-tpg-list-layout\" data-id=\"93135e7\" data-element_type=\"widget\" data-e-type=\"widget\" data-widget_type=\"tpg-list-layout.default\">\n\t\t\t\t<div class=\"elementor-widget-container\">\n\t\t\t\t\t\n        <div class=\"rt-container-fluid rt-tpg-container tpg-el-main-wrapper list-layout1-main \"\n             data-sc-id=\"elementor\"\n             id=\"rt-tpg-container-2223707975\"\n             data-layout=\"list-layout1\"\n             data-grid-style=\"tpg-even\"\n             data-el-settings=''\n             data-el-query=''\n             data-el-path=''\n        >\n\t\t\t            <div class='tpg-header-wrapper '>\n\t\t\t\t\n        <div class=\"tpg-widget-heading-wrapper rt-clear heading-default \">\n            <span class=\"tpg-widget-heading-line line-left\"><\/span>\n\t\t\t<h2 class='tpg-widget-heading'>\n\t\t\t\n\t\t\t\t                    <span>\n\t\t\t\t\t\t\t\t\t\t\t<\/span>\n\t\t\t\t\t\n\t\t\t\t\t\t\t<\/h2>            <span class=\"tpg-widget-heading-line line-right\"><\/span>\n\n\t\t\t\n        <\/div>\n\n\t\t\n\t\t            <\/div>\n\n            <div data-title=\"Loading ...\" class=\"rt-row rt-content-loader list-layout1 tpg-even list-behaviour list-layout-wrapper\">\n\t\t\t\t\n<div class=\"rt-col-md-12 rt-col-sm-12 rt-col-xs-12 default rt-list-item rt-grid-item\" data-id=\"7940\">\n\t<div class=\"rt-holder tpg-post-holder \">\n\t\t<div class=\"rt-detail rt-el-content-wrapper\">\n\t\t\t\t\t\t\t<div class=\"rt-img-holder tpg-el-image-wrap has-thumbnail\">\n\t\t\t\t\t<a data-id=\"7940\" href=\"https:\/\/yazinulkesi.com.tr\/?p=7940\" class=\"tpg-post-link\" target=\"_self\">                        <img fetchpriority=\"high\" decoding=\"async\" src=\"https:\/\/yazinulkesi.com.tr\/wp-content\/uploads\/2026\/04\/jean-louis-fournier-417x340.jpg\"\n                             class=\"rt-img-responsive\"\n                             width=\"417\"\n                             height=\"340\"\n                             alt=\"Jean-Louis Fournier-Bekleme Salonlar\u0131\">\n\t\t\t\t\t\t\n\t\t\t\t\t\t\t\n\t\t<\/a>\n\t\t        <div class=\"overlay grid-hover-content\"><\/div>\n\t\t\t\t\t\t<\/div>\n\t\t\t\n\t\t\t<div class=\"post-right-content\">\n\t\t\t\t<div class=\"entry-title-wrapper\"><h3 class=\"entry-title\"><a data-id=\"7940\" href=\"https:\/\/yazinulkesi.com.tr\/?p=7940\" class=\"tpg-post-link\" target=\"_self\">Jean-Louis Fournier-Bekleme Salonlar\u0131<\/a><\/h3><\/div>\n\t\t\t\t\n\t\t\t\t\t\t\t\t\t<div class=\"tpg-excerpt tpg-el-excerpt\">\n\t\t\t\t\t\t\t\t\t\t\t\t\t<div class=\"tpg-excerpt-inner\">\n\t\t\t\t\t\t\t\tBeklemek \u00e7o\u011fu zaman edilgen bir eylem gibi g\u00f6r\u00fcn\u00fcr; oysa insan\u0131n en yo\u011fun, en tedirgin, en \u00e7\u0131plak...\t\t\t\t\t\t\t<\/div>\n\t\t\t\t\t\t\t\t\t\t\t\t\t\t\t\t\t<\/div>\n\t\t\t\t\n\t\t\t\t        <div class=\"post-footer\">\n            <div class=\"post-footer\">\n                <div class=\"read-more\">\n\t\t\t\t\t<a data-id=\"7940\" href=\"https:\/\/yazinulkesi.com.tr\/?p=7940\" class=\"tpg-post-link\" target=\"_self\">Devam\u0131<\/a>                <\/div>\n            <\/div>\n        <\/div>\n\t\t\t\t\t<\/div>\n\t\t<\/div>\n\t<\/div>\n<\/div>\n\n<div class=\"rt-col-md-12 rt-col-sm-12 rt-col-xs-12 default rt-list-item rt-grid-item\" data-id=\"7864\">\n\t<div class=\"rt-holder tpg-post-holder \">\n\t\t<div class=\"rt-detail rt-el-content-wrapper\">\n\t\t\t\t\t\t\t<div class=\"rt-img-holder tpg-el-image-wrap has-thumbnail\">\n\t\t\t\t\t<a data-id=\"7864\" href=\"https:\/\/yazinulkesi.com.tr\/?p=7864\" class=\"tpg-post-link\" target=\"_self\">                        <img decoding=\"async\" src=\"https:\/\/yazinulkesi.com.tr\/wp-content\/uploads\/2026\/03\/Paul-Verlaine-417x340.png\"\n                             class=\"rt-img-responsive\"\n                             width=\"417\"\n                             height=\"340\"\n                             alt=\"Paul Verlaine&#8217;den Bir Manifesto: &#8220;\u015eiir Sanat\u0131&#8221;\">\n\t\t\t\t\t\t\n\t\t\t\t\t\t\t\n\t\t<\/a>\n\t\t        <div class=\"overlay grid-hover-content\"><\/div>\n\t\t\t\t\t\t<\/div>\n\t\t\t\n\t\t\t<div class=\"post-right-content\">\n\t\t\t\t<div class=\"entry-title-wrapper\"><h3 class=\"entry-title\"><a data-id=\"7864\" href=\"https:\/\/yazinulkesi.com.tr\/?p=7864\" class=\"tpg-post-link\" target=\"_self\">Paul Verlaine&#8217;den Bir Manifesto: &#8220;\u015eiir Sanat\u0131&#8221;<\/a><\/h3><\/div>\n\t\t\t\t\n\t\t\t\t\t\t\t\t\t<div class=\"tpg-excerpt tpg-el-excerpt\">\n\t\t\t\t\t\t\t\t\t\t\t\t\t<div class=\"tpg-excerpt-inner\">\n\t\t\t\t\t\t\t\tBu manifesto-\u015fiir 1882&#8217;de yay\u0131nland\u0131ktan sonra sembolizmin bir manfiestosu kabul edilir. \u0130lk...\t\t\t\t\t\t\t<\/div>\n\t\t\t\t\t\t\t\t\t\t\t\t\t\t\t\t\t<\/div>\n\t\t\t\t\n\t\t\t\t        <div class=\"post-footer\">\n            <div class=\"post-footer\">\n                <div class=\"read-more\">\n\t\t\t\t\t<a data-id=\"7864\" href=\"https:\/\/yazinulkesi.com.tr\/?p=7864\" class=\"tpg-post-link\" target=\"_self\">Devam\u0131<\/a>                <\/div>\n            <\/div>\n        <\/div>\n\t\t\t\t\t<\/div>\n\t\t<\/div>\n\t<\/div>\n<\/div>\n\n<div class=\"rt-col-md-12 rt-col-sm-12 rt-col-xs-12 default rt-list-item rt-grid-item\" data-id=\"7780\">\n\t<div class=\"rt-holder tpg-post-holder \">\n\t\t<div class=\"rt-detail rt-el-content-wrapper\">\n\t\t\t\t\t\t\t<div class=\"rt-img-holder tpg-el-image-wrap has-thumbnail\">\n\t\t\t\t\t<a data-id=\"7780\" href=\"https:\/\/yazinulkesi.com.tr\/?p=7780\" class=\"tpg-post-link\" target=\"_self\">                        <img decoding=\"async\" src=\"https:\/\/yazinulkesi.com.tr\/wp-content\/uploads\/2026\/03\/cortazar-417x340.png\"\n                             class=\"rt-img-responsive\"\n                             width=\"417\"\n                             height=\"340\"\n                             alt=\"Cortazar&#8217;dan Edebiyat Dersleri\">\n\t\t\t\t\t\t\n\t\t\t\t\t\t\t\n\t\t<\/a>\n\t\t        <div class=\"overlay grid-hover-content\"><\/div>\n\t\t\t\t\t\t<\/div>\n\t\t\t\n\t\t\t<div class=\"post-right-content\">\n\t\t\t\t<div class=\"entry-title-wrapper\"><h3 class=\"entry-title\"><a data-id=\"7780\" href=\"https:\/\/yazinulkesi.com.tr\/?p=7780\" class=\"tpg-post-link\" target=\"_self\">Cortazar&#8217;dan Edebiyat Dersleri<\/a><\/h3><\/div>\n\t\t\t\t\n\t\t\t\t\t\t\t\t\t<div class=\"tpg-excerpt tpg-el-excerpt\">\n\t\t\t\t\t\t\t\t\t\t\t\t\t<div class=\"tpg-excerpt-inner\">\n\t\t\t\t\t\t\t\t\u00d6\u011eRENC\u0130: Yazarken belli bir okur t\u00fcr\u00fcn\u00fc hedefliyor olmal\u0131s\u0131n\u0131z. \u0130kinci soru, bu konuda ba\u015far\u0131l\u0131 olup...\t\t\t\t\t\t\t<\/div>\n\t\t\t\t\t\t\t\t\t\t\t\t\t\t\t\t\t<\/div>\n\t\t\t\t\n\t\t\t\t        <div class=\"post-footer\">\n            <div class=\"post-footer\">\n                <div class=\"read-more\">\n\t\t\t\t\t<a data-id=\"7780\" href=\"https:\/\/yazinulkesi.com.tr\/?p=7780\" class=\"tpg-post-link\" target=\"_self\">Devam\u0131<\/a>                <\/div>\n            <\/div>\n        <\/div>\n\t\t\t\t\t<\/div>\n\t\t<\/div>\n\t<\/div>\n<\/div>\n\n<div class=\"rt-col-md-12 rt-col-sm-12 rt-col-xs-12 default rt-list-item rt-grid-item\" data-id=\"7742\">\n\t<div class=\"rt-holder tpg-post-holder \">\n\t\t<div class=\"rt-detail rt-el-content-wrapper\">\n\t\t\t\t\t\t\t<div class=\"rt-img-holder tpg-el-image-wrap has-thumbnail\">\n\t\t\t\t\t<a data-id=\"7742\" href=\"https:\/\/yazinulkesi.com.tr\/?p=7742\" class=\"tpg-post-link\" target=\"_self\">                        <img loading=\"lazy\" decoding=\"async\" src=\"https:\/\/yazinulkesi.com.tr\/wp-content\/uploads\/2026\/03\/gorme-bicimleri-417x340.png\"\n                             class=\"rt-img-responsive\"\n                             width=\"417\"\n                             height=\"340\"\n                             alt=\"G\u00f6rme Bi\u00e7imleri\">\n\t\t\t\t\t\t\n\t\t\t\t\t\t\t\n\t\t<\/a>\n\t\t        <div class=\"overlay grid-hover-content\"><\/div>\n\t\t\t\t\t\t<\/div>\n\t\t\t\n\t\t\t<div class=\"post-right-content\">\n\t\t\t\t<div class=\"entry-title-wrapper\"><h3 class=\"entry-title\"><a data-id=\"7742\" href=\"https:\/\/yazinulkesi.com.tr\/?p=7742\" class=\"tpg-post-link\" target=\"_self\">G\u00f6rme Bi\u00e7imleri<\/a><\/h3><\/div>\n\t\t\t\t\n\t\t\t\t\t\t\t\t\t<div class=\"tpg-excerpt tpg-el-excerpt\">\n\t\t\t\t\t\t\t\t\t\t\t\t\t<div class=\"tpg-excerpt-inner\">\n\t\t\t\t\t\t\t\tResim sanat\u0131, g\u00f6rmek \u00fczerine kurulmu\u015ftur. Bakmak ile g\u00f6rmenin aras\u0131ndaki farktan \u00e7ok d\u00fc\u015f\u00fcn\u00fcr...\t\t\t\t\t\t\t<\/div>\n\t\t\t\t\t\t\t\t\t\t\t\t\t\t\t\t\t<\/div>\n\t\t\t\t\n\t\t\t\t        <div class=\"post-footer\">\n            <div class=\"post-footer\">\n                <div class=\"read-more\">\n\t\t\t\t\t<a data-id=\"7742\" href=\"https:\/\/yazinulkesi.com.tr\/?p=7742\" class=\"tpg-post-link\" target=\"_self\">Devam\u0131<\/a>                <\/div>\n            <\/div>\n        <\/div>\n\t\t\t\t\t<\/div>\n\t\t<\/div>\n\t<\/div>\n<\/div>\n\n<div class=\"rt-col-md-12 rt-col-sm-12 rt-col-xs-12 default rt-list-item rt-grid-item\" data-id=\"7376\">\n\t<div class=\"rt-holder tpg-post-holder \">\n\t\t<div class=\"rt-detail rt-el-content-wrapper\">\n\t\t\t\t\t\t\t<div class=\"rt-img-holder tpg-el-image-wrap has-thumbnail\">\n\t\t\t\t\t<a data-id=\"7376\" href=\"https:\/\/yazinulkesi.com.tr\/?p=7376\" class=\"tpg-post-link\" target=\"_self\">                        <img loading=\"lazy\" decoding=\"async\" src=\"https:\/\/yazinulkesi.com.tr\/wp-content\/uploads\/2026\/03\/OYKU--417x340.png\"\n                             class=\"rt-img-responsive\"\n                             width=\"417\"\n                             height=\"340\"\n                             alt=\"Galeano&#8217;dan \u0130ki \u00d6yk\u00fc\">\n\t\t\t\t\t\t\n\t\t\t\t\t\t\t\n\t\t<\/a>\n\t\t        <div class=\"overlay grid-hover-content\"><\/div>\n\t\t\t\t\t\t<\/div>\n\t\t\t\n\t\t\t<div class=\"post-right-content\">\n\t\t\t\t<div class=\"entry-title-wrapper\"><h3 class=\"entry-title\"><a data-id=\"7376\" href=\"https:\/\/yazinulkesi.com.tr\/?p=7376\" class=\"tpg-post-link\" target=\"_self\">Galeano&#8217;dan \u0130ki \u00d6yk\u00fc<\/a><\/h3><\/div>\n\t\t\t\t\n\t\t\t\t\t\t\t\t\t<div class=\"tpg-excerpt tpg-el-excerpt\">\n\t\t\t\t\t\t\t\t\t\t\t\t\t<div class=\"tpg-excerpt-inner\">\n\t\t\t\t\t\t\t\tR\u00dcZG\u00c2R Tohumlar\u0131 sa\u00e7ar, bulutlar\u0131 y\u00f6nlendirir, denize a\u00e7\u0131lm\u0131\u015flara meydan okur. Bazen temizler...\t\t\t\t\t\t\t<\/div>\n\t\t\t\t\t\t\t\t\t\t\t\t\t\t\t\t\t<\/div>\n\t\t\t\t\n\t\t\t\t        <div class=\"post-footer\">\n            <div class=\"post-footer\">\n                <div class=\"read-more\">\n\t\t\t\t\t<a data-id=\"7376\" href=\"https:\/\/yazinulkesi.com.tr\/?p=7376\" class=\"tpg-post-link\" target=\"_self\">Devam\u0131<\/a>                <\/div>\n            <\/div>\n        <\/div>\n\t\t\t\t\t<\/div>\n\t\t<\/div>\n\t<\/div>\n<\/div>\n\n<div class=\"rt-col-md-12 rt-col-sm-12 rt-col-xs-12 default rt-list-item rt-grid-item\" data-id=\"6831\">\n\t<div class=\"rt-holder tpg-post-holder \">\n\t\t<div class=\"rt-detail rt-el-content-wrapper\">\n\t\t\t\t\t\t\t<div class=\"rt-img-holder tpg-el-image-wrap has-thumbnail\">\n\t\t\t\t\t<a data-id=\"6831\" href=\"https:\/\/yazinulkesi.com.tr\/?p=6831\" class=\"tpg-post-link\" target=\"_self\">                        <img loading=\"lazy\" decoding=\"async\" src=\"https:\/\/yazinulkesi.com.tr\/wp-content\/uploads\/2026\/03\/Ceviri-2-ciddi-saat-1-417x340.png\"\n                             class=\"rt-img-responsive\"\n                             width=\"417\"\n                             height=\"340\"\n                             alt=\"Ciddi Saat\">\n\t\t\t\t\t\t\n\t\t\t\t\t\t\t\n\t\t<\/a>\n\t\t        <div class=\"overlay grid-hover-content\"><\/div>\n\t\t\t\t\t\t<\/div>\n\t\t\t\n\t\t\t<div class=\"post-right-content\">\n\t\t\t\t<div class=\"entry-title-wrapper\"><h3 class=\"entry-title\"><a data-id=\"6831\" href=\"https:\/\/yazinulkesi.com.tr\/?p=6831\" class=\"tpg-post-link\" target=\"_self\">Ciddi Saat<\/a><\/h3><\/div>\n\t\t\t\t\n\t\t\t\t\t\t\t\t\t<div class=\"tpg-excerpt tpg-el-excerpt\">\n\t\t\t\t\t\t\t\t\t\t\t\t\t<div class=\"tpg-excerpt-inner\">\n\t\t\t\t\t\t\t\t\u015eimdi d\u00fcnyada nerede biri y\u00fcr\u00fcyorsa\nSebepsiz, d\u00fcnyada, y\u00fcr\u00fcyorsa...\t\t\t\t\t\t\t<\/div>\n\t\t\t\t\t\t\t\t\t\t\t\t\t\t\t\t\t<\/div>\n\t\t\t\t\n\t\t\t\t        <div class=\"post-footer\">\n            <div class=\"post-footer\">\n                <div class=\"read-more\">\n\t\t\t\t\t<a data-id=\"6831\" href=\"https:\/\/yazinulkesi.com.tr\/?p=6831\" class=\"tpg-post-link\" target=\"_self\">Devam\u0131<\/a>                <\/div>\n            <\/div>\n        <\/div>\n\t\t\t\t\t<\/div>\n\t\t<\/div>\n\t<\/div>\n<\/div>\n\n<div class=\"rt-col-md-12 rt-col-sm-12 rt-col-xs-12 default rt-list-item rt-grid-item\" data-id=\"6829\">\n\t<div class=\"rt-holder tpg-post-holder \">\n\t\t<div class=\"rt-detail rt-el-content-wrapper\">\n\t\t\t\t\t\t\t<div class=\"rt-img-holder tpg-el-image-wrap has-thumbnail\">\n\t\t\t\t\t<a data-id=\"6829\" href=\"https:\/\/yazinulkesi.com.tr\/?p=6829\" class=\"tpg-post-link\" target=\"_self\">                        <img loading=\"lazy\" decoding=\"async\" src=\"https:\/\/yazinulkesi.com.tr\/wp-content\/uploads\/2026\/03\/Ceviri-1-iyi-adama-bir-iki-soru-417x340.png\"\n                             class=\"rt-img-responsive\"\n                             width=\"417\"\n                             height=\"340\"\n                             alt=\"\u0130yi Adama Bir \u0130ki Soru\">\n\t\t\t\t\t\t\n\t\t\t\t\t\t\t\n\t\t<\/a>\n\t\t        <div class=\"overlay grid-hover-content\"><\/div>\n\t\t\t\t\t\t<\/div>\n\t\t\t\n\t\t\t<div class=\"post-right-content\">\n\t\t\t\t<div class=\"entry-title-wrapper\"><h3 class=\"entry-title\"><a data-id=\"6829\" href=\"https:\/\/yazinulkesi.com.tr\/?p=6829\" class=\"tpg-post-link\" target=\"_self\">\u0130yi Adama Bir \u0130ki Soru<\/a><\/h3><\/div>\n\t\t\t\t\n\t\t\t\t\t\t\t\t\t<div class=\"tpg-excerpt tpg-el-excerpt\">\n\t\t\t\t\t\t\t\t\t\t\t\t\t<div class=\"tpg-excerpt-inner\">\n\t\t\t\t\t\t\t\tAnlad\u0131k iyisin,ama neden iyi?Seni kimse sat\u0131n alamaz,eve d\u00fc\u015fen y\u0131ld\u0131r\u0131msat\u0131n al\u0131n\u0131r m\u0131 ki?Anlad\u0131k...\t\t\t\t\t\t\t<\/div>\n\t\t\t\t\t\t\t\t\t\t\t\t\t\t\t\t\t<\/div>\n\t\t\t\t\n\t\t\t\t        <div class=\"post-footer\">\n            <div class=\"post-footer\">\n                <div class=\"read-more\">\n\t\t\t\t\t<a data-id=\"6829\" href=\"https:\/\/yazinulkesi.com.tr\/?p=6829\" class=\"tpg-post-link\" target=\"_self\">Devam\u0131<\/a>                <\/div>\n            <\/div>\n        <\/div>\n\t\t\t\t\t<\/div>\n\t\t<\/div>\n\t<\/div>\n<\/div>\n            <\/div>\n\n\t\t\t\n        <\/div>\n\t\t\t\t\t\t<\/div>\n\t\t\t\t<\/div>\n\t\t\t\t\t<\/div>\n\t\t\t\t<\/div>\n\t\t\t\t<\/div>\n\t\t","protected":false},"excerpt":{"rendered":"<div class=\"tmnf_excerpt\"><p>GALEANO&#8217;DAN \u0130K\u0130 \u00d6YK\u00dc R\u00dcZG\u00c2R Tohumlar\u0131 sa\u00e7ar, bulutlar\u0131 y\u00f6nlendirir, denize a\u00e7\u0131lm\u0131\u015flara meydan okur. Bazen temizler&#8230; Devam\u0131 Ciddi Saat \u015eimdi d\u00fcnyada nerede biri y\u00fcr\u00fcyorsa Sebepsiz, d\u00fcnyada, y\u00fcr\u00fcyorsa&#8230; Devam\u0131 \u0130yi Adama Bir \u0130ki Soru Anlad\u0131k iyisin,ama neden iyi?Seni kimse sat\u0131n alamaz,eve d\u00fc\u015fen y\u0131ld\u0131r\u0131msat\u0131n al\u0131n\u0131r m\u0131 ki?Anlad\u0131k&#8230; Devam\u0131<\/p>\n<\/div>","protected":false},"author":1,"featured_media":0,"parent":0,"menu_order":0,"comment_status":"closed","ping_status":"closed","template":"template-fullwidth.php","meta":{"_eb_attr":"","footnotes":""},"class_list":["post-6873","page","type-page","status-publish","hentry"],"rttpg_featured_image_url":null,"rttpg_author":{"display_name":"marascol.adm21@gmail.com","author_link":"https:\/\/yazinulkesi.com.tr\/author\/marascol-adm21gmail-com"},"rttpg_comment":0,"rttpg_category":"","rttpg_excerpt":"GALEANO&#8217;DAN \u0130K\u0130 \u00d6YK\u00dc R\u00dcZG\u00c2R Tohumlar\u0131 sa\u00e7ar, bulutlar\u0131 y\u00f6nlendirir, denize a\u00e7\u0131lm\u0131\u015flara meydan okur. Bazen temizler&#8230; Devam\u0131 Ciddi Saat \u015eimdi d\u00fcnyada nerede biri y\u00fcr\u00fcyorsa Sebepsiz, d\u00fcnyada, y\u00fcr\u00fcyorsa&#8230; Devam\u0131 \u0130yi Adama Bir \u0130ki Soru Anlad\u0131k iyisin,ama neden iyi?Seni kimse sat\u0131n alamaz,eve d\u00fc\u015fen y\u0131ld\u0131r\u0131msat\u0131n al\u0131n\u0131r m\u0131 ki?Anlad\u0131k&#8230; Devam\u0131","_links":{"self":[{"href":"https:\/\/yazinulkesi.com.tr\/index.php?rest_route=\/wp\/v2\/pages\/6873","targetHints":{"allow":["GET"]}}],"collection":[{"href":"https:\/\/yazinulkesi.com.tr\/index.php?rest_route=\/wp\/v2\/pages"}],"about":[{"href":"https:\/\/yazinulkesi.com.tr\/index.php?rest_route=\/wp\/v2\/types\/page"}],"author":[{"embeddable":true,"href":"https:\/\/yazinulkesi.com.tr\/index.php?rest_route=\/wp\/v2\/users\/1"}],"replies":[{"embeddable":true,"href":"https:\/\/yazinulkesi.com.tr\/index.php?rest_route=%2Fwp%2Fv2%2Fcomments&post=6873"}],"version-history":[{"count":10,"href":"https:\/\/yazinulkesi.com.tr\/index.php?rest_route=\/wp\/v2\/pages\/6873\/revisions"}],"predecessor-version":[{"id":7530,"href":"https:\/\/yazinulkesi.com.tr\/index.php?rest_route=\/wp\/v2\/pages\/6873\/revisions\/7530"}],"wp:attachment":[{"href":"https:\/\/yazinulkesi.com.tr\/index.php?rest_route=%2Fwp%2Fv2%2Fmedia&parent=6873"}],"curies":[{"name":"wp","href":"https:\/\/api.w.org\/{rel}","templated":true}]}}