{"id":6867,"date":"2026-03-07T15:06:40","date_gmt":"2026-03-07T15:06:40","guid":{"rendered":"https:\/\/yazinulkesi.com.tr\/?page_id=6867"},"modified":"2026-03-16T14:28:17","modified_gmt":"2026-03-16T10:58:17","slug":"sanat","status":"publish","type":"page","link":"https:\/\/yazinulkesi.com.tr\/?page_id=6867","title":{"rendered":"Sanat"},"content":{"rendered":"\t\t<div data-elementor-type=\"wp-page\" data-elementor-id=\"6867\" class=\"elementor elementor-6867\">\n\t\t\t\t<div class=\"elementor-element elementor-element-c2d98a1 e-flex e-con-boxed e-con e-parent\" data-id=\"c2d98a1\" data-element_type=\"container\" data-e-type=\"container\">\n\t\t\t\t\t<div class=\"e-con-inner\">\n\t\t\t\t<div class=\"elementor-element elementor-element-695fc45 section-title-style-default title_position_default title_hover_border_default title-default img_hover_animation_default readmore-btn-default-style grid-hover-overlay-type-always tpg-el-box-border-enable tpg-border-bottom-disable elementor-widget elementor-widget-tpg-list-layout\" data-id=\"695fc45\" data-element_type=\"widget\" data-e-type=\"widget\" data-widget_type=\"tpg-list-layout.default\">\n\t\t\t\t<div class=\"elementor-widget-container\">\n\t\t\t\t\t\n        <div class=\"rt-container-fluid rt-tpg-container tpg-el-main-wrapper list-layout1-main \"\n             data-sc-id=\"elementor\"\n             id=\"rt-tpg-container-3996719308\"\n             data-layout=\"list-layout1\"\n             data-grid-style=\"tpg-even\"\n             data-el-settings=''\n             data-el-query=''\n             data-el-path=''\n        >\n\t\t\t            <div class='tpg-header-wrapper '>\n\t\t\t\t\n        <div class=\"tpg-widget-heading-wrapper rt-clear heading-default \">\n            <span class=\"tpg-widget-heading-line line-left\"><\/span>\n\t\t\t<h2 class='tpg-widget-heading'>\n\t\t\t\n\t\t\t\t                    <span>\n\t\t\t\t\t\t\t\t\t\t\t<\/span>\n\t\t\t\t\t\n\t\t\t\t\t\t\t<\/h2>            <span class=\"tpg-widget-heading-line line-right\"><\/span>\n\n\t\t\t\n        <\/div>\n\n\t\t\n\t\t            <\/div>\n\n            <div data-title=\"Loading ...\" class=\"rt-row rt-content-loader list-layout1 tpg-even list-behaviour list-layout-wrapper\">\n\t\t\t\t\n<div class=\"rt-col-md-12 rt-col-sm-12 rt-col-xs-12 default rt-list-item rt-grid-item\" data-id=\"7634\">\n\t<div class=\"rt-holder tpg-post-holder \">\n\t\t<div class=\"rt-detail rt-el-content-wrapper\">\n\t\t\t\t\t\t\t<div class=\"rt-img-holder tpg-el-image-wrap has-thumbnail\">\n\t\t\t\t\t<a data-id=\"7634\" href=\"https:\/\/yazinulkesi.com.tr\/?p=7634\" class=\"tpg-post-link\" target=\"_self\">                        <img fetchpriority=\"high\" decoding=\"async\" src=\"https:\/\/yazinulkesi.com.tr\/wp-content\/uploads\/2026\/03\/2da6fc97337bf63c00ad2157c2444c16-768x540.jpg\"\n                             class=\"rt-img-responsive\"\n                             width=\"768\"\n                             height=\"540\"\n                             alt=\"Abidin Dino- Sanatk\u00e2rlara Mektup (Acele)\">\n\t\t\t\t\t\t\n\t\t\t\t\t\t\t\n\t\t<\/a>\n\t\t        <div class=\"overlay grid-hover-content\"><\/div>\n\t\t\t\t\t\t<\/div>\n\t\t\t\n\t\t\t<div class=\"post-right-content\">\n\t\t\t\t<div class=\"entry-title-wrapper\"><h3 class=\"entry-title\"><a data-id=\"7634\" href=\"https:\/\/yazinulkesi.com.tr\/?p=7634\" class=\"tpg-post-link\" target=\"_self\">Abidin Dino- Sanatk\u00e2rlara Mektup (Acele)<\/a><\/h3><\/div>\n\t\t\t\t\n\t\t\t\t\t\t\t\t\t<div class=\"tpg-excerpt tpg-el-excerpt\">\n\t\t\t\t\t\t\t\t\t\t\t\t\t<div class=\"tpg-excerpt-inner\">\n\t\t\t\t\t\t\t\tPek muhterem efendim, Size h\u00fcrmetimiz b\u00fcy\u00fckt\u00fcr. Kiminiz heykel yapar, kiminiz heykel kadar...\t\t\t\t\t\t\t<\/div>\n\t\t\t\t\t\t\t\t\t\t\t\t\t\t\t\t\t<\/div>\n\t\t\t\t\n\t\t\t\t        <div class=\"post-footer\">\n            <div class=\"post-footer\">\n                <div class=\"read-more\">\n\t\t\t\t\t<a data-id=\"7634\" href=\"https:\/\/yazinulkesi.com.tr\/?p=7634\" class=\"tpg-post-link\" target=\"_self\">Devam\u0131<\/a>                <\/div>\n            <\/div>\n        <\/div>\n\t\t\t\t\t<\/div>\n\t\t<\/div>\n\t<\/div>\n<\/div>\n            <\/div>\n\n\t\t\t\n        <\/div>\n\t\t\t\t\t\t<\/div>\n\t\t\t\t<\/div>\n\t\t\t\t\t<\/div>\n\t\t\t\t<\/div>\n\t\t\t\t<\/div>\n\t\t","protected":false},"excerpt":{"rendered":"<div class=\"tmnf_excerpt\"><p>EN \u00c7OK \u00c7EV\u0130R\u0130S\u0130 YAPILAN \u00dc\u00c7 K\u0130TAP D\u00fcnya \u00e7ap\u0131nda hemen her dile \u00e7evrilen, \u00fclkeden \u00fclkeye adeta dola\u015fan, her milletten, \u0131rktan&#8230; Devam\u0131 William Faulkner\u2019in Nobel Edebiyat \u00d6d\u00fcl\u00fc Konu\u015fmas\u0131 Bayanlar ve baylar, Bu \u00f6d\u00fcl\u00fcn \u015fahs\u0131ma de\u011fil, \u00e7al\u0131\u015fmalar\u0131ma verildi\u011fini d\u00fc\u015f\u00fcn\u00fcyorum \u2013 \u0131zd\u0131rap ve&#8230; Devam\u0131 Garip \u0130\u00e7in \u201cHi\u00e7bir yapt\u0131\u011f\u0131mdan pi\u015fman olmayaca\u011f\u0131m.\u201d diye bir karar vermi\u015fli\u011finiz var m\u0131d\u0131r&#8230; Devam\u0131<\/p>\n<\/div>","protected":false},"author":1,"featured_media":0,"parent":0,"menu_order":0,"comment_status":"closed","ping_status":"closed","template":"template-fullwidth.php","meta":{"_eb_attr":"","footnotes":""},"class_list":["post-6867","page","type-page","status-publish","hentry"],"rttpg_featured_image_url":null,"rttpg_author":{"display_name":"marascol.adm21@gmail.com","author_link":"https:\/\/yazinulkesi.com.tr\/author\/marascol-adm21gmail-com"},"rttpg_comment":0,"rttpg_category":"","rttpg_excerpt":"EN \u00c7OK \u00c7EV\u0130R\u0130S\u0130 YAPILAN \u00dc\u00c7 K\u0130TAP D\u00fcnya \u00e7ap\u0131nda hemen her dile \u00e7evrilen, \u00fclkeden \u00fclkeye adeta dola\u015fan, her milletten, \u0131rktan&#8230; Devam\u0131 William Faulkner\u2019in Nobel Edebiyat \u00d6d\u00fcl\u00fc Konu\u015fmas\u0131 Bayanlar ve baylar, Bu \u00f6d\u00fcl\u00fcn \u015fahs\u0131ma de\u011fil, \u00e7al\u0131\u015fmalar\u0131ma verildi\u011fini d\u00fc\u015f\u00fcn\u00fcyorum \u2013 \u0131zd\u0131rap ve&#8230; Devam\u0131 Garip \u0130\u00e7in \u201cHi\u00e7bir yapt\u0131\u011f\u0131mdan pi\u015fman olmayaca\u011f\u0131m.\u201d diye bir karar vermi\u015fli\u011finiz var m\u0131d\u0131r&#8230; Devam\u0131","_links":{"self":[{"href":"https:\/\/yazinulkesi.com.tr\/index.php?rest_route=\/wp\/v2\/pages\/6867","targetHints":{"allow":["GET"]}}],"collection":[{"href":"https:\/\/yazinulkesi.com.tr\/index.php?rest_route=\/wp\/v2\/pages"}],"about":[{"href":"https:\/\/yazinulkesi.com.tr\/index.php?rest_route=\/wp\/v2\/types\/page"}],"author":[{"embeddable":true,"href":"https:\/\/yazinulkesi.com.tr\/index.php?rest_route=\/wp\/v2\/users\/1"}],"replies":[{"embeddable":true,"href":"https:\/\/yazinulkesi.com.tr\/index.php?rest_route=%2Fwp%2Fv2%2Fcomments&post=6867"}],"version-history":[{"count":7,"href":"https:\/\/yazinulkesi.com.tr\/index.php?rest_route=\/wp\/v2\/pages\/6867\/revisions"}],"predecessor-version":[{"id":7548,"href":"https:\/\/yazinulkesi.com.tr\/index.php?rest_route=\/wp\/v2\/pages\/6867\/revisions\/7548"}],"wp:attachment":[{"href":"https:\/\/yazinulkesi.com.tr\/index.php?rest_route=%2Fwp%2Fv2%2Fmedia&parent=6867"}],"curies":[{"name":"wp","href":"https:\/\/api.w.org\/{rel}","templated":true}]}}