{"id":6861,"date":"2026-03-07T15:05:02","date_gmt":"2026-03-07T15:05:02","guid":{"rendered":"https:\/\/yazinulkesi.com.tr\/?page_id=6861"},"modified":"2026-03-16T14:29:22","modified_gmt":"2026-03-16T10:59:22","slug":"yazi-2","status":"publish","type":"page","link":"https:\/\/yazinulkesi.com.tr\/?page_id=6861","title":{"rendered":"Yaz\u0131"},"content":{"rendered":"\t\t<div data-elementor-type=\"wp-page\" data-elementor-id=\"6861\" class=\"elementor elementor-6861\">\n\t\t\t\t<div class=\"elementor-element elementor-element-8318b4f e-flex e-con-boxed e-con e-parent\" data-id=\"8318b4f\" data-element_type=\"container\" data-e-type=\"container\">\n\t\t\t\t\t<div class=\"e-con-inner\">\n\t\t\t\t<div class=\"elementor-element elementor-element-dd6e8a3 section-title-style-default title_position_default title_hover_border_default title-default img_hover_animation_default readmore-btn-default-style grid-hover-overlay-type-always tpg-el-box-border-enable tpg-border-bottom-disable elementor-widget elementor-widget-tpg-list-layout\" data-id=\"dd6e8a3\" data-element_type=\"widget\" data-e-type=\"widget\" data-widget_type=\"tpg-list-layout.default\">\n\t\t\t\t<div class=\"elementor-widget-container\">\n\t\t\t\t\t\n        <div class=\"rt-container-fluid rt-tpg-container tpg-el-main-wrapper list-layout1-main \"\n             data-sc-id=\"elementor\"\n             id=\"rt-tpg-container-111257772\"\n             data-layout=\"list-layout1\"\n             data-grid-style=\"tpg-even\"\n             data-el-settings=''\n             data-el-query=''\n             data-el-path=''\n        >\n\t\t\t            <div class='tpg-header-wrapper '>\n\t\t\t\t\n        <div class=\"tpg-widget-heading-wrapper rt-clear heading-default \">\n            <span class=\"tpg-widget-heading-line line-left\"><\/span>\n\t\t\t<h2 class='tpg-widget-heading'>\n\t\t\t\n\t\t\t\t                    <span>\n\t\t\t\t\t\t\t\t\t\t\t<\/span>\n\t\t\t\t\t\n\t\t\t\t\t\t\t<\/h2>            <span class=\"tpg-widget-heading-line line-right\"><\/span>\n\n\t\t\t\n        <\/div>\n\n\t\t\n\t\t            <\/div>\n\n            <div data-title=\"Loading ...\" class=\"rt-row rt-content-loader list-layout1 tpg-even list-behaviour list-layout-wrapper\">\n\t\t\t\t\n<div class=\"rt-col-md-12 rt-col-sm-12 rt-col-xs-12 default rt-list-item rt-grid-item\" data-id=\"7631\">\n\t<div class=\"rt-holder tpg-post-holder \">\n\t\t<div class=\"rt-detail rt-el-content-wrapper\">\n\t\t\t\t\t\t\t<div class=\"rt-img-holder tpg-el-image-wrap has-thumbnail\">\n\t\t\t\t\t<a data-id=\"7631\" href=\"https:\/\/yazinulkesi.com.tr\/?p=7631\" class=\"tpg-post-link\" target=\"_self\">                        <img fetchpriority=\"high\" decoding=\"async\" src=\"https:\/\/yazinulkesi.com.tr\/wp-content\/uploads\/2026\/03\/lev-tolstoy-768x614.png\"\n                             class=\"rt-img-responsive\"\n                             width=\"768\"\n                             height=\"614\"\n                             alt=\"Tolstoy\u2019un Notlar\u0131ndan\">\n\t\t\t\t\t\t\n\t\t\t\t\t\t\t\n\t\t<\/a>\n\t\t        <div class=\"overlay grid-hover-content\"><\/div>\n\t\t\t\t\t\t<\/div>\n\t\t\t\n\t\t\t<div class=\"post-right-content\">\n\t\t\t\t<div class=\"entry-title-wrapper\"><h3 class=\"entry-title\"><a data-id=\"7631\" href=\"https:\/\/yazinulkesi.com.tr\/?p=7631\" class=\"tpg-post-link\" target=\"_self\">Tolstoy\u2019un Notlar\u0131ndan<\/a><\/h3><\/div>\n\t\t\t\t\n\t\t\t\t\t\t\t\t\t<div class=\"tpg-excerpt tpg-el-excerpt\">\n\t\t\t\t\t\t\t\t\t\t\t\t\t<div class=\"tpg-excerpt-inner\">\n\t\t\t\t\t\t\t\tTolstoy, Dostoyevski\u2019ye nazaran s\u00fckuneti getirir akla. Dostoyevski \u00e7a\u011f\u0131ldayan bir \u015felaleyken...\t\t\t\t\t\t\t<\/div>\n\t\t\t\t\t\t\t\t\t\t\t\t\t\t\t\t\t<\/div>\n\t\t\t\t\n\t\t\t\t        <div class=\"post-footer\">\n            <div class=\"post-footer\">\n                <div class=\"read-more\">\n\t\t\t\t\t<a data-id=\"7631\" href=\"https:\/\/yazinulkesi.com.tr\/?p=7631\" class=\"tpg-post-link\" target=\"_self\">Devam\u0131<\/a>                <\/div>\n            <\/div>\n        <\/div>\n\t\t\t\t\t<\/div>\n\t\t<\/div>\n\t<\/div>\n<\/div>\n\n<div class=\"rt-col-md-12 rt-col-sm-12 rt-col-xs-12 default rt-list-item rt-grid-item\" data-id=\"7453\">\n\t<div class=\"rt-holder tpg-post-holder \">\n\t\t<div class=\"rt-detail rt-el-content-wrapper\">\n\t\t\t\t\t\t\t<div class=\"rt-img-holder tpg-el-image-wrap has-thumbnail\">\n\t\t\t\t\t<a data-id=\"7453\" href=\"https:\/\/yazinulkesi.com.tr\/?p=7453\" class=\"tpg-post-link\" target=\"_self\">                        <img decoding=\"async\" src=\"https:\/\/yazinulkesi.com.tr\/wp-content\/uploads\/2026\/03\/YAZI-768x614.png\"\n                             class=\"rt-img-responsive\"\n                             width=\"768\"\n                             height=\"614\"\n                             alt=\"Cemal S\u00fcreya- Tanp\u0131nar&#8217;\u0131n \u015eiiri\">\n\t\t\t\t\t\t\n\t\t\t\t\t\t\t\n\t\t<\/a>\n\t\t        <div class=\"overlay grid-hover-content\"><\/div>\n\t\t\t\t\t\t<\/div>\n\t\t\t\n\t\t\t<div class=\"post-right-content\">\n\t\t\t\t<div class=\"entry-title-wrapper\"><h3 class=\"entry-title\"><a data-id=\"7453\" href=\"https:\/\/yazinulkesi.com.tr\/?p=7453\" class=\"tpg-post-link\" target=\"_self\">Cemal S\u00fcreya- Tanp\u0131nar&#8217;\u0131n \u015eiiri<\/a><\/h3><\/div>\n\t\t\t\t\n\t\t\t\t\t\t\t\t\t<div class=\"tpg-excerpt tpg-el-excerpt\">\n\t\t\t\t\t\t\t\t\t\t\t\t\t<div class=\"tpg-excerpt-inner\">\n\t\t\t\t\t\t\t\tTanp\u0131nar\u2019\u0131n \u015fiiri bir yerde rahat bir simetriye dayan\u0131r. \u00d6yle ki, b\u0131\u00e7akla bu \u015fiiri ikiye b\u00f6lseniz...\t\t\t\t\t\t\t<\/div>\n\t\t\t\t\t\t\t\t\t\t\t\t\t\t\t\t\t<\/div>\n\t\t\t\t\n\t\t\t\t        <div class=\"post-footer\">\n            <div class=\"post-footer\">\n                <div class=\"read-more\">\n\t\t\t\t\t<a data-id=\"7453\" href=\"https:\/\/yazinulkesi.com.tr\/?p=7453\" class=\"tpg-post-link\" target=\"_self\">Devam\u0131<\/a>                <\/div>\n            <\/div>\n        <\/div>\n\t\t\t\t\t<\/div>\n\t\t<\/div>\n\t<\/div>\n<\/div>\n\n<div class=\"rt-col-md-12 rt-col-sm-12 rt-col-xs-12 default rt-list-item rt-grid-item\" data-id=\"7323\">\n\t<div class=\"rt-holder tpg-post-holder \">\n\t\t<div class=\"rt-detail rt-el-content-wrapper\">\n\t\t\t\t\t\t\t<div class=\"rt-img-holder tpg-el-image-wrap has-thumbnail\">\n\t\t\t\t\t<a data-id=\"7323\" href=\"https:\/\/yazinulkesi.com.tr\/?p=7323\" class=\"tpg-post-link\" target=\"_self\">                        <img decoding=\"async\" src=\"https:\/\/yazinulkesi.com.tr\/wp-content\/uploads\/2026\/03\/Nobel_Prize_Medal_in_Chemistry-scaled-1-1536x1017-1-768x509.jpg\"\n                             class=\"rt-img-responsive\"\n                             width=\"768\"\n                             height=\"509\"\n                             alt=\"William Faulkner\u2019in Nobel Edebiyat \u00d6d\u00fcl\u00fc Konu\u015fmas\u0131\">\n\t\t\t\t\t\t\n\t\t\t\t\t\t\t\n\t\t<\/a>\n\t\t        <div class=\"overlay grid-hover-content\"><\/div>\n\t\t\t\t\t\t<\/div>\n\t\t\t\n\t\t\t<div class=\"post-right-content\">\n\t\t\t\t<div class=\"entry-title-wrapper\"><h3 class=\"entry-title\"><a data-id=\"7323\" href=\"https:\/\/yazinulkesi.com.tr\/?p=7323\" class=\"tpg-post-link\" target=\"_self\">William Faulkner\u2019in Nobel Edebiyat \u00d6d\u00fcl\u00fc Konu\u015fmas\u0131<\/a><\/h3><\/div>\n\t\t\t\t\n\t\t\t\t\t\t\t\t\t<div class=\"tpg-excerpt tpg-el-excerpt\">\n\t\t\t\t\t\t\t\t\t\t\t\t\t<div class=\"tpg-excerpt-inner\">\n\t\t\t\t\t\t\t\tBayanlar ve baylar, Bu \u00f6d\u00fcl\u00fcn \u015fahs\u0131ma de\u011fil, \u00e7al\u0131\u015fmalar\u0131ma verildi\u011fini d\u00fc\u015f\u00fcn\u00fcyorum \u2013 \u0131zd\u0131rap ve...\t\t\t\t\t\t\t<\/div>\n\t\t\t\t\t\t\t\t\t\t\t\t\t\t\t\t\t<\/div>\n\t\t\t\t\n\t\t\t\t        <div class=\"post-footer\">\n            <div class=\"post-footer\">\n                <div class=\"read-more\">\n\t\t\t\t\t<a data-id=\"7323\" href=\"https:\/\/yazinulkesi.com.tr\/?p=7323\" class=\"tpg-post-link\" target=\"_self\">Devam\u0131<\/a>                <\/div>\n            <\/div>\n        <\/div>\n\t\t\t\t\t<\/div>\n\t\t<\/div>\n\t<\/div>\n<\/div>\n\n<div class=\"rt-col-md-12 rt-col-sm-12 rt-col-xs-12 default rt-list-item rt-grid-item\" data-id=\"6827\">\n\t<div class=\"rt-holder tpg-post-holder \">\n\t\t<div class=\"rt-detail rt-el-content-wrapper\">\n\t\t\t\t\t\t\t<div class=\"rt-img-holder tpg-el-image-wrap has-no-thumbnail\">\n\t\t\t\t\t<a data-id=\"6827\" href=\"https:\/\/yazinulkesi.com.tr\/?p=6827\" class=\"tpg-post-link\" target=\"_self\">\t\t\n\t\t<\/a>\n\t\t        <div class=\"overlay grid-hover-content\"><\/div>\n\t\t\t\t\t\t<\/div>\n\t\t\t\n\t\t\t<div class=\"post-right-content\">\n\t\t\t\t<div class=\"entry-title-wrapper\"><h3 class=\"entry-title\"><a data-id=\"6827\" href=\"https:\/\/yazinulkesi.com.tr\/?p=6827\" class=\"tpg-post-link\" target=\"_self\">Garip \u0130\u00e7in<\/a><\/h3><\/div>\n\t\t\t\t\n\t\t\t\t\t\t\t\t\t<div class=\"tpg-excerpt tpg-el-excerpt\">\n\t\t\t\t\t\t\t\t\t\t\t\t\t<div class=\"tpg-excerpt-inner\">\n\t\t\t\t\t\t\t\t\u201cHi\u00e7bir yapt\u0131\u011f\u0131mdan pi\u015fman olmayaca\u011f\u0131m.\u201d diye bir karar vermi\u015fli\u011finiz var m\u0131d\u0131r...\t\t\t\t\t\t\t<\/div>\n\t\t\t\t\t\t\t\t\t\t\t\t\t\t\t\t\t<\/div>\n\t\t\t\t\n\t\t\t\t        <div class=\"post-footer\">\n            <div class=\"post-footer\">\n                <div class=\"read-more\">\n\t\t\t\t\t<a data-id=\"6827\" href=\"https:\/\/yazinulkesi.com.tr\/?p=6827\" class=\"tpg-post-link\" target=\"_self\">Devam\u0131<\/a>                <\/div>\n            <\/div>\n        <\/div>\n\t\t\t\t\t<\/div>\n\t\t<\/div>\n\t<\/div>\n<\/div>\n\n<div class=\"rt-col-md-12 rt-col-sm-12 rt-col-xs-12 default rt-list-item rt-grid-item\" data-id=\"6823\">\n\t<div class=\"rt-holder tpg-post-holder \">\n\t\t<div class=\"rt-detail rt-el-content-wrapper\">\n\t\t\t\t\t\t\t<div class=\"rt-img-holder tpg-el-image-wrap has-thumbnail\">\n\t\t\t\t\t<a data-id=\"6823\" href=\"https:\/\/yazinulkesi.com.tr\/?p=6823\" class=\"tpg-post-link\" target=\"_self\">                        <img loading=\"lazy\" decoding=\"async\" src=\"https:\/\/yazinulkesi.com.tr\/wp-content\/uploads\/2026\/03\/YAZI-CEMIL-MERIC-768x614.png\"\n                             class=\"rt-img-responsive\"\n                             width=\"768\"\n                             height=\"614\"\n                             alt=\"Cemil Meri\u00e7 &#8211; Quinze-Vingts Geceleri I\">\n\t\t\t\t\t\t\n\t\t\t\t\t\t\t\n\t\t<\/a>\n\t\t        <div class=\"overlay grid-hover-content\"><\/div>\n\t\t\t\t\t\t<\/div>\n\t\t\t\n\t\t\t<div class=\"post-right-content\">\n\t\t\t\t<div class=\"entry-title-wrapper\"><h3 class=\"entry-title\"><a data-id=\"6823\" href=\"https:\/\/yazinulkesi.com.tr\/?p=6823\" class=\"tpg-post-link\" target=\"_self\">Cemil Meri\u00e7 &#8211; Quinze-Vingts Geceleri I<\/a><\/h3><\/div>\n\t\t\t\t\n\t\t\t\t\t\t\t\t\t<div class=\"tpg-excerpt tpg-el-excerpt\">\n\t\t\t\t\t\t\t\t\t\t\t\t\t<div class=\"tpg-excerpt-inner\">\n\t\t\t\t\t\t\t\tSesler, \u0131s\u0131rgan gibi deriye yap\u0131\u015fan,\ns\u00fcl\u00fck gibi tahamm\u00fcl\u00fc s\u00f6m\u00fcren...\t\t\t\t\t\t\t<\/div>\n\t\t\t\t\t\t\t\t\t\t\t\t\t\t\t\t\t<\/div>\n\t\t\t\t\n\t\t\t\t        <div class=\"post-footer\">\n            <div class=\"post-footer\">\n                <div class=\"read-more\">\n\t\t\t\t\t<a data-id=\"6823\" href=\"https:\/\/yazinulkesi.com.tr\/?p=6823\" class=\"tpg-post-link\" target=\"_self\">Devam\u0131<\/a>                <\/div>\n            <\/div>\n        <\/div>\n\t\t\t\t\t<\/div>\n\t\t<\/div>\n\t<\/div>\n<\/div>\n\n<div class=\"rt-col-md-12 rt-col-sm-12 rt-col-xs-12 default rt-list-item rt-grid-item\" data-id=\"6816\">\n\t<div class=\"rt-holder tpg-post-holder \">\n\t\t<div class=\"rt-detail rt-el-content-wrapper\">\n\t\t\t\t\t\t\t<div class=\"rt-img-holder tpg-el-image-wrap has-thumbnail\">\n\t\t\t\t\t<a data-id=\"6816\" href=\"https:\/\/yazinulkesi.com.tr\/?p=6816\" class=\"tpg-post-link\" target=\"_self\">                        <img loading=\"lazy\" decoding=\"async\" src=\"https:\/\/yazinulkesi.com.tr\/wp-content\/uploads\/2026\/03\/YAZI-AHMET-HASIM-768x614.png\"\n                             class=\"rt-img-responsive\"\n                             width=\"768\"\n                             height=\"614\"\n                             alt=\"Ahmet Ha\u015fim, Ba\u015fparmak \u00dczerine\">\n\t\t\t\t\t\t\n\t\t\t\t\t\t\t\n\t\t<\/a>\n\t\t        <div class=\"overlay grid-hover-content\"><\/div>\n\t\t\t\t\t\t<\/div>\n\t\t\t\n\t\t\t<div class=\"post-right-content\">\n\t\t\t\t<div class=\"entry-title-wrapper\"><h3 class=\"entry-title\"><a data-id=\"6816\" href=\"https:\/\/yazinulkesi.com.tr\/?p=6816\" class=\"tpg-post-link\" target=\"_self\">Ahmet Ha\u015fim, Ba\u015fparmak \u00dczerine<\/a><\/h3><\/div>\n\t\t\t\t\n\t\t\t\t\t\t\t\t\t<div class=\"tpg-excerpt tpg-el-excerpt\">\n\t\t\t\t\t\t\t\t\t\t\t\t\t<div class=\"tpg-excerpt-inner\">\n\t\t\t\t\t\t\t\t\u0130nsan\u0131n en asil uzvu hangisidir? diye sorsalar...\t\t\t\t\t\t\t<\/div>\n\t\t\t\t\t\t\t\t\t\t\t\t\t\t\t\t\t<\/div>\n\t\t\t\t\n\t\t\t\t        <div class=\"post-footer\">\n            <div class=\"post-footer\">\n                <div class=\"read-more\">\n\t\t\t\t\t<a data-id=\"6816\" href=\"https:\/\/yazinulkesi.com.tr\/?p=6816\" class=\"tpg-post-link\" target=\"_self\">Devam\u0131<\/a>                <\/div>\n            <\/div>\n        <\/div>\n\t\t\t\t\t<\/div>\n\t\t<\/div>\n\t<\/div>\n<\/div>\n            <\/div>\n\n\t\t\t\n        <\/div>\n\t\t\t\t\t\t<\/div>\n\t\t\t\t<\/div>\n\t\t\t\t\t<\/div>\n\t\t\t\t<\/div>\n\t\t\t\t<\/div>\n\t\t","protected":false},"excerpt":{"rendered":"<div class=\"tmnf_excerpt\"><p>CEMAL S\u00dcREYA- TANPINAR\u2019IN \u015e\u0130\u0130R\u0130 Tanp\u0131nar\u2019\u0131n \u015fiiri bir yerde rahat bir simetriye dayan\u0131r. \u00d6yle ki, b\u0131\u00e7akla bu \u015fiiri ikiye b\u00f6lseniz&#8230; Devam\u0131 Cemil Meri\u00e7 &#8211; Quinze-Vingts Geceleri I Sesler, \u0131s\u0131rgan gibi deriye yap\u0131\u015fan, s\u00fcl\u00fck gibi tahamm\u00fcl\u00fc s\u00f6m\u00fcren&#8230; Devam\u0131 Ahmet Ha\u015fim, Ba\u015fparmak \u00dczerine \u0130nsan\u0131n en asil uzvu hangisidir? diye sorsalar&#8230; Devam\u0131<\/p>\n<\/div>","protected":false},"author":1,"featured_media":0,"parent":0,"menu_order":0,"comment_status":"closed","ping_status":"closed","template":"template-fullwidth.php","meta":{"_eb_attr":"","footnotes":""},"class_list":["post-6861","page","type-page","status-publish","hentry"],"rttpg_featured_image_url":null,"rttpg_author":{"display_name":"marascol.adm21@gmail.com","author_link":"https:\/\/yazinulkesi.com.tr\/author\/marascol-adm21gmail-com"},"rttpg_comment":0,"rttpg_category":"","rttpg_excerpt":"CEMAL S\u00dcREYA- TANPINAR\u2019IN \u015e\u0130\u0130R\u0130 Tanp\u0131nar\u2019\u0131n \u015fiiri bir yerde rahat bir simetriye dayan\u0131r. \u00d6yle ki, b\u0131\u00e7akla bu \u015fiiri ikiye b\u00f6lseniz&#8230; Devam\u0131 Cemil Meri\u00e7 &#8211; Quinze-Vingts Geceleri I Sesler, \u0131s\u0131rgan gibi deriye yap\u0131\u015fan, s\u00fcl\u00fck gibi tahamm\u00fcl\u00fc s\u00f6m\u00fcren&#8230; Devam\u0131 Ahmet Ha\u015fim, Ba\u015fparmak \u00dczerine \u0130nsan\u0131n en asil uzvu hangisidir? diye sorsalar&#8230; Devam\u0131","_links":{"self":[{"href":"https:\/\/yazinulkesi.com.tr\/index.php?rest_route=\/wp\/v2\/pages\/6861","targetHints":{"allow":["GET"]}}],"collection":[{"href":"https:\/\/yazinulkesi.com.tr\/index.php?rest_route=\/wp\/v2\/pages"}],"about":[{"href":"https:\/\/yazinulkesi.com.tr\/index.php?rest_route=\/wp\/v2\/types\/page"}],"author":[{"embeddable":true,"href":"https:\/\/yazinulkesi.com.tr\/index.php?rest_route=\/wp\/v2\/users\/1"}],"replies":[{"embeddable":true,"href":"https:\/\/yazinulkesi.com.tr\/index.php?rest_route=%2Fwp%2Fv2%2Fcomments&post=6861"}],"version-history":[{"count":7,"href":"https:\/\/yazinulkesi.com.tr\/index.php?rest_route=\/wp\/v2\/pages\/6861\/revisions"}],"predecessor-version":[{"id":7560,"href":"https:\/\/yazinulkesi.com.tr\/index.php?rest_route=\/wp\/v2\/pages\/6861\/revisions\/7560"}],"wp:attachment":[{"href":"https:\/\/yazinulkesi.com.tr\/index.php?rest_route=%2Fwp%2Fv2%2Fmedia&parent=6861"}],"curies":[{"name":"wp","href":"https:\/\/api.w.org\/{rel}","templated":true}]}}