{"id":6632,"date":"2026-03-05T05:55:06","date_gmt":"2026-03-05T05:55:06","guid":{"rendered":"https:\/\/yazinulkesi.com.tr\/?page_id=6632"},"modified":"2026-03-18T10:26:15","modified_gmt":"2026-03-18T06:56:15","slug":"buna-bayildik","status":"publish","type":"page","link":"https:\/\/yazinulkesi.com.tr\/?page_id=6632","title":{"rendered":"Buna Bay\u0131ld\u0131k"},"content":{"rendered":"\t\t<div data-elementor-type=\"wp-page\" data-elementor-id=\"6632\" class=\"elementor elementor-6632\">\n\t\t\t\t<div class=\"elementor-element elementor-element-afbebe9 e-flex e-con-boxed e-con e-parent\" data-id=\"afbebe9\" data-element_type=\"container\" data-e-type=\"container\">\n\t\t\t\t\t<div class=\"e-con-inner\">\n\t\t\t\t<div class=\"elementor-element elementor-element-f90cd04 section-title-style-default title_position_default title_hover_border_default title-default img_hover_animation_default readmore-btn-default-style grid-hover-overlay-type-always tpg-el-box-border-enable tpg-border-bottom-disable elementor-widget elementor-widget-tpg-list-layout\" data-id=\"f90cd04\" data-element_type=\"widget\" data-e-type=\"widget\" data-widget_type=\"tpg-list-layout.default\">\n\t\t\t\t<div class=\"elementor-widget-container\">\n\t\t\t\t\t\n        <div class=\"rt-container-fluid rt-tpg-container tpg-el-main-wrapper list-layout1-main \"\n             data-sc-id=\"elementor\"\n             id=\"rt-tpg-container-1663321458\"\n             data-layout=\"list-layout1\"\n             data-grid-style=\"tpg-even\"\n             data-el-settings=''\n             data-el-query=''\n             data-el-path=''\n        >\n\t\t\t            <div class='tpg-header-wrapper '>\n\t\t\t\t\n        <div class=\"tpg-widget-heading-wrapper rt-clear heading-default \">\n            <span class=\"tpg-widget-heading-line line-left\"><\/span>\n\t\t\t<h2 class='tpg-widget-heading'>\n\t\t\t\n\t\t\t\t                    <span>\n\t\t\t\t\t\t\t\t\t\t\t<\/span>\n\t\t\t\t\t\n\t\t\t\t\t\t\t<\/h2>            <span class=\"tpg-widget-heading-line line-right\"><\/span>\n\n\t\t\t\n        <\/div>\n\n\t\t\n\t\t            <\/div>\n\n            <div data-title=\"Loading ...\" class=\"rt-row rt-content-loader list-layout1 tpg-even list-behaviour list-layout-wrapper\">\n\t\t\t\t\n<div class=\"rt-col-md-12 rt-col-sm-12 rt-col-xs-12 default rt-list-item rt-grid-item\" data-id=\"7658\">\n\t<div class=\"rt-holder tpg-post-holder \">\n\t\t<div class=\"rt-detail rt-el-content-wrapper\">\n\t\t\t\t\t\t\t<div class=\"rt-img-holder tpg-el-image-wrap has-thumbnail\">\n\t\t\t\t\t<a data-id=\"7658\" href=\"https:\/\/yazinulkesi.com.tr\/?p=7658\" class=\"tpg-post-link\" target=\"_self\">                        <img fetchpriority=\"high\" decoding=\"async\" src=\"https:\/\/yazinulkesi.com.tr\/wp-content\/uploads\/2026\/03\/buna-bayildik-biz-kimik-417x340.png\"\n                             class=\"rt-img-responsive\"\n                             width=\"417\"\n                             height=\"340\"\n                             alt=\"Biz kimik? M\u0259clis onun m\u0259clisidi\">\n\t\t\t\t\t\t\n\t\t\t\t\t\t\t\n\t\t<\/a>\n\t\t        <div class=\"overlay grid-hover-content\"><\/div>\n\t\t\t\t\t\t<\/div>\n\t\t\t\n\t\t\t<div class=\"post-right-content\">\n\t\t\t\t<div class=\"entry-title-wrapper\"><h3 class=\"entry-title\"><a data-id=\"7658\" href=\"https:\/\/yazinulkesi.com.tr\/?p=7658\" class=\"tpg-post-link\" target=\"_self\">Biz kimik? M\u0259clis onun m\u0259clisidi<\/a><\/h3><\/div>\n\t\t\t\t\n\t\t\t\t\t\t\t\t\t<div class=\"tpg-excerpt tpg-el-excerpt\">\n\t\t\t\t\t\t\t\t\t\t\t\t\t<div class=\"tpg-excerpt-inner\">\n\t\t\t\t\t\t\t\tHakikatin bir olmas\u0131 y\u00fczlerce y\u0131ld\u0131r yaz\u0131lm\u0131\u015f, s\u00f6ylenmi\u015ftir. Edebiyat\u0131n hangi milletten olursa olsun...\t\t\t\t\t\t\t<\/div>\n\t\t\t\t\t\t\t\t\t\t\t\t\t\t\t\t\t<\/div>\n\t\t\t\t\n\t\t\t\t        <div class=\"post-footer\">\n            <div class=\"post-footer\">\n                <div class=\"read-more\">\n\t\t\t\t\t<a data-id=\"7658\" href=\"https:\/\/yazinulkesi.com.tr\/?p=7658\" class=\"tpg-post-link\" target=\"_self\">Devam\u0131<\/a>                <\/div>\n            <\/div>\n        <\/div>\n\t\t\t\t\t<\/div>\n\t\t<\/div>\n\t<\/div>\n<\/div>\n\n<div class=\"rt-col-md-12 rt-col-sm-12 rt-col-xs-12 default rt-list-item rt-grid-item\" data-id=\"6928\">\n\t<div class=\"rt-holder tpg-post-holder \">\n\t\t<div class=\"rt-detail rt-el-content-wrapper\">\n\t\t\t\t\t\t\t<div class=\"rt-img-holder tpg-el-image-wrap has-thumbnail\">\n\t\t\t\t\t<a data-id=\"6928\" href=\"https:\/\/yazinulkesi.com.tr\/?p=6928\" class=\"tpg-post-link\" target=\"_self\">                        <img decoding=\"async\" src=\"https:\/\/yazinulkesi.com.tr\/wp-content\/uploads\/2026\/03\/BUNA-BAYILDIK-417x340.png\"\n                             class=\"rt-img-responsive\"\n                             width=\"417\"\n                             height=\"340\"\n                             alt=\"Erzurumlu Amcadan A\u015f\u0131k S\u00fcmmani \u015eiiri\">\n\t\t\t\t\t\t\n\t\t\t\t\t\t\t\n\t\t<\/a>\n\t\t        <div class=\"overlay grid-hover-content\"><\/div>\n\t\t\t\t\t\t<\/div>\n\t\t\t\n\t\t\t<div class=\"post-right-content\">\n\t\t\t\t<div class=\"entry-title-wrapper\"><h3 class=\"entry-title\"><a data-id=\"6928\" href=\"https:\/\/yazinulkesi.com.tr\/?p=6928\" class=\"tpg-post-link\" target=\"_self\">Erzurumlu Amcadan A\u015f\u0131k S\u00fcmmani \u015eiiri<\/a><\/h3><\/div>\n\t\t\t\t\n\t\t\t\t\t\t\t\t\t<div class=\"tpg-excerpt tpg-el-excerpt\">\n\t\t\t\t\t\t\t\t\t\t\t\t\t<div class=\"tpg-excerpt-inner\">\n\t\t\t\t\t\t\t\tOkuma yazma bilmeyen ihtiyarlar\u0131n dahi ezberden \u015fiirler bildi\u011fi bir memlekettir buras\u0131. Halk...\t\t\t\t\t\t\t<\/div>\n\t\t\t\t\t\t\t\t\t\t\t\t\t\t\t\t\t<\/div>\n\t\t\t\t\n\t\t\t\t        <div class=\"post-footer\">\n            <div class=\"post-footer\">\n                <div class=\"read-more\">\n\t\t\t\t\t<a data-id=\"6928\" href=\"https:\/\/yazinulkesi.com.tr\/?p=6928\" class=\"tpg-post-link\" target=\"_self\">Devam\u0131<\/a>                <\/div>\n            <\/div>\n        <\/div>\n\t\t\t\t\t<\/div>\n\t\t<\/div>\n\t<\/div>\n<\/div>\n            <\/div>\n\n\t\t\t\n        <\/div>\n\t\t\t\t\t\t<\/div>\n\t\t\t\t<\/div>\n\t\t\t\t\t<\/div>\n\t\t\t\t<\/div>\n\t\t\t\t<\/div>\n\t\t","protected":false},"excerpt":{"rendered":"<div class=\"tmnf_excerpt\"><p>Erzurumlu Amcadan A\u015f\u0131k S\u00fcmmani \u015eiiri Amcam\u0131z bizi mest etti&#8230; Devam\u0131<\/p>\n<\/div>","protected":false},"author":1,"featured_media":7291,"parent":0,"menu_order":0,"comment_status":"closed","ping_status":"closed","template":"template-fullwidth.php","meta":{"_eb_attr":"","footnotes":""},"class_list":["post-6632","page","type-page","status-publish","has-post-thumbnail","hentry"],"rttpg_featured_image_url":{"full":["https:\/\/yazinulkesi.com.tr\/wp-content\/uploads\/2026\/03\/Buna-bayildik-kategori.png",500,400,false],"landscape":["https:\/\/yazinulkesi.com.tr\/wp-content\/uploads\/2026\/03\/Buna-bayildik-kategori.png",500,400,false],"portraits":["https:\/\/yazinulkesi.com.tr\/wp-content\/uploads\/2026\/03\/Buna-bayildik-kategori.png",500,400,false],"thumbnail":["https:\/\/yazinulkesi.com.tr\/wp-content\/uploads\/2026\/03\/Buna-bayildik-kategori-150x150.png",150,150,true],"medium":["https:\/\/yazinulkesi.com.tr\/wp-content\/uploads\/2026\/03\/Buna-bayildik-kategori-300x240.png",300,240,true],"large":["https:\/\/yazinulkesi.com.tr\/wp-content\/uploads\/2026\/03\/Buna-bayildik-kategori.png",500,400,false],"1536x1536":["https:\/\/yazinulkesi.com.tr\/wp-content\/uploads\/2026\/03\/Buna-bayildik-kategori.png",500,400,false],"2048x2048":["https:\/\/yazinulkesi.com.tr\/wp-content\/uploads\/2026\/03\/Buna-bayildik-kategori.png",500,400,false],"codate_slider":["https:\/\/yazinulkesi.com.tr\/wp-content\/uploads\/2026\/03\/Buna-bayildik-kategori.png",500,400,false],"codate_item":["https:\/\/yazinulkesi.com.tr\/wp-content\/uploads\/2026\/03\/Buna-bayildik-kategori-500x350.png",500,350,true],"codate_item_vetical":["https:\/\/yazinulkesi.com.tr\/wp-content\/uploads\/2026\/03\/Buna-bayildik-kategori.png",500,400,false],"codate_item_masonry":["https:\/\/yazinulkesi.com.tr\/wp-content\/uploads\/2026\/03\/Buna-bayildik-kategori.png",500,400,false],"codate_blog":["https:\/\/yazinulkesi.com.tr\/wp-content\/uploads\/2026\/03\/Buna-bayildik-kategori-417x340.png",417,340,true],"codate_single":["https:\/\/yazinulkesi.com.tr\/wp-content\/uploads\/2026\/03\/Buna-bayildik-kategori.png",500,400,false],"codate_tabs":["https:\/\/yazinulkesi.com.tr\/wp-content\/uploads\/2026\/03\/Buna-bayildik-kategori-90x90.png",90,90,true]},"rttpg_author":{"display_name":"marascol.adm21@gmail.com","author_link":"https:\/\/yazinulkesi.com.tr\/author\/marascol-adm21gmail-com"},"rttpg_comment":0,"rttpg_category":"","rttpg_excerpt":"Erzurumlu Amcadan A\u015f\u0131k S\u00fcmmani \u015eiiri Amcam\u0131z bizi mest etti&#8230; Devam\u0131","_links":{"self":[{"href":"https:\/\/yazinulkesi.com.tr\/index.php?rest_route=\/wp\/v2\/pages\/6632","targetHints":{"allow":["GET"]}}],"collection":[{"href":"https:\/\/yazinulkesi.com.tr\/index.php?rest_route=\/wp\/v2\/pages"}],"about":[{"href":"https:\/\/yazinulkesi.com.tr\/index.php?rest_route=\/wp\/v2\/types\/page"}],"author":[{"embeddable":true,"href":"https:\/\/yazinulkesi.com.tr\/index.php?rest_route=\/wp\/v2\/users\/1"}],"replies":[{"embeddable":true,"href":"https:\/\/yazinulkesi.com.tr\/index.php?rest_route=%2Fwp%2Fv2%2Fcomments&post=6632"}],"version-history":[{"count":25,"href":"https:\/\/yazinulkesi.com.tr\/index.php?rest_route=\/wp\/v2\/pages\/6632\/revisions"}],"predecessor-version":[{"id":7657,"href":"https:\/\/yazinulkesi.com.tr\/index.php?rest_route=\/wp\/v2\/pages\/6632\/revisions\/7657"}],"wp:featuredmedia":[{"embeddable":true,"href":"https:\/\/yazinulkesi.com.tr\/index.php?rest_route=\/wp\/v2\/media\/7291"}],"wp:attachment":[{"href":"https:\/\/yazinulkesi.com.tr\/index.php?rest_route=%2Fwp%2Fv2%2Fmedia&parent=6632"}],"curies":[{"name":"wp","href":"https:\/\/api.w.org\/{rel}","templated":true}]}}