{"id":6629,"date":"2026-03-05T05:54:48","date_gmt":"2026-03-05T05:54:48","guid":{"rendered":"https:\/\/yazinulkesi.com.tr\/?page_id=6629"},"modified":"2026-03-16T14:23:49","modified_gmt":"2026-03-16T10:53:49","slug":"oku-dedi","status":"publish","type":"page","link":"https:\/\/yazinulkesi.com.tr\/?page_id=6629","title":{"rendered":"&#8220;Oku&#8221; dedi"},"content":{"rendered":"\t\t<div data-elementor-type=\"wp-page\" data-elementor-id=\"6629\" class=\"elementor elementor-6629\">\n\t\t\t\t<div class=\"elementor-element elementor-element-ba900ab e-flex e-con-boxed e-con e-parent\" data-id=\"ba900ab\" data-element_type=\"container\" data-e-type=\"container\">\n\t\t\t\t\t<div class=\"e-con-inner\">\n\t\t\t\t<div class=\"elementor-element elementor-element-9cc2ce6 section-title-style-default title_position_default title_hover_border_default title-default img_hover_animation_default readmore-btn-default-style grid-hover-overlay-type-always tpg-el-box-border-enable tpg-border-bottom-disable elementor-widget elementor-widget-tpg-list-layout\" data-id=\"9cc2ce6\" data-element_type=\"widget\" data-e-type=\"widget\" data-widget_type=\"tpg-list-layout.default\">\n\t\t\t\t<div class=\"elementor-widget-container\">\n\t\t\t\t\t\n        <div class=\"rt-container-fluid rt-tpg-container tpg-el-main-wrapper list-layout1-main \"\n             data-sc-id=\"elementor\"\n             id=\"rt-tpg-container-3914209393\"\n             data-layout=\"list-layout1\"\n             data-grid-style=\"tpg-even\"\n             data-el-settings=''\n             data-el-query=''\n             data-el-path=''\n        >\n\t\t\t            <div class='tpg-header-wrapper '>\n\t\t\t\t\n        <div class=\"tpg-widget-heading-wrapper rt-clear heading-default \">\n            <span class=\"tpg-widget-heading-line line-left\"><\/span>\n\t\t\t<h2 class='tpg-widget-heading'>\n\t\t\t\n\t\t\t\t                    <span>\n\t\t\t\t\t\t\t\t\t\t\t<\/span>\n\t\t\t\t\t\n\t\t\t\t\t\t\t<\/h2>            <span class=\"tpg-widget-heading-line line-right\"><\/span>\n\n\t\t\t\n        <\/div>\n\n\t\t\n\t\t            <\/div>\n\n            <div data-title=\"Loading ...\" class=\"rt-row rt-content-loader list-layout1 tpg-even list-behaviour list-layout-wrapper\">\n\t\t\t\t\n<div class=\"rt-col-md-12 rt-col-sm-12 rt-col-xs-12 default rt-list-item rt-grid-item\" data-id=\"7934\">\n\t<div class=\"rt-holder tpg-post-holder \">\n\t\t<div class=\"rt-detail rt-el-content-wrapper\">\n\t\t\t\t\t\t\t<div class=\"rt-img-holder tpg-el-image-wrap has-thumbnail\">\n\t\t\t\t\t<a data-id=\"7934\" href=\"https:\/\/yazinulkesi.com.tr\/?p=7934\" class=\"tpg-post-link\" target=\"_self\">                        <img fetchpriority=\"high\" decoding=\"async\" src=\"https:\/\/yazinulkesi.com.tr\/wp-content\/uploads\/2026\/04\/WhatsApp-Image-2026-04-03-at-16.57.01-417x340.jpeg\"\n                             class=\"rt-img-responsive\"\n                             width=\"417\"\n                             height=\"340\"\n                             alt=\"Muhammed Ko\u00e7&#8217;a &#8220;Ne Okusak?&#8221; Diye Sorduk\">\n\t\t\t\t\t\t\n\t\t\t\t\t\t\t\n\t\t<\/a>\n\t\t        <div class=\"overlay grid-hover-content\"><\/div>\n\t\t\t\t\t\t<\/div>\n\t\t\t\n\t\t\t<div class=\"post-right-content\">\n\t\t\t\t<div class=\"entry-title-wrapper\"><h3 class=\"entry-title\"><a data-id=\"7934\" href=\"https:\/\/yazinulkesi.com.tr\/?p=7934\" class=\"tpg-post-link\" target=\"_self\">Muhammed Ko\u00e7&#8217;a &#8220;Ne Okusak?&#8221; Diye Sorduk<\/a><\/h3><\/div>\n\t\t\t\t\n\t\t\t\t\t\t\t\t\t<div class=\"tpg-excerpt tpg-el-excerpt\">\n\t\t\t\t\t\t\t\t\t\t\t\t\t<div class=\"tpg-excerpt-inner\">\n\t\t\t\t\t\t\t\tHer yazar\u0131n d\u00fcnyas\u0131 ba\u015fka kitaplarla \u00f6r\u00fcl\u00fcd\u00fcr. \u201cOku Dedi\u201dde, sevdi\u011fimiz kalemlere ne okuduklar\u0131n\u0131...\t\t\t\t\t\t\t<\/div>\n\t\t\t\t\t\t\t\t\t\t\t\t\t\t\t\t\t<\/div>\n\t\t\t\t\n\t\t\t\t        <div class=\"post-footer\">\n            <div class=\"post-footer\">\n                <div class=\"read-more\">\n\t\t\t\t\t<a data-id=\"7934\" href=\"https:\/\/yazinulkesi.com.tr\/?p=7934\" class=\"tpg-post-link\" target=\"_self\">Devam\u0131<\/a>                <\/div>\n            <\/div>\n        <\/div>\n\t\t\t\t\t<\/div>\n\t\t<\/div>\n\t<\/div>\n<\/div>\n\n<div class=\"rt-col-md-12 rt-col-sm-12 rt-col-xs-12 default rt-list-item rt-grid-item\" data-id=\"7819\">\n\t<div class=\"rt-holder tpg-post-holder \">\n\t\t<div class=\"rt-detail rt-el-content-wrapper\">\n\t\t\t\t\t\t\t<div class=\"rt-img-holder tpg-el-image-wrap has-thumbnail\">\n\t\t\t\t\t<a data-id=\"7819\" href=\"https:\/\/yazinulkesi.com.tr\/?p=7819\" class=\"tpg-post-link\" target=\"_self\">                        <img decoding=\"async\" src=\"https:\/\/yazinulkesi.com.tr\/wp-content\/uploads\/2026\/03\/ersan--417x340.png\"\n                             class=\"rt-img-responsive\"\n                             width=\"417\"\n                             height=\"340\"\n                             alt=\"Eray Sar\u0131\u00e7am&#8217;a &#8220;Ne Okusak?&#8221; Diye Sorduk\">\n\t\t\t\t\t\t\n\t\t\t\t\t\t\t\n\t\t<\/a>\n\t\t        <div class=\"overlay grid-hover-content\"><\/div>\n\t\t\t\t\t\t<\/div>\n\t\t\t\n\t\t\t<div class=\"post-right-content\">\n\t\t\t\t<div class=\"entry-title-wrapper\"><h3 class=\"entry-title\"><a data-id=\"7819\" href=\"https:\/\/yazinulkesi.com.tr\/?p=7819\" class=\"tpg-post-link\" target=\"_self\">Eray Sar\u0131\u00e7am&#8217;a &#8220;Ne Okusak?&#8221; Diye Sorduk<\/a><\/h3><\/div>\n\t\t\t\t\n\t\t\t\t\t\t\t\t\t<div class=\"tpg-excerpt tpg-el-excerpt\">\n\t\t\t\t\t\t\t\t\t\t\t\t\t<div class=\"tpg-excerpt-inner\">\n\t\t\t\t\t\t\t\t&#8220;Oku Dedi&#8221;, farkl\u0131 yazarlardan gelen okuma \u00f6nerilerini bir araya getirirken, her...\t\t\t\t\t\t\t<\/div>\n\t\t\t\t\t\t\t\t\t\t\t\t\t\t\t\t\t<\/div>\n\t\t\t\t\n\t\t\t\t        <div class=\"post-footer\">\n            <div class=\"post-footer\">\n                <div class=\"read-more\">\n\t\t\t\t\t<a data-id=\"7819\" href=\"https:\/\/yazinulkesi.com.tr\/?p=7819\" class=\"tpg-post-link\" target=\"_self\">Devam\u0131<\/a>                <\/div>\n            <\/div>\n        <\/div>\n\t\t\t\t\t<\/div>\n\t\t<\/div>\n\t<\/div>\n<\/div>\n\n<div class=\"rt-col-md-12 rt-col-sm-12 rt-col-xs-12 default rt-list-item rt-grid-item\" data-id=\"7396\">\n\t<div class=\"rt-holder tpg-post-holder \">\n\t\t<div class=\"rt-detail rt-el-content-wrapper\">\n\t\t\t\t\t\t\t<div class=\"rt-img-holder tpg-el-image-wrap has-thumbnail\">\n\t\t\t\t\t<a data-id=\"7396\" href=\"https:\/\/yazinulkesi.com.tr\/?p=7396\" class=\"tpg-post-link\" target=\"_self\">                        <img decoding=\"async\" src=\"https:\/\/yazinulkesi.com.tr\/wp-content\/uploads\/2026\/03\/IMG_3299-417x340.png\"\n                             class=\"rt-img-responsive\"\n                             width=\"417\"\n                             height=\"340\"\n                             alt=\"\u015eeyma Suba\u015f\u0131&#8217;ya &#8220;Ne Okusak?&#8221; diye sorduk\">\n\t\t\t\t\t\t\n\t\t\t\t\t\t\t\n\t\t<\/a>\n\t\t        <div class=\"overlay grid-hover-content\"><\/div>\n\t\t\t\t\t\t<\/div>\n\t\t\t\n\t\t\t<div class=\"post-right-content\">\n\t\t\t\t<div class=\"entry-title-wrapper\"><h3 class=\"entry-title\"><a data-id=\"7396\" href=\"https:\/\/yazinulkesi.com.tr\/?p=7396\" class=\"tpg-post-link\" target=\"_self\">\u015eeyma Suba\u015f\u0131&#8217;ya &#8220;Ne Okusak?&#8221; diye sorduk<\/a><\/h3><\/div>\n\t\t\t\t\n\t\t\t\t\t\t\t\t\t<div class=\"tpg-excerpt tpg-el-excerpt\">\n\t\t\t\t\t\t\t\t\t\t\t\t\t<div class=\"tpg-excerpt-inner\">\n\t\t\t\t\t\t\t\t\u015eeyma Suba\u015f\u0131&#8217;ya &#8220;Ne Okusak?&#8221; diye sorduk. Bize Emine Batar&#8217;\u0131n Dergah...\t\t\t\t\t\t\t<\/div>\n\t\t\t\t\t\t\t\t\t\t\t\t\t\t\t\t\t<\/div>\n\t\t\t\t\n\t\t\t\t        <div class=\"post-footer\">\n            <div class=\"post-footer\">\n                <div class=\"read-more\">\n\t\t\t\t\t<a data-id=\"7396\" href=\"https:\/\/yazinulkesi.com.tr\/?p=7396\" class=\"tpg-post-link\" target=\"_self\">Devam\u0131<\/a>                <\/div>\n            <\/div>\n        <\/div>\n\t\t\t\t\t<\/div>\n\t\t<\/div>\n\t<\/div>\n<\/div>\n\n<div class=\"rt-col-md-12 rt-col-sm-12 rt-col-xs-12 default rt-list-item rt-grid-item\" data-id=\"6687\">\n\t<div class=\"rt-holder tpg-post-holder \">\n\t\t<div class=\"rt-detail rt-el-content-wrapper\">\n\t\t\t\t\t\t\t<div class=\"rt-img-holder tpg-el-image-wrap has-thumbnail\">\n\t\t\t\t\t<a data-id=\"6687\" href=\"https:\/\/yazinulkesi.com.tr\/?p=6687\" class=\"tpg-post-link\" target=\"_self\">                        <img loading=\"lazy\" decoding=\"async\" src=\"https:\/\/yazinulkesi.com.tr\/wp-content\/uploads\/2026\/03\/OKU-DEDI-BURAK-CELIK-417x340.png\"\n                             class=\"rt-img-responsive\"\n                             width=\"417\"\n                             height=\"340\"\n                             alt=\"M. Burak \u00c7elik\u2019e \u201cNe okusak?\u201d diye sorduk.\">\n\t\t\t\t\t\t\n\t\t\t\t\t\t\t\n\t\t<\/a>\n\t\t        <div class=\"overlay grid-hover-content\"><\/div>\n\t\t\t\t\t\t<\/div>\n\t\t\t\n\t\t\t<div class=\"post-right-content\">\n\t\t\t\t<div class=\"entry-title-wrapper\"><h3 class=\"entry-title\"><a data-id=\"6687\" href=\"https:\/\/yazinulkesi.com.tr\/?p=6687\" class=\"tpg-post-link\" target=\"_self\">M. Burak \u00c7elik\u2019e \u201cNe okusak?\u201d diye sorduk.<\/a><\/h3><\/div>\n\t\t\t\t\n\t\t\t\t\t\t\t\t\t<div class=\"tpg-excerpt tpg-el-excerpt\">\n\t\t\t\t\t\t\t\t\t\t\t\t\t<div class=\"tpg-excerpt-inner\">\n\t\t\t\t\t\t\t\tBize Victor Hugo\u2019nun Sefiller roman\u0131n\u0131 s\u00f6yledi...\t\t\t\t\t\t\t<\/div>\n\t\t\t\t\t\t\t\t\t\t\t\t\t\t\t\t\t<\/div>\n\t\t\t\t\n\t\t\t\t        <div class=\"post-footer\">\n            <div class=\"post-footer\">\n                <div class=\"read-more\">\n\t\t\t\t\t<a data-id=\"6687\" href=\"https:\/\/yazinulkesi.com.tr\/?p=6687\" class=\"tpg-post-link\" target=\"_self\">Devam\u0131<\/a>                <\/div>\n            <\/div>\n        <\/div>\n\t\t\t\t\t<\/div>\n\t\t<\/div>\n\t<\/div>\n<\/div>\n\n<div class=\"rt-col-md-12 rt-col-sm-12 rt-col-xs-12 default rt-list-item rt-grid-item\" data-id=\"6684\">\n\t<div class=\"rt-holder tpg-post-holder \">\n\t\t<div class=\"rt-detail rt-el-content-wrapper\">\n\t\t\t\t\t\t\t<div class=\"rt-img-holder tpg-el-image-wrap has-thumbnail\">\n\t\t\t\t\t<a data-id=\"6684\" href=\"https:\/\/yazinulkesi.com.tr\/?p=6684\" class=\"tpg-post-link\" target=\"_self\">                        <img loading=\"lazy\" decoding=\"async\" src=\"https:\/\/yazinulkesi.com.tr\/wp-content\/uploads\/2026\/03\/OKU-DEDI-YASIN-TACAR-417x340.png\"\n                             class=\"rt-img-responsive\"\n                             width=\"417\"\n                             height=\"340\"\n                             alt=\"Yasin Ta\u00e7ar\u2019a \u201cNe Okusak?\u201d diye sorduk.\">\n\t\t\t\t\t\t\n\t\t\t\t\t\t\t\n\t\t<\/a>\n\t\t        <div class=\"overlay grid-hover-content\"><\/div>\n\t\t\t\t\t\t<\/div>\n\t\t\t\n\t\t\t<div class=\"post-right-content\">\n\t\t\t\t<div class=\"entry-title-wrapper\"><h3 class=\"entry-title\"><a data-id=\"6684\" href=\"https:\/\/yazinulkesi.com.tr\/?p=6684\" class=\"tpg-post-link\" target=\"_self\">Yasin Ta\u00e7ar\u2019a \u201cNe Okusak?\u201d diye sorduk.<\/a><\/h3><\/div>\n\t\t\t\t\n\t\t\t\t\t\t\t\t\t<div class=\"tpg-excerpt tpg-el-excerpt\">\n\t\t\t\t\t\t\t\t\t\t\t\t\t<div class=\"tpg-excerpt-inner\">\n\t\t\t\t\t\t\t\tBize John Fante\u2019nin 1933 Berbat Bir Y\u0131ld\u0131 kitab\u0131n\u0131 s\u00f6yledi...\t\t\t\t\t\t\t<\/div>\n\t\t\t\t\t\t\t\t\t\t\t\t\t\t\t\t\t<\/div>\n\t\t\t\t\n\t\t\t\t        <div class=\"post-footer\">\n            <div class=\"post-footer\">\n                <div class=\"read-more\">\n\t\t\t\t\t<a data-id=\"6684\" href=\"https:\/\/yazinulkesi.com.tr\/?p=6684\" class=\"tpg-post-link\" target=\"_self\">Devam\u0131<\/a>                <\/div>\n            <\/div>\n        <\/div>\n\t\t\t\t\t<\/div>\n\t\t<\/div>\n\t<\/div>\n<\/div>\n            <\/div>\n\n\t\t\t\n        <\/div>\n\t\t\t\t\t\t<\/div>\n\t\t\t\t<\/div>\n\t\t\t\t\t<\/div>\n\t\t\t\t<\/div>\n\t\t\t\t<\/div>\n\t\t","protected":false},"excerpt":{"rendered":"<div class=\"tmnf_excerpt\"><p>\u015eeyma Suba\u015f\u0131&#8217;ya &#8220;Ne Okusak?&#8221; diye sorduk \u015eeyma Suba\u015f\u0131&#8217;ya &#8220;Ne Okusak?&#8221; diye sorduk. Bize Emine Batar&#8217;\u0131n Dergah&#8230; Devam\u0131 M. Burak \u00c7elik\u2019e \u201cNe okusak?\u201d diye sorduk. Bize Victor Hugo\u2019nun Sefiller roman\u0131n\u0131 s\u00f6yledi&#8230; Devam\u0131 Yasin Ta\u00e7ar\u2019a \u201cNe Okusak?\u201d diye sorduk. Bize John Fante\u2019nin 1933 Berbat Bir Y\u0131ld\u0131 kitab\u0131n\u0131 s\u00f6yledi&#8230; Devam\u0131<\/p>\n<\/div>","protected":false},"author":1,"featured_media":7293,"parent":0,"menu_order":0,"comment_status":"closed","ping_status":"closed","template":"template-fullwidth.php","meta":{"_eb_attr":"","footnotes":""},"class_list":["post-6629","page","type-page","status-publish","has-post-thumbnail","hentry"],"rttpg_featured_image_url":{"full":["https:\/\/yazinulkesi.com.tr\/wp-content\/uploads\/2026\/03\/Oku-dedi-kategori.png",500,400,false],"landscape":["https:\/\/yazinulkesi.com.tr\/wp-content\/uploads\/2026\/03\/Oku-dedi-kategori.png",500,400,false],"portraits":["https:\/\/yazinulkesi.com.tr\/wp-content\/uploads\/2026\/03\/Oku-dedi-kategori.png",500,400,false],"thumbnail":["https:\/\/yazinulkesi.com.tr\/wp-content\/uploads\/2026\/03\/Oku-dedi-kategori-150x150.png",150,150,true],"medium":["https:\/\/yazinulkesi.com.tr\/wp-content\/uploads\/2026\/03\/Oku-dedi-kategori-300x240.png",300,240,true],"large":["https:\/\/yazinulkesi.com.tr\/wp-content\/uploads\/2026\/03\/Oku-dedi-kategori.png",500,400,false],"1536x1536":["https:\/\/yazinulkesi.com.tr\/wp-content\/uploads\/2026\/03\/Oku-dedi-kategori.png",500,400,false],"2048x2048":["https:\/\/yazinulkesi.com.tr\/wp-content\/uploads\/2026\/03\/Oku-dedi-kategori.png",500,400,false],"codate_slider":["https:\/\/yazinulkesi.com.tr\/wp-content\/uploads\/2026\/03\/Oku-dedi-kategori.png",500,400,false],"codate_item":["https:\/\/yazinulkesi.com.tr\/wp-content\/uploads\/2026\/03\/Oku-dedi-kategori-500x350.png",500,350,true],"codate_item_vetical":["https:\/\/yazinulkesi.com.tr\/wp-content\/uploads\/2026\/03\/Oku-dedi-kategori.png",500,400,false],"codate_item_masonry":["https:\/\/yazinulkesi.com.tr\/wp-content\/uploads\/2026\/03\/Oku-dedi-kategori.png",500,400,false],"codate_blog":["https:\/\/yazinulkesi.com.tr\/wp-content\/uploads\/2026\/03\/Oku-dedi-kategori-417x340.png",417,340,true],"codate_single":["https:\/\/yazinulkesi.com.tr\/wp-content\/uploads\/2026\/03\/Oku-dedi-kategori.png",500,400,false],"codate_tabs":["https:\/\/yazinulkesi.com.tr\/wp-content\/uploads\/2026\/03\/Oku-dedi-kategori-90x90.png",90,90,true]},"rttpg_author":{"display_name":"marascol.adm21@gmail.com","author_link":"https:\/\/yazinulkesi.com.tr\/author\/marascol-adm21gmail-com"},"rttpg_comment":0,"rttpg_category":"","rttpg_excerpt":"\u015eeyma Suba\u015f\u0131&#8217;ya &#8220;Ne Okusak?&#8221; diye sorduk \u015eeyma Suba\u015f\u0131&#8217;ya &#8220;Ne Okusak?&#8221; diye sorduk. Bize Emine Batar&#8217;\u0131n Dergah&#8230; Devam\u0131 M. Burak \u00c7elik\u2019e \u201cNe okusak?\u201d diye sorduk. Bize Victor Hugo\u2019nun Sefiller roman\u0131n\u0131 s\u00f6yledi&#8230; Devam\u0131 Yasin Ta\u00e7ar\u2019a \u201cNe Okusak?\u201d diye sorduk. Bize John Fante\u2019nin 1933 Berbat Bir Y\u0131ld\u0131 kitab\u0131n\u0131 s\u00f6yledi&#8230; Devam\u0131","_links":{"self":[{"href":"https:\/\/yazinulkesi.com.tr\/index.php?rest_route=\/wp\/v2\/pages\/6629","targetHints":{"allow":["GET"]}}],"collection":[{"href":"https:\/\/yazinulkesi.com.tr\/index.php?rest_route=\/wp\/v2\/pages"}],"about":[{"href":"https:\/\/yazinulkesi.com.tr\/index.php?rest_route=\/wp\/v2\/types\/page"}],"author":[{"embeddable":true,"href":"https:\/\/yazinulkesi.com.tr\/index.php?rest_route=\/wp\/v2\/users\/1"}],"replies":[{"embeddable":true,"href":"https:\/\/yazinulkesi.com.tr\/index.php?rest_route=%2Fwp%2Fv2%2Fcomments&post=6629"}],"version-history":[{"count":10,"href":"https:\/\/yazinulkesi.com.tr\/index.php?rest_route=\/wp\/v2\/pages\/6629\/revisions"}],"predecessor-version":[{"id":7491,"href":"https:\/\/yazinulkesi.com.tr\/index.php?rest_route=\/wp\/v2\/pages\/6629\/revisions\/7491"}],"wp:featuredmedia":[{"embeddable":true,"href":"https:\/\/yazinulkesi.com.tr\/index.php?rest_route=\/wp\/v2\/media\/7293"}],"wp:attachment":[{"href":"https:\/\/yazinulkesi.com.tr\/index.php?rest_route=%2Fwp%2Fv2%2Fmedia&parent=6629"}],"curies":[{"name":"wp","href":"https:\/\/api.w.org\/{rel}","templated":true}]}}