{"id":6626,"date":"2026-03-05T05:54:26","date_gmt":"2026-03-05T05:54:26","guid":{"rendered":"https:\/\/yazinulkesi.com.tr\/?page_id=6626"},"modified":"2026-03-16T14:28:49","modified_gmt":"2026-03-16T10:58:49","slug":"sorduk-soyledi","status":"publish","type":"page","link":"https:\/\/yazinulkesi.com.tr\/?page_id=6626","title":{"rendered":"Sorduk S\u00f6yledi"},"content":{"rendered":"\t\t<div data-elementor-type=\"wp-page\" data-elementor-id=\"6626\" class=\"elementor elementor-6626\">\n\t\t\t\t<div class=\"elementor-element elementor-element-df935ae e-flex e-con-boxed e-con e-parent\" data-id=\"df935ae\" data-element_type=\"container\" data-e-type=\"container\">\n\t\t\t\t\t<div class=\"e-con-inner\">\n\t\t\t\t<div class=\"elementor-element elementor-element-e0ca857 section-title-style-default title_position_default title_hover_border_default title-default img_hover_animation_default readmore-btn-default-style grid-hover-overlay-type-always tpg-el-box-border-enable tpg-border-bottom-disable elementor-widget elementor-widget-tpg-list-layout\" data-id=\"e0ca857\" data-element_type=\"widget\" data-e-type=\"widget\" data-widget_type=\"tpg-list-layout.default\">\n\t\t\t\t<div class=\"elementor-widget-container\">\n\t\t\t\t\t\n        <div class=\"rt-container-fluid rt-tpg-container tpg-el-main-wrapper list-layout1-main \"\n             data-sc-id=\"elementor\"\n             id=\"rt-tpg-container-4253547784\"\n             data-layout=\"list-layout1\"\n             data-grid-style=\"tpg-even\"\n             data-el-settings=''\n             data-el-query=''\n             data-el-path=''\n        >\n\t\t\t            <div class='tpg-header-wrapper '>\n\t\t\t\t\n        <div class=\"tpg-widget-heading-wrapper rt-clear heading-default \">\n            <span class=\"tpg-widget-heading-line line-left\"><\/span>\n\t\t\t<h2 class='tpg-widget-heading'>\n\t\t\t\n\t\t\t\t                    <span>\n\t\t\t\t\t\t\t\t\t\t\t<\/span>\n\t\t\t\t\t\n\t\t\t\t\t\t\t<\/h2>            <span class=\"tpg-widget-heading-line line-right\"><\/span>\n\n\t\t\t\n        <\/div>\n\n\t\t\n\t\t            <\/div>\n\n            <div data-title=\"Loading ...\" class=\"rt-row rt-content-loader list-layout1 tpg-even list-behaviour list-layout-wrapper\">\n\t\t\t\t\n<div class=\"rt-col-md-12 rt-col-sm-12 rt-col-xs-12 default rt-list-item rt-grid-item\" data-id=\"7874\">\n\t<div class=\"rt-holder tpg-post-holder \">\n\t\t<div class=\"rt-detail rt-el-content-wrapper\">\n\t\t\t\t\t\t\t<div class=\"rt-img-holder tpg-el-image-wrap has-thumbnail\">\n\t\t\t\t\t<a data-id=\"7874\" href=\"https:\/\/yazinulkesi.com.tr\/?p=7874\" class=\"tpg-post-link\" target=\"_self\">                        <img fetchpriority=\"high\" decoding=\"async\" src=\"https:\/\/yazinulkesi.com.tr\/wp-content\/uploads\/2026\/03\/fatih-sorduk-soyledi-revize-768x614.png\"\n                             class=\"rt-img-responsive\"\n                             width=\"768\"\n                             height=\"614\"\n                             alt=\"Fatih Kutlubay&#8217;a Sorduk S\u00f6yledi\">\n\t\t\t\t\t\t\n\t\t\t\t\t\t\t\n\t\t<\/a>\n\t\t        <div class=\"overlay grid-hover-content\"><\/div>\n\t\t\t\t\t\t<\/div>\n\t\t\t\n\t\t\t<div class=\"post-right-content\">\n\t\t\t\t<div class=\"entry-title-wrapper\"><h3 class=\"entry-title\"><a data-id=\"7874\" href=\"https:\/\/yazinulkesi.com.tr\/?p=7874\" class=\"tpg-post-link\" target=\"_self\">Fatih Kutlubay&#8217;a Sorduk S\u00f6yledi<\/a><\/h3><\/div>\n\t\t\t\t\n\t\t\t\t\t\t\t\t\t<div class=\"tpg-excerpt tpg-el-excerpt\">\n\t\t\t\t\t\t\t\t\t\t\t\t\t<div class=\"tpg-excerpt-inner\">\n\t\t\t\t\t\t\t\t\u00d6yk\u00fcc\u00fc, romanc\u0131 yazar M. Fatih Kutlubay\u2019a bir metni kal\u0131c\u0131 k\u0131lan hususu sorduk. Verdi\u011fi cevapta...\t\t\t\t\t\t\t<\/div>\n\t\t\t\t\t\t\t\t\t\t\t\t\t\t\t\t\t<\/div>\n\t\t\t\t\n\t\t\t\t        <div class=\"post-footer\">\n            <div class=\"post-footer\">\n                <div class=\"read-more\">\n\t\t\t\t\t<a data-id=\"7874\" href=\"https:\/\/yazinulkesi.com.tr\/?p=7874\" class=\"tpg-post-link\" target=\"_self\">Devam\u0131<\/a>                <\/div>\n            <\/div>\n        <\/div>\n\t\t\t\t\t<\/div>\n\t\t<\/div>\n\t<\/div>\n<\/div>\n\n<div class=\"rt-col-md-12 rt-col-sm-12 rt-col-xs-12 default rt-list-item rt-grid-item\" data-id=\"7711\">\n\t<div class=\"rt-holder tpg-post-holder \">\n\t\t<div class=\"rt-detail rt-el-content-wrapper\">\n\t\t\t\t\t\t\t<div class=\"rt-img-holder tpg-el-image-wrap has-thumbnail\">\n\t\t\t\t\t<a data-id=\"7711\" href=\"https:\/\/yazinulkesi.com.tr\/?p=7711\" class=\"tpg-post-link\" target=\"_self\">                        <img decoding=\"async\" src=\"https:\/\/yazinulkesi.com.tr\/wp-content\/uploads\/2026\/03\/huseyin-ahmet-celik-768x614.png\"\n                             class=\"rt-img-responsive\"\n                             width=\"768\"\n                             height=\"614\"\n                             alt=\"H\u00fcseyin Ahmet \u00c7elik&#8217;e Sorduk S\u00f6yledi\">\n\t\t\t\t\t\t\n\t\t\t\t\t\t\t\n\t\t<\/a>\n\t\t        <div class=\"overlay grid-hover-content\"><\/div>\n\t\t\t\t\t\t<\/div>\n\t\t\t\n\t\t\t<div class=\"post-right-content\">\n\t\t\t\t<div class=\"entry-title-wrapper\"><h3 class=\"entry-title\"><a data-id=\"7711\" href=\"https:\/\/yazinulkesi.com.tr\/?p=7711\" class=\"tpg-post-link\" target=\"_self\">H\u00fcseyin Ahmet \u00c7elik&#8217;e Sorduk S\u00f6yledi<\/a><\/h3><\/div>\n\t\t\t\t\n\t\t\t\t\t\t\t\t\t<div class=\"tpg-excerpt tpg-el-excerpt\">\n\t\t\t\t\t\t\t\t\t\t\t\t\t<div class=\"tpg-excerpt-inner\">\n\t\t\t\t\t\t\t\tBug\u00fcn\u00fcn gen\u00e7 yazarlar\u0131nda sizi en \u00e7ok heyecanland\u0131ran \u015fey nedir? Buna kar\u015f\u0131l\u0131k sizi kayg\u0131land\u0131ran...\t\t\t\t\t\t\t<\/div>\n\t\t\t\t\t\t\t\t\t\t\t\t\t\t\t\t\t<\/div>\n\t\t\t\t\n\t\t\t\t        <div class=\"post-footer\">\n            <div class=\"post-footer\">\n                <div class=\"read-more\">\n\t\t\t\t\t<a data-id=\"7711\" href=\"https:\/\/yazinulkesi.com.tr\/?p=7711\" class=\"tpg-post-link\" target=\"_self\">Devam\u0131<\/a>                <\/div>\n            <\/div>\n        <\/div>\n\t\t\t\t\t<\/div>\n\t\t<\/div>\n\t<\/div>\n<\/div>\n\n<div class=\"rt-col-md-12 rt-col-sm-12 rt-col-xs-12 default rt-list-item rt-grid-item\" data-id=\"7471\">\n\t<div class=\"rt-holder tpg-post-holder \">\n\t\t<div class=\"rt-detail rt-el-content-wrapper\">\n\t\t\t\t\t\t\t<div class=\"rt-img-holder tpg-el-image-wrap has-thumbnail\">\n\t\t\t\t\t<a data-id=\"7471\" href=\"https:\/\/yazinulkesi.com.tr\/?p=7471\" class=\"tpg-post-link\" target=\"_self\">                        <img decoding=\"async\" src=\"https:\/\/yazinulkesi.com.tr\/wp-content\/uploads\/2026\/03\/SORDUK-SOYLEDI--768x614.png\"\n                             class=\"rt-img-responsive\"\n                             width=\"768\"\n                             height=\"614\"\n                             alt=\"Sebahat Meraki\u2019ye Sorduk S\u00f6yledi\">\n\t\t\t\t\t\t\n\t\t\t\t\t\t\t\n\t\t<\/a>\n\t\t        <div class=\"overlay grid-hover-content\"><\/div>\n\t\t\t\t\t\t<\/div>\n\t\t\t\n\t\t\t<div class=\"post-right-content\">\n\t\t\t\t<div class=\"entry-title-wrapper\"><h3 class=\"entry-title\"><a data-id=\"7471\" href=\"https:\/\/yazinulkesi.com.tr\/?p=7471\" class=\"tpg-post-link\" target=\"_self\">Sebahat Meraki\u2019ye Sorduk S\u00f6yledi<\/a><\/h3><\/div>\n\t\t\t\t\n\t\t\t\t\t\t\t\t\t<div class=\"tpg-excerpt tpg-el-excerpt\">\n\t\t\t\t\t\t\t\t\t\t\t\t\t<div class=\"tpg-excerpt-inner\">\n\t\t\t\t\t\t\t\tT\u00fcrk edebiyat\u0131nda \u201cgelenek\u201d kavram\u0131 sizce bir y\u00fck m\u00fc?...\t\t\t\t\t\t\t<\/div>\n\t\t\t\t\t\t\t\t\t\t\t\t\t\t\t\t\t<\/div>\n\t\t\t\t\n\t\t\t\t        <div class=\"post-footer\">\n            <div class=\"post-footer\">\n                <div class=\"read-more\">\n\t\t\t\t\t<a data-id=\"7471\" href=\"https:\/\/yazinulkesi.com.tr\/?p=7471\" class=\"tpg-post-link\" target=\"_self\">Devam\u0131<\/a>                <\/div>\n            <\/div>\n        <\/div>\n\t\t\t\t\t<\/div>\n\t\t<\/div>\n\t<\/div>\n<\/div>\n\n<div class=\"rt-col-md-12 rt-col-sm-12 rt-col-xs-12 default rt-list-item rt-grid-item\" data-id=\"7312\">\n\t<div class=\"rt-holder tpg-post-holder \">\n\t\t<div class=\"rt-detail rt-el-content-wrapper\">\n\t\t\t\t\t\t\t<div class=\"rt-img-holder tpg-el-image-wrap has-thumbnail\">\n\t\t\t\t\t<a data-id=\"7312\" href=\"https:\/\/yazinulkesi.com.tr\/?p=7312\" class=\"tpg-post-link\" target=\"_self\">                        <img loading=\"lazy\" decoding=\"async\" src=\"https:\/\/yazinulkesi.com.tr\/wp-content\/uploads\/2026\/03\/Sorduk-Soyledi-2.png\"\n                             class=\"rt-img-responsive\"\n                             width=\"500\"\n                             height=\"400\"\n                             alt=\"Abd\u00fclhalik Aker&#8217;e Sorduk, S\u00f6yledi\">\n\t\t\t\t\t\t\n\t\t\t\t\t\t\t\n\t\t<\/a>\n\t\t        <div class=\"overlay grid-hover-content\"><\/div>\n\t\t\t\t\t\t<\/div>\n\t\t\t\n\t\t\t<div class=\"post-right-content\">\n\t\t\t\t<div class=\"entry-title-wrapper\"><h3 class=\"entry-title\"><a data-id=\"7312\" href=\"https:\/\/yazinulkesi.com.tr\/?p=7312\" class=\"tpg-post-link\" target=\"_self\">Abd\u00fclhalik Aker&#8217;e Sorduk, S\u00f6yledi<\/a><\/h3><\/div>\n\t\t\t\t\n\t\t\t\t\t\t\t\t\t<div class=\"tpg-excerpt tpg-el-excerpt\">\n\t\t\t\t\t\t\t\t\t\t\t\t\t<div class=\"tpg-excerpt-inner\">\n\t\t\t\t\t\t\t\tT\u00fcrk edebiyat\u0131nda s\u0131k\u00e7a rastlad\u0131\u011f\u0131m\u0131z melankoli ve i\u00e7 s\u0131k\u0131nt\u0131s\u0131 h\u00e2li sizce tarihsel bir miras m\u0131...\t\t\t\t\t\t\t<\/div>\n\t\t\t\t\t\t\t\t\t\t\t\t\t\t\t\t\t<\/div>\n\t\t\t\t\n\t\t\t\t        <div class=\"post-footer\">\n            <div class=\"post-footer\">\n                <div class=\"read-more\">\n\t\t\t\t\t<a data-id=\"7312\" href=\"https:\/\/yazinulkesi.com.tr\/?p=7312\" class=\"tpg-post-link\" target=\"_self\">Devam\u0131<\/a>                <\/div>\n            <\/div>\n        <\/div>\n\t\t\t\t\t<\/div>\n\t\t<\/div>\n\t<\/div>\n<\/div>\n\n<div class=\"rt-col-md-12 rt-col-sm-12 rt-col-xs-12 default rt-list-item rt-grid-item\" data-id=\"6920\">\n\t<div class=\"rt-holder tpg-post-holder \">\n\t\t<div class=\"rt-detail rt-el-content-wrapper\">\n\t\t\t\t\t\t\t<div class=\"rt-img-holder tpg-el-image-wrap has-thumbnail\">\n\t\t\t\t\t<a data-id=\"6920\" href=\"https:\/\/yazinulkesi.com.tr\/?p=6920\" class=\"tpg-post-link\" target=\"_self\">                        <img loading=\"lazy\" decoding=\"async\" src=\"https:\/\/yazinulkesi.com.tr\/wp-content\/uploads\/2026\/03\/IMG_2910-768x614.png\"\n                             class=\"rt-img-responsive\"\n                             width=\"768\"\n                             height=\"614\"\n                             alt=\"Veysel Altunta\u015f&#8217;a sorduk, s\u00f6yledi\">\n\t\t\t\t\t\t\n\t\t\t\t\t\t\t\n\t\t<\/a>\n\t\t        <div class=\"overlay grid-hover-content\"><\/div>\n\t\t\t\t\t\t<\/div>\n\t\t\t\n\t\t\t<div class=\"post-right-content\">\n\t\t\t\t<div class=\"entry-title-wrapper\"><h3 class=\"entry-title\"><a data-id=\"6920\" href=\"https:\/\/yazinulkesi.com.tr\/?p=6920\" class=\"tpg-post-link\" target=\"_self\">Veysel Altunta\u015f&#8217;a sorduk, s\u00f6yledi<\/a><\/h3><\/div>\n\t\t\t\t\n\t\t\t\t\t\t\t\t\t<div class=\"tpg-excerpt tpg-el-excerpt\">\n\t\t\t\t\t\t\t\t\t\t\t\t\t<div class=\"tpg-excerpt-inner\">\n\t\t\t\t\t\t\t\tT\u00fcrk \u015fiirinde ve roman\u0131nda \u201cb\u00fcy\u00fck anlat\u0131lar\u0131n\u201d zay\u0131flad\u0131\u011f\u0131 s\u00f6yleniyor. Sizce ger\u00e7ekten b\u00fcy\u00fck...\t\t\t\t\t\t\t<\/div>\n\t\t\t\t\t\t\t\t\t\t\t\t\t\t\t\t\t<\/div>\n\t\t\t\t\n\t\t\t\t        <div class=\"post-footer\">\n            <div class=\"post-footer\">\n                <div class=\"read-more\">\n\t\t\t\t\t<a data-id=\"6920\" href=\"https:\/\/yazinulkesi.com.tr\/?p=6920\" class=\"tpg-post-link\" target=\"_self\">Devam\u0131<\/a>                <\/div>\n            <\/div>\n        <\/div>\n\t\t\t\t\t<\/div>\n\t\t<\/div>\n\t<\/div>\n<\/div>\n\n<div class=\"rt-col-md-12 rt-col-sm-12 rt-col-xs-12 default rt-list-item rt-grid-item\" data-id=\"6918\">\n\t<div class=\"rt-holder tpg-post-holder \">\n\t\t<div class=\"rt-detail rt-el-content-wrapper\">\n\t\t\t\t\t\t\t<div class=\"rt-img-holder tpg-el-image-wrap has-thumbnail\">\n\t\t\t\t\t<a data-id=\"6918\" href=\"https:\/\/yazinulkesi.com.tr\/?p=6918\" class=\"tpg-post-link\" target=\"_self\">                        <img loading=\"lazy\" decoding=\"async\" src=\"https:\/\/yazinulkesi.com.tr\/wp-content\/uploads\/2026\/03\/Sorduk-Soyledi.png\"\n                             class=\"rt-img-responsive\"\n                             width=\"500\"\n                             height=\"400\"\n                             alt=\"Bu hafta Sorduk S\u00f6yledi b\u00f6l\u00fcm\u00fcnde Yasin Ta\u00e7ar\u2019\u0131 konuk ettik\">\n\t\t\t\t\t\t\n\t\t\t\t\t\t\t\n\t\t<\/a>\n\t\t        <div class=\"overlay grid-hover-content\"><\/div>\n\t\t\t\t\t\t<\/div>\n\t\t\t\n\t\t\t<div class=\"post-right-content\">\n\t\t\t\t<div class=\"entry-title-wrapper\"><h3 class=\"entry-title\"><a data-id=\"6918\" href=\"https:\/\/yazinulkesi.com.tr\/?p=6918\" class=\"tpg-post-link\" target=\"_self\">Bu hafta Sorduk S\u00f6yledi b\u00f6l\u00fcm\u00fcnde Yasin Ta\u00e7ar\u2019\u0131 konuk ettik<\/a><\/h3><\/div>\n\t\t\t\t\n\t\t\t\t\t\t\t\t\t<div class=\"tpg-excerpt tpg-el-excerpt\">\n\t\t\t\t\t\t\t\t\t\t\t\t\t<div class=\"tpg-excerpt-inner\">\n\t\t\t\t\t\t\t\tTa\u00e7ar, edebiyat\u0131n ni\u00e7in g\u00f6n\u00fclle yap\u0131lan bir amel olmas\u0131 gerekti\u011fini anlatt\u0131. Yasin Ta\u00e7ar:Sineman\u0131n...\t\t\t\t\t\t\t<\/div>\n\t\t\t\t\t\t\t\t\t\t\t\t\t\t\t\t\t<\/div>\n\t\t\t\t\n\t\t\t\t        <div class=\"post-footer\">\n            <div class=\"post-footer\">\n                <div class=\"read-more\">\n\t\t\t\t\t<a data-id=\"6918\" href=\"https:\/\/yazinulkesi.com.tr\/?p=6918\" class=\"tpg-post-link\" target=\"_self\">Devam\u0131<\/a>                <\/div>\n            <\/div>\n        <\/div>\n\t\t\t\t\t<\/div>\n\t\t<\/div>\n\t<\/div>\n<\/div>\n            <\/div>\n\n\t\t\t\n        <\/div>\n\t\t\t\t\t\t<\/div>\n\t\t\t\t<\/div>\n\t\t\t\t\t<\/div>\n\t\t\t\t<\/div>\n\t\t\t\t<\/div>\n\t\t","protected":false},"excerpt":{"rendered":"<div class=\"tmnf_excerpt\"><p>Sebahat Meraki\u2019ye Sorduk S\u00f6yledi T\u00fcrk edebiyat\u0131nda \u201cgelenek\u201d kavram\u0131 sizce bir y\u00fck m\u00fc?&#8230; Devam\u0131 Abd\u00fclhalik Aker&#8217;e Sorduk, S\u00f6yledi T\u00fcrk edebiyat\u0131nda s\u0131k\u00e7a rastlad\u0131\u011f\u0131m\u0131z melankoli ve i\u00e7 s\u0131k\u0131nt\u0131s\u0131 h\u00e2li sizce tarihsel bir miras m\u0131&#8230; Devam\u0131 Veysel Altunta\u015f&#8217;a sorduk, s\u00f6yledi T\u00fcrk \u015fiirinde ve roman\u0131nda \u201cb\u00fcy\u00fck anlat\u0131lar\u0131n\u201d zay\u0131flad\u0131\u011f\u0131 s\u00f6yleniyor. Sizce ger\u00e7ekten b\u00fcy\u00fck&#8230; Devam\u0131 Bu hafta Sorduk S\u00f6yledi b\u00f6l\u00fcm\u00fcnde Yasin Ta\u00e7ar\u2019\u0131 &hellip;<\/p>\n<\/div>","protected":false},"author":1,"featured_media":7292,"parent":0,"menu_order":0,"comment_status":"closed","ping_status":"closed","template":"template-fullwidth.php","meta":{"_eb_attr":"","footnotes":""},"class_list":["post-6626","page","type-page","status-publish","has-post-thumbnail","hentry"],"rttpg_featured_image_url":{"full":["https:\/\/yazinulkesi.com.tr\/wp-content\/uploads\/2026\/03\/Sorduk-soyledi-kategori.png",500,400,false],"landscape":["https:\/\/yazinulkesi.com.tr\/wp-content\/uploads\/2026\/03\/Sorduk-soyledi-kategori.png",500,400,false],"portraits":["https:\/\/yazinulkesi.com.tr\/wp-content\/uploads\/2026\/03\/Sorduk-soyledi-kategori.png",500,400,false],"thumbnail":["https:\/\/yazinulkesi.com.tr\/wp-content\/uploads\/2026\/03\/Sorduk-soyledi-kategori-150x150.png",150,150,true],"medium":["https:\/\/yazinulkesi.com.tr\/wp-content\/uploads\/2026\/03\/Sorduk-soyledi-kategori-300x240.png",300,240,true],"large":["https:\/\/yazinulkesi.com.tr\/wp-content\/uploads\/2026\/03\/Sorduk-soyledi-kategori.png",500,400,false],"1536x1536":["https:\/\/yazinulkesi.com.tr\/wp-content\/uploads\/2026\/03\/Sorduk-soyledi-kategori.png",500,400,false],"2048x2048":["https:\/\/yazinulkesi.com.tr\/wp-content\/uploads\/2026\/03\/Sorduk-soyledi-kategori.png",500,400,false],"codate_slider":["https:\/\/yazinulkesi.com.tr\/wp-content\/uploads\/2026\/03\/Sorduk-soyledi-kategori.png",500,400,false],"codate_item":["https:\/\/yazinulkesi.com.tr\/wp-content\/uploads\/2026\/03\/Sorduk-soyledi-kategori-500x350.png",500,350,true],"codate_item_vetical":["https:\/\/yazinulkesi.com.tr\/wp-content\/uploads\/2026\/03\/Sorduk-soyledi-kategori.png",500,400,false],"codate_item_masonry":["https:\/\/yazinulkesi.com.tr\/wp-content\/uploads\/2026\/03\/Sorduk-soyledi-kategori.png",500,400,false],"codate_blog":["https:\/\/yazinulkesi.com.tr\/wp-content\/uploads\/2026\/03\/Sorduk-soyledi-kategori-417x340.png",417,340,true],"codate_single":["https:\/\/yazinulkesi.com.tr\/wp-content\/uploads\/2026\/03\/Sorduk-soyledi-kategori.png",500,400,false],"codate_tabs":["https:\/\/yazinulkesi.com.tr\/wp-content\/uploads\/2026\/03\/Sorduk-soyledi-kategori-90x90.png",90,90,true]},"rttpg_author":{"display_name":"marascol.adm21@gmail.com","author_link":"https:\/\/yazinulkesi.com.tr\/author\/marascol-adm21gmail-com"},"rttpg_comment":0,"rttpg_category":"","rttpg_excerpt":"Sebahat Meraki\u2019ye Sorduk S\u00f6yledi T\u00fcrk edebiyat\u0131nda \u201cgelenek\u201d kavram\u0131 sizce bir y\u00fck m\u00fc?&#8230; Devam\u0131 Abd\u00fclhalik Aker&#8217;e Sorduk, S\u00f6yledi T\u00fcrk edebiyat\u0131nda s\u0131k\u00e7a rastlad\u0131\u011f\u0131m\u0131z melankoli ve i\u00e7 s\u0131k\u0131nt\u0131s\u0131 h\u00e2li sizce tarihsel bir miras m\u0131&#8230; Devam\u0131 Veysel Altunta\u015f&#8217;a sorduk, s\u00f6yledi T\u00fcrk \u015fiirinde ve roman\u0131nda \u201cb\u00fcy\u00fck anlat\u0131lar\u0131n\u201d zay\u0131flad\u0131\u011f\u0131 s\u00f6yleniyor. Sizce ger\u00e7ekten b\u00fcy\u00fck&#8230; Devam\u0131 Bu hafta Sorduk S\u00f6yledi b\u00f6l\u00fcm\u00fcnde Yasin Ta\u00e7ar\u2019\u0131&hellip;","_links":{"self":[{"href":"https:\/\/yazinulkesi.com.tr\/index.php?rest_route=\/wp\/v2\/pages\/6626","targetHints":{"allow":["GET"]}}],"collection":[{"href":"https:\/\/yazinulkesi.com.tr\/index.php?rest_route=\/wp\/v2\/pages"}],"about":[{"href":"https:\/\/yazinulkesi.com.tr\/index.php?rest_route=\/wp\/v2\/types\/page"}],"author":[{"embeddable":true,"href":"https:\/\/yazinulkesi.com.tr\/index.php?rest_route=\/wp\/v2\/users\/1"}],"replies":[{"embeddable":true,"href":"https:\/\/yazinulkesi.com.tr\/index.php?rest_route=%2Fwp%2Fv2%2Fcomments&post=6626"}],"version-history":[{"count":7,"href":"https:\/\/yazinulkesi.com.tr\/index.php?rest_route=\/wp\/v2\/pages\/6626\/revisions"}],"predecessor-version":[{"id":7554,"href":"https:\/\/yazinulkesi.com.tr\/index.php?rest_route=\/wp\/v2\/pages\/6626\/revisions\/7554"}],"wp:featuredmedia":[{"embeddable":true,"href":"https:\/\/yazinulkesi.com.tr\/index.php?rest_route=\/wp\/v2\/media\/7292"}],"wp:attachment":[{"href":"https:\/\/yazinulkesi.com.tr\/index.php?rest_route=%2Fwp%2Fv2%2Fmedia&parent=6626"}],"curies":[{"name":"wp","href":"https:\/\/api.w.org\/{rel}","templated":true}]}}