{"id":6421,"date":"2026-02-18T10:55:58","date_gmt":"2026-02-18T10:55:58","guid":{"rendered":"https:\/\/yazinulkesi.com.tr\/?page_id=6421"},"modified":"2026-03-16T14:25:32","modified_gmt":"2026-03-16T10:55:32","slug":"biyografi","status":"publish","type":"page","link":"https:\/\/yazinulkesi.com.tr\/?page_id=6421","title":{"rendered":"Buras\u0131 Bir Kitap"},"content":{"rendered":"\t\t<div data-elementor-type=\"wp-page\" data-elementor-id=\"6421\" class=\"elementor elementor-6421\">\n\t\t\t\t<div class=\"elementor-element elementor-element-6def158 e-flex e-con-boxed e-con e-parent\" data-id=\"6def158\" data-element_type=\"container\" data-e-type=\"container\">\n\t\t\t\t\t<div class=\"e-con-inner\">\n\t\t\t\t<div class=\"elementor-element elementor-element-8b27a21 section-title-style-default title_position_default title_hover_border_default title-default img_hover_animation_default readmore-btn-default-style grid-hover-overlay-type-always tpg-el-box-border-enable tpg-border-bottom-disable elementor-widget elementor-widget-tpg-list-layout\" data-id=\"8b27a21\" data-element_type=\"widget\" data-e-type=\"widget\" data-widget_type=\"tpg-list-layout.default\">\n\t\t\t\t<div class=\"elementor-widget-container\">\n\t\t\t\t\t\n        <div class=\"rt-container-fluid rt-tpg-container tpg-el-main-wrapper list-layout1-main \"\n             data-sc-id=\"elementor\"\n             id=\"rt-tpg-container-1290821119\"\n             data-layout=\"list-layout1\"\n             data-grid-style=\"tpg-even\"\n             data-el-settings=''\n             data-el-query=''\n             data-el-path=''\n        >\n\t\t\t            <div class='tpg-header-wrapper '>\n\t\t\t\t\n        <div class=\"tpg-widget-heading-wrapper rt-clear heading-default \">\n            <span class=\"tpg-widget-heading-line line-left\"><\/span>\n\t\t\t<h2 class='tpg-widget-heading'>\n\t\t\t\n\t\t\t\t                    <span>\n\t\t\t\t\t\t\t\t\t\t\t<\/span>\n\t\t\t\t\t\n\t\t\t\t\t\t\t<\/h2>            <span class=\"tpg-widget-heading-line line-right\"><\/span>\n\n\t\t\t\n        <\/div>\n\n\t\t\n\t\t            <\/div>\n\n            <div data-title=\"Loading ...\" class=\"rt-row rt-content-loader list-layout1 tpg-even list-behaviour list-layout-wrapper\">\n\t\t\t\t\n<div class=\"rt-col-md-12 rt-col-sm-12 rt-col-xs-12 default rt-list-item rt-grid-item\" data-id=\"7890\">\n\t<div class=\"rt-holder tpg-post-holder \">\n\t\t<div class=\"rt-detail rt-el-content-wrapper\">\n\t\t\t\t\t\t\t<div class=\"rt-img-holder tpg-el-image-wrap has-thumbnail\">\n\t\t\t\t\t<a data-id=\"7890\" href=\"https:\/\/yazinulkesi.com.tr\/?p=7890\" class=\"tpg-post-link\" target=\"_self\">                        <img fetchpriority=\"high\" decoding=\"async\" src=\"https:\/\/yazinulkesi.com.tr\/wp-content\/uploads\/2026\/03\/Kadir-Danis-417x340.png\"\n                             class=\"rt-img-responsive\"\n                             width=\"417\"\n                             height=\"340\"\n                             alt=\"Kadir Dani\u015f- Birka\u00e7 \u00d6l\u00fcm Sonra\">\n\t\t\t\t\t\t\n\t\t\t\t\t\t\t\n\t\t<\/a>\n\t\t        <div class=\"overlay grid-hover-content\"><\/div>\n\t\t\t\t\t\t<\/div>\n\t\t\t\n\t\t\t<div class=\"post-right-content\">\n\t\t\t\t<div class=\"entry-title-wrapper\"><h3 class=\"entry-title\"><a data-id=\"7890\" href=\"https:\/\/yazinulkesi.com.tr\/?p=7890\" class=\"tpg-post-link\" target=\"_self\">Kadir Dani\u015f- Birka\u00e7 \u00d6l\u00fcm Sonra<\/a><\/h3><\/div>\n\t\t\t\t\n\t\t\t\t\t\t\t\t\t<div class=\"tpg-excerpt tpg-el-excerpt\">\n\t\t\t\t\t\t\t\t\t\t\t\t\t<div class=\"tpg-excerpt-inner\">\n\t\t\t\t\t\t\t\tBuras\u0131 bir kitap ve bu kitap Kadir Dani\u015f\u2019in Birka\u00e7 \u00d6l\u00fcm Sonra kitab\u0131. \u00c7\u00fcnk\u00fc hayat\u0131n getirdi\u011fi...\t\t\t\t\t\t\t<\/div>\n\t\t\t\t\t\t\t\t\t\t\t\t\t\t\t\t\t<\/div>\n\t\t\t\t\n\t\t\t\t        <div class=\"post-footer\">\n            <div class=\"post-footer\">\n                <div class=\"read-more\">\n\t\t\t\t\t<a data-id=\"7890\" href=\"https:\/\/yazinulkesi.com.tr\/?p=7890\" class=\"tpg-post-link\" target=\"_self\">Devam\u0131<\/a>                <\/div>\n            <\/div>\n        <\/div>\n\t\t\t\t\t<\/div>\n\t\t<\/div>\n\t<\/div>\n<\/div>\n\n<div class=\"rt-col-md-12 rt-col-sm-12 rt-col-xs-12 default rt-list-item rt-grid-item\" data-id=\"7734\">\n\t<div class=\"rt-holder tpg-post-holder \">\n\t\t<div class=\"rt-detail rt-el-content-wrapper\">\n\t\t\t\t\t\t\t<div class=\"rt-img-holder tpg-el-image-wrap has-thumbnail\">\n\t\t\t\t\t<a data-id=\"7734\" href=\"https:\/\/yazinulkesi.com.tr\/?p=7734\" class=\"tpg-post-link\" target=\"_self\">                        <img decoding=\"async\" src=\"https:\/\/yazinulkesi.com.tr\/wp-content\/uploads\/2026\/03\/tevfik-el-hakim-417x340.png\"\n                             class=\"rt-img-responsive\"\n                             width=\"417\"\n                             height=\"340\"\n                             alt=\"Tevfik el-Hakim- \u015eark\u2019\u0131n Ser\u00e7esi\">\n\t\t\t\t\t\t\n\t\t\t\t\t\t\t\n\t\t<\/a>\n\t\t        <div class=\"overlay grid-hover-content\"><\/div>\n\t\t\t\t\t\t<\/div>\n\t\t\t\n\t\t\t<div class=\"post-right-content\">\n\t\t\t\t<div class=\"entry-title-wrapper\"><h3 class=\"entry-title\"><a data-id=\"7734\" href=\"https:\/\/yazinulkesi.com.tr\/?p=7734\" class=\"tpg-post-link\" target=\"_self\">Tevfik el-Hakim- \u015eark\u2019\u0131n Ser\u00e7esi<\/a><\/h3><\/div>\n\t\t\t\t\n\t\t\t\t\t\t\t\t\t<div class=\"tpg-excerpt tpg-el-excerpt\">\n\t\t\t\t\t\t\t\t\t\t\t\t\t<div class=\"tpg-excerpt-inner\">\n\t\t\t\t\t\t\t\tBuras\u0131 bir kitap ve bu kitap Tevfik el-Hakim\u2019in \u015eark\u2019\u0131n Ser\u00e7esi adl\u0131 roman\u0131. \u00c7\u00fcnk\u00fc modern hayatta...\t\t\t\t\t\t\t<\/div>\n\t\t\t\t\t\t\t\t\t\t\t\t\t\t\t\t\t<\/div>\n\t\t\t\t\n\t\t\t\t        <div class=\"post-footer\">\n            <div class=\"post-footer\">\n                <div class=\"read-more\">\n\t\t\t\t\t<a data-id=\"7734\" href=\"https:\/\/yazinulkesi.com.tr\/?p=7734\" class=\"tpg-post-link\" target=\"_self\">Devam\u0131<\/a>                <\/div>\n            <\/div>\n        <\/div>\n\t\t\t\t\t<\/div>\n\t\t<\/div>\n\t<\/div>\n<\/div>\n\n<div class=\"rt-col-md-12 rt-col-sm-12 rt-col-xs-12 default rt-list-item rt-grid-item\" data-id=\"7608\">\n\t<div class=\"rt-holder tpg-post-holder \">\n\t\t<div class=\"rt-detail rt-el-content-wrapper\">\n\t\t\t\t\t\t\t<div class=\"rt-img-holder tpg-el-image-wrap has-thumbnail\">\n\t\t\t\t\t<a data-id=\"7608\" href=\"https:\/\/yazinulkesi.com.tr\/?p=7608\" class=\"tpg-post-link\" target=\"_self\">                        <img decoding=\"async\" src=\"https:\/\/yazinulkesi.com.tr\/wp-content\/uploads\/2026\/03\/burasi-bir-kitap-hakkaride-bir-mevsim-417x340.png\"\n                             class=\"rt-img-responsive\"\n                             width=\"417\"\n                             height=\"340\"\n                             alt=\"Ferit Edg\u00fc- Hakk\u00e2ri&#8217;de Bir Mevsim\">\n\t\t\t\t\t\t\n\t\t\t\t\t\t\t\n\t\t<\/a>\n\t\t        <div class=\"overlay grid-hover-content\"><\/div>\n\t\t\t\t\t\t<\/div>\n\t\t\t\n\t\t\t<div class=\"post-right-content\">\n\t\t\t\t<div class=\"entry-title-wrapper\"><h3 class=\"entry-title\"><a data-id=\"7608\" href=\"https:\/\/yazinulkesi.com.tr\/?p=7608\" class=\"tpg-post-link\" target=\"_self\">Ferit Edg\u00fc- Hakk\u00e2ri&#8217;de Bir Mevsim<\/a><\/h3><\/div>\n\t\t\t\t\n\t\t\t\t\t\t\t\t\t<div class=\"tpg-excerpt tpg-el-excerpt\">\n\t\t\t\t\t\t\t\t\t\t\t\t\t<div class=\"tpg-excerpt-inner\">\n\t\t\t\t\t\t\t\tBuras\u0131 bir kitap ve bu kitap Ferit Edg\u00fc\u2019n\u00fcn Hakk\u00e2ri\u2019de Bir Mevsim roman\u0131. \u00c7\u00fcnk\u00fc yabanc\u0131la\u015fmak ve...\t\t\t\t\t\t\t<\/div>\n\t\t\t\t\t\t\t\t\t\t\t\t\t\t\t\t\t<\/div>\n\t\t\t\t\n\t\t\t\t        <div class=\"post-footer\">\n            <div class=\"post-footer\">\n                <div class=\"read-more\">\n\t\t\t\t\t<a data-id=\"7608\" href=\"https:\/\/yazinulkesi.com.tr\/?p=7608\" class=\"tpg-post-link\" target=\"_self\">Devam\u0131<\/a>                <\/div>\n            <\/div>\n        <\/div>\n\t\t\t\t\t<\/div>\n\t\t<\/div>\n\t<\/div>\n<\/div>\n\n<div class=\"rt-col-md-12 rt-col-sm-12 rt-col-xs-12 default rt-list-item rt-grid-item\" data-id=\"7320\">\n\t<div class=\"rt-holder tpg-post-holder \">\n\t\t<div class=\"rt-detail rt-el-content-wrapper\">\n\t\t\t\t\t\t\t<div class=\"rt-img-holder tpg-el-image-wrap has-thumbnail\">\n\t\t\t\t\t<a data-id=\"7320\" href=\"https:\/\/yazinulkesi.com.tr\/?p=7320\" class=\"tpg-post-link\" target=\"_self\">                        <img loading=\"lazy\" decoding=\"async\" src=\"https:\/\/yazinulkesi.com.tr\/wp-content\/uploads\/2026\/03\/BURASI-BIR-KITAP-1-417x340.png\"\n                             class=\"rt-img-responsive\"\n                             width=\"417\"\n                             height=\"340\"\n                             alt=\"Re\u015fat Nuri G\u00fcntekin, Damga\">\n\t\t\t\t\t\t\n\t\t\t\t\t\t\t\n\t\t<\/a>\n\t\t        <div class=\"overlay grid-hover-content\"><\/div>\n\t\t\t\t\t\t<\/div>\n\t\t\t\n\t\t\t<div class=\"post-right-content\">\n\t\t\t\t<div class=\"entry-title-wrapper\"><h3 class=\"entry-title\"><a data-id=\"7320\" href=\"https:\/\/yazinulkesi.com.tr\/?p=7320\" class=\"tpg-post-link\" target=\"_self\">Re\u015fat Nuri G\u00fcntekin, Damga<\/a><\/h3><\/div>\n\t\t\t\t\n\t\t\t\t\t\t\t\t\t<div class=\"tpg-excerpt tpg-el-excerpt\">\n\t\t\t\t\t\t\t\t\t\t\t\t\t<div class=\"tpg-excerpt-inner\">\n\t\t\t\t\t\t\t\tBuras\u0131 bir kitap ve bu kitap Re\u015fat Nuri G\u00fcntekin\u2019in Damga roman\u0131. \u00c7\u00fcnk\u00fc bir insan\u0131n bir \u00f6m\u00fcr boyu...\t\t\t\t\t\t\t<\/div>\n\t\t\t\t\t\t\t\t\t\t\t\t\t\t\t\t\t<\/div>\n\t\t\t\t\n\t\t\t\t        <div class=\"post-footer\">\n            <div class=\"post-footer\">\n                <div class=\"read-more\">\n\t\t\t\t\t<a data-id=\"7320\" href=\"https:\/\/yazinulkesi.com.tr\/?p=7320\" class=\"tpg-post-link\" target=\"_self\">Devam\u0131<\/a>                <\/div>\n            <\/div>\n        <\/div>\n\t\t\t\t\t<\/div>\n\t\t<\/div>\n\t<\/div>\n<\/div>\n\n<div class=\"rt-col-md-12 rt-col-sm-12 rt-col-xs-12 default rt-list-item rt-grid-item\" data-id=\"6556\">\n\t<div class=\"rt-holder tpg-post-holder \">\n\t\t<div class=\"rt-detail rt-el-content-wrapper\">\n\t\t\t\t\t\t\t<div class=\"rt-img-holder tpg-el-image-wrap has-thumbnail\">\n\t\t\t\t\t<a data-id=\"6556\" href=\"https:\/\/yazinulkesi.com.tr\/?p=6556\" class=\"tpg-post-link\" target=\"_self\">                        <img loading=\"lazy\" decoding=\"async\" src=\"https:\/\/yazinulkesi.com.tr\/wp-content\/uploads\/2026\/02\/IMG_2918-417x340.png\"\n                             class=\"rt-img-responsive\"\n                             width=\"417\"\n                             height=\"340\"\n                             alt=\"Horace McCoy &#8211; Atlar\u0131 Da Vururlar\">\n\t\t\t\t\t\t\n\t\t\t\t\t\t\t\n\t\t<\/a>\n\t\t        <div class=\"overlay grid-hover-content\"><\/div>\n\t\t\t\t\t\t<\/div>\n\t\t\t\n\t\t\t<div class=\"post-right-content\">\n\t\t\t\t<div class=\"entry-title-wrapper\"><h3 class=\"entry-title\"><a data-id=\"6556\" href=\"https:\/\/yazinulkesi.com.tr\/?p=6556\" class=\"tpg-post-link\" target=\"_self\">Horace McCoy &#8211; Atlar\u0131 Da Vururlar<\/a><\/h3><\/div>\n\t\t\t\t\n\t\t\t\t\t\t\t\t\t<div class=\"tpg-excerpt tpg-el-excerpt\">\n\t\t\t\t\t\t\t\t\t\t\t\t\t<div class=\"tpg-excerpt-inner\">\n\t\t\t\t\t\t\t\t\u00c7\u00fcnk\u00fc ekonomik buhran d\u00fcnyan\u0131n en evrensel konular\u0131ndan biridir...\t\t\t\t\t\t\t<\/div>\n\t\t\t\t\t\t\t\t\t\t\t\t\t\t\t\t\t<\/div>\n\t\t\t\t\n\t\t\t\t        <div class=\"post-footer\">\n            <div class=\"post-footer\">\n                <div class=\"read-more\">\n\t\t\t\t\t<a data-id=\"6556\" href=\"https:\/\/yazinulkesi.com.tr\/?p=6556\" class=\"tpg-post-link\" target=\"_self\">Devam\u0131<\/a>                <\/div>\n            <\/div>\n        <\/div>\n\t\t\t\t\t<\/div>\n\t\t<\/div>\n\t<\/div>\n<\/div>\n\n<div class=\"rt-col-md-12 rt-col-sm-12 rt-col-xs-12 default rt-list-item rt-grid-item\" data-id=\"6547\">\n\t<div class=\"rt-holder tpg-post-holder \">\n\t\t<div class=\"rt-detail rt-el-content-wrapper\">\n\t\t\t\t\t\t\t<div class=\"rt-img-holder tpg-el-image-wrap has-thumbnail\">\n\t\t\t\t\t<a data-id=\"6547\" href=\"https:\/\/yazinulkesi.com.tr\/?p=6547\" class=\"tpg-post-link\" target=\"_self\">                        <img loading=\"lazy\" decoding=\"async\" src=\"https:\/\/yazinulkesi.com.tr\/wp-content\/uploads\/2026\/02\/IMG_2913-417x340.png\"\n                             class=\"rt-img-responsive\"\n                             width=\"417\"\n                             height=\"340\"\n                             alt=\"Necip Mahfuz &#8211; Muhterem Efendim\">\n\t\t\t\t\t\t\n\t\t\t\t\t\t\t\n\t\t<\/a>\n\t\t        <div class=\"overlay grid-hover-content\"><\/div>\n\t\t\t\t\t\t<\/div>\n\t\t\t\n\t\t\t<div class=\"post-right-content\">\n\t\t\t\t<div class=\"entry-title-wrapper\"><h3 class=\"entry-title\"><a data-id=\"6547\" href=\"https:\/\/yazinulkesi.com.tr\/?p=6547\" class=\"tpg-post-link\" target=\"_self\">Necip Mahfuz &#8211; Muhterem Efendim<\/a><\/h3><\/div>\n\t\t\t\t\n\t\t\t\t\t\t\t\t\t<div class=\"tpg-excerpt tpg-el-excerpt\">\n\t\t\t\t\t\t\t\t\t\t\t\t\t<div class=\"tpg-excerpt-inner\">\n\t\t\t\t\t\t\t\tHerkese bir yan\u0131yla ayna tutabilmesi y\u00f6n\u00fcyle okunmay\u0131 hak eden bir kitap...\t\t\t\t\t\t\t<\/div>\n\t\t\t\t\t\t\t\t\t\t\t\t\t\t\t\t\t<\/div>\n\t\t\t\t\n\t\t\t\t        <div class=\"post-footer\">\n            <div class=\"post-footer\">\n                <div class=\"read-more\">\n\t\t\t\t\t<a data-id=\"6547\" href=\"https:\/\/yazinulkesi.com.tr\/?p=6547\" class=\"tpg-post-link\" target=\"_self\">Devam\u0131<\/a>                <\/div>\n            <\/div>\n        <\/div>\n\t\t\t\t\t<\/div>\n\t\t<\/div>\n\t<\/div>\n<\/div>\n            <\/div>\n\n\t\t\t\n        <\/div>\n\t\t\t\t\t\t<\/div>\n\t\t\t\t<\/div>\n\t\t\t\t\t<\/div>\n\t\t\t\t<\/div>\n\t\t\t\t<\/div>\n\t\t","protected":false},"excerpt":{"rendered":"<div class=\"tmnf_excerpt\"><p>RE\u015eAT NUR\u0130 G\u00dcNTEK\u0130N- DAMGA Buras\u0131 bir kitap ve bu kitap Re\u015fat Nuri G\u00fcntekin\u2019in Damga roman\u0131. \u00c7\u00fcnk\u00fc bir insan\u0131n bir \u00f6m\u00fcr boyu&#8230; Devam\u0131 Horace McCoy &#8211; Atlar\u0131 Da Vururlar \u00c7\u00fcnk\u00fc ekonomik buhran d\u00fcnyan\u0131n en evrensel konular\u0131ndan biridir&#8230; Devam\u0131 Necip Mahfuz &#8211; Muhterem Efendim Herkese bir yan\u0131yla ayna tutabilmesi y\u00f6n\u00fcyle okunmay\u0131 hak eden bir kitap&#8230; Devam\u0131<\/p>\n<\/div>","protected":false},"author":1,"featured_media":7294,"parent":0,"menu_order":0,"comment_status":"closed","ping_status":"closed","template":"template-fullwidth.php","meta":{"_eb_attr":"","footnotes":""},"class_list":["post-6421","page","type-page","status-publish","has-post-thumbnail","hentry"],"rttpg_featured_image_url":{"full":["https:\/\/yazinulkesi.com.tr\/wp-content\/uploads\/2026\/03\/Burasi-bir-kitap-kategori.png",500,400,false],"landscape":["https:\/\/yazinulkesi.com.tr\/wp-content\/uploads\/2026\/03\/Burasi-bir-kitap-kategori.png",500,400,false],"portraits":["https:\/\/yazinulkesi.com.tr\/wp-content\/uploads\/2026\/03\/Burasi-bir-kitap-kategori.png",500,400,false],"thumbnail":["https:\/\/yazinulkesi.com.tr\/wp-content\/uploads\/2026\/03\/Burasi-bir-kitap-kategori-150x150.png",150,150,true],"medium":["https:\/\/yazinulkesi.com.tr\/wp-content\/uploads\/2026\/03\/Burasi-bir-kitap-kategori-300x240.png",300,240,true],"large":["https:\/\/yazinulkesi.com.tr\/wp-content\/uploads\/2026\/03\/Burasi-bir-kitap-kategori.png",500,400,false],"1536x1536":["https:\/\/yazinulkesi.com.tr\/wp-content\/uploads\/2026\/03\/Burasi-bir-kitap-kategori.png",500,400,false],"2048x2048":["https:\/\/yazinulkesi.com.tr\/wp-content\/uploads\/2026\/03\/Burasi-bir-kitap-kategori.png",500,400,false],"codate_slider":["https:\/\/yazinulkesi.com.tr\/wp-content\/uploads\/2026\/03\/Burasi-bir-kitap-kategori.png",500,400,false],"codate_item":["https:\/\/yazinulkesi.com.tr\/wp-content\/uploads\/2026\/03\/Burasi-bir-kitap-kategori-500x350.png",500,350,true],"codate_item_vetical":["https:\/\/yazinulkesi.com.tr\/wp-content\/uploads\/2026\/03\/Burasi-bir-kitap-kategori.png",500,400,false],"codate_item_masonry":["https:\/\/yazinulkesi.com.tr\/wp-content\/uploads\/2026\/03\/Burasi-bir-kitap-kategori.png",500,400,false],"codate_blog":["https:\/\/yazinulkesi.com.tr\/wp-content\/uploads\/2026\/03\/Burasi-bir-kitap-kategori-417x340.png",417,340,true],"codate_single":["https:\/\/yazinulkesi.com.tr\/wp-content\/uploads\/2026\/03\/Burasi-bir-kitap-kategori.png",500,400,false],"codate_tabs":["https:\/\/yazinulkesi.com.tr\/wp-content\/uploads\/2026\/03\/Burasi-bir-kitap-kategori-90x90.png",90,90,true]},"rttpg_author":{"display_name":"marascol.adm21@gmail.com","author_link":"https:\/\/yazinulkesi.com.tr\/author\/marascol-adm21gmail-com"},"rttpg_comment":0,"rttpg_category":"","rttpg_excerpt":"RE\u015eAT NUR\u0130 G\u00dcNTEK\u0130N- DAMGA Buras\u0131 bir kitap ve bu kitap Re\u015fat Nuri G\u00fcntekin\u2019in Damga roman\u0131. \u00c7\u00fcnk\u00fc bir insan\u0131n bir \u00f6m\u00fcr boyu&#8230; Devam\u0131 Horace McCoy &#8211; Atlar\u0131 Da Vururlar \u00c7\u00fcnk\u00fc ekonomik buhran d\u00fcnyan\u0131n en evrensel konular\u0131ndan biridir&#8230; Devam\u0131 Necip Mahfuz &#8211; Muhterem Efendim Herkese bir yan\u0131yla ayna tutabilmesi y\u00f6n\u00fcyle okunmay\u0131 hak eden bir kitap&#8230; Devam\u0131","_links":{"self":[{"href":"https:\/\/yazinulkesi.com.tr\/index.php?rest_route=\/wp\/v2\/pages\/6421","targetHints":{"allow":["GET"]}}],"collection":[{"href":"https:\/\/yazinulkesi.com.tr\/index.php?rest_route=\/wp\/v2\/pages"}],"about":[{"href":"https:\/\/yazinulkesi.com.tr\/index.php?rest_route=\/wp\/v2\/types\/page"}],"author":[{"embeddable":true,"href":"https:\/\/yazinulkesi.com.tr\/index.php?rest_route=\/wp\/v2\/users\/1"}],"replies":[{"embeddable":true,"href":"https:\/\/yazinulkesi.com.tr\/index.php?rest_route=%2Fwp%2Fv2%2Fcomments&post=6421"}],"version-history":[{"count":15,"href":"https:\/\/yazinulkesi.com.tr\/index.php?rest_route=\/wp\/v2\/pages\/6421\/revisions"}],"predecessor-version":[{"id":7524,"href":"https:\/\/yazinulkesi.com.tr\/index.php?rest_route=\/wp\/v2\/pages\/6421\/revisions\/7524"}],"wp:featuredmedia":[{"embeddable":true,"href":"https:\/\/yazinulkesi.com.tr\/index.php?rest_route=\/wp\/v2\/media\/7294"}],"wp:attachment":[{"href":"https:\/\/yazinulkesi.com.tr\/index.php?rest_route=%2Fwp%2Fv2%2Fmedia&parent=6421"}],"curies":[{"name":"wp","href":"https:\/\/api.w.org\/{rel}","templated":true}]}}