{"id":6415,"date":"2026-02-18T10:55:03","date_gmt":"2026-02-18T10:55:03","guid":{"rendered":"https:\/\/yazinulkesi.com.tr\/?page_id=6415"},"modified":"2026-03-16T14:27:39","modified_gmt":"2026-03-16T10:57:39","slug":"yazi","status":"publish","type":"page","link":"https:\/\/yazinulkesi.com.tr\/?page_id=6415","title":{"rendered":"Kadim Metinler"},"content":{"rendered":"\t\t<div data-elementor-type=\"wp-page\" data-elementor-id=\"6415\" class=\"elementor elementor-6415\">\n\t\t\t\t<div class=\"elementor-element elementor-element-ee7d573 e-flex e-con-boxed e-con e-parent\" data-id=\"ee7d573\" data-element_type=\"container\" data-e-type=\"container\">\n\t\t\t\t\t<div class=\"e-con-inner\">\n\t\t\t\t<div class=\"elementor-element elementor-element-f4a6cfe section-title-style-default title_position_default title_hover_border_default title-default img_hover_animation_default readmore-btn-default-style grid-hover-overlay-type-always tpg-el-box-border-enable tpg-border-bottom-disable elementor-widget elementor-widget-tpg-list-layout\" data-id=\"f4a6cfe\" data-element_type=\"widget\" data-e-type=\"widget\" data-widget_type=\"tpg-list-layout.default\">\n\t\t\t\t<div class=\"elementor-widget-container\">\n\t\t\t\t\t\n        <div class=\"rt-container-fluid rt-tpg-container tpg-el-main-wrapper list-layout1-main \"\n             data-sc-id=\"elementor\"\n             id=\"rt-tpg-container-3804806942\"\n             data-layout=\"list-layout1\"\n             data-grid-style=\"tpg-even\"\n             data-el-settings=''\n             data-el-query=''\n             data-el-path=''\n        >\n\t\t\t            <div class='tpg-header-wrapper '>\n\t\t\t\t\n        <div class=\"tpg-widget-heading-wrapper rt-clear heading-default \">\n            <span class=\"tpg-widget-heading-line line-left\"><\/span>\n\t\t\t<h2 class='tpg-widget-heading'>\n\t\t\t\n\t\t\t\t                    <span>\n\t\t\t\t\t\t\t\t\t\t\t<\/span>\n\t\t\t\t\t\n\t\t\t\t\t\t\t<\/h2>            <span class=\"tpg-widget-heading-line line-right\"><\/span>\n\n\t\t\t\n        <\/div>\n\n\t\t\n\t\t            <\/div>\n\n            <div data-title=\"Loading ...\" class=\"rt-row rt-content-loader list-layout1 tpg-even list-behaviour list-layout-wrapper\">\n\t\t\t\t\n<div class=\"rt-col-md-12 rt-col-sm-12 rt-col-xs-12 default rt-list-item rt-grid-item\" data-id=\"7857\">\n\t<div class=\"rt-holder tpg-post-holder \">\n\t\t<div class=\"rt-detail rt-el-content-wrapper\">\n\t\t\t\t\t\t\t<div class=\"rt-img-holder tpg-el-image-wrap has-thumbnail\">\n\t\t\t\t\t<a data-id=\"7857\" href=\"https:\/\/yazinulkesi.com.tr\/?p=7857\" class=\"tpg-post-link\" target=\"_self\">                        <img fetchpriority=\"high\" decoding=\"async\" src=\"https:\/\/yazinulkesi.com.tr\/wp-content\/uploads\/2026\/03\/Tavusluk-Taslayan-Cakalin-Hikayesi-417x340.png\"\n                             class=\"rt-img-responsive\"\n                             width=\"417\"\n                             height=\"340\"\n                             alt=\"Tavusluk Taslayan \u00c7akal\u0131n Hik\u00e2yesi\">\n\t\t\t\t\t\t\n\t\t\t\t\t\t\t\n\t\t<\/a>\n\t\t        <div class=\"overlay grid-hover-content\"><\/div>\n\t\t\t\t\t\t<\/div>\n\t\t\t\n\t\t\t<div class=\"post-right-content\">\n\t\t\t\t<div class=\"entry-title-wrapper\"><h3 class=\"entry-title\"><a data-id=\"7857\" href=\"https:\/\/yazinulkesi.com.tr\/?p=7857\" class=\"tpg-post-link\" target=\"_self\">Tavusluk Taslayan \u00c7akal\u0131n Hik\u00e2yesi<\/a><\/h3><\/div>\n\t\t\t\t\n\t\t\t\t\t\t\t\t\t<div class=\"tpg-excerpt tpg-el-excerpt\">\n\t\t\t\t\t\t\t\t\t\t\t\t\t<div class=\"tpg-excerpt-inner\">\n\t\t\t\t\t\t\t\tT\u00fbt\u00een\u00e2me kadim metinlerimizin en \u00f6nemlilerindendir. Bug\u00fcn fabl diye adland\u0131rd\u0131\u011f\u0131m\u0131z hayvan...\t\t\t\t\t\t\t<\/div>\n\t\t\t\t\t\t\t\t\t\t\t\t\t\t\t\t\t<\/div>\n\t\t\t\t\n\t\t\t\t        <div class=\"post-footer\">\n            <div class=\"post-footer\">\n                <div class=\"read-more\">\n\t\t\t\t\t<a data-id=\"7857\" href=\"https:\/\/yazinulkesi.com.tr\/?p=7857\" class=\"tpg-post-link\" target=\"_self\">Devam\u0131<\/a>                <\/div>\n            <\/div>\n        <\/div>\n\t\t\t\t\t<\/div>\n\t\t<\/div>\n\t<\/div>\n<\/div>\n\n<div class=\"rt-col-md-12 rt-col-sm-12 rt-col-xs-12 default rt-list-item rt-grid-item\" data-id=\"7459\">\n\t<div class=\"rt-holder tpg-post-holder \">\n\t\t<div class=\"rt-detail rt-el-content-wrapper\">\n\t\t\t\t\t\t\t<div class=\"rt-img-holder tpg-el-image-wrap has-thumbnail\">\n\t\t\t\t\t<a data-id=\"7459\" href=\"https:\/\/yazinulkesi.com.tr\/?p=7459\" class=\"tpg-post-link\" target=\"_self\">                        <img decoding=\"async\" src=\"https:\/\/yazinulkesi.com.tr\/wp-content\/uploads\/2026\/03\/IMG_3313-417x340.png\"\n                             class=\"rt-img-responsive\"\n                             width=\"417\"\n                             height=\"340\"\n                             alt=\"Zalim Bir K\u00e2hyan\u0131n Hikayesi\">\n\t\t\t\t\t\t\n\t\t\t\t\t\t\t\n\t\t<\/a>\n\t\t        <div class=\"overlay grid-hover-content\"><\/div>\n\t\t\t\t\t\t<\/div>\n\t\t\t\n\t\t\t<div class=\"post-right-content\">\n\t\t\t\t<div class=\"entry-title-wrapper\"><h3 class=\"entry-title\"><a data-id=\"7459\" href=\"https:\/\/yazinulkesi.com.tr\/?p=7459\" class=\"tpg-post-link\" target=\"_self\">Zalim Bir K\u00e2hyan\u0131n Hikayesi<\/a><\/h3><\/div>\n\t\t\t\t\n\t\t\t\t\t\t\t\t\t<div class=\"tpg-excerpt tpg-el-excerpt\">\n\t\t\t\t\t\t\t\t\t\t\t\t\t<div class=\"tpg-excerpt-inner\">\n\t\t\t\t\t\t\t\tBir k\u00e2hya vard\u0131. \u00d6yle yedi bel\u00e2 idi ki, onun korkusundan erkek arslan, di\u015fi arslan olurdu. Derken...\t\t\t\t\t\t\t<\/div>\n\t\t\t\t\t\t\t\t\t\t\t\t\t\t\t\t\t<\/div>\n\t\t\t\t\n\t\t\t\t        <div class=\"post-footer\">\n            <div class=\"post-footer\">\n                <div class=\"read-more\">\n\t\t\t\t\t<a data-id=\"7459\" href=\"https:\/\/yazinulkesi.com.tr\/?p=7459\" class=\"tpg-post-link\" target=\"_self\">Devam\u0131<\/a>                <\/div>\n            <\/div>\n        <\/div>\n\t\t\t\t\t<\/div>\n\t\t<\/div>\n\t<\/div>\n<\/div>\n\n<div class=\"rt-col-md-12 rt-col-sm-12 rt-col-xs-12 default rt-list-item rt-grid-item\" data-id=\"6963\">\n\t<div class=\"rt-holder tpg-post-holder \">\n\t\t<div class=\"rt-detail rt-el-content-wrapper\">\n\t\t\t\t\t\t\t<div class=\"rt-img-holder tpg-el-image-wrap has-thumbnail\">\n\t\t\t\t\t<a data-id=\"6963\" href=\"https:\/\/yazinulkesi.com.tr\/?p=6963\" class=\"tpg-post-link\" target=\"_self\">                        <img decoding=\"async\" src=\"https:\/\/yazinulkesi.com.tr\/wp-content\/uploads\/2026\/03\/Kadim-metinler-yunus-emre-son-417x340.png\"\n                             class=\"rt-img-responsive\"\n                             width=\"417\"\n                             height=\"340\"\n                             alt=\"Yunus Emre denilince akla T\u00fcrk\u00e7e gelir elbet\">\n\t\t\t\t\t\t\n\t\t\t\t\t\t\t\n\t\t<\/a>\n\t\t        <div class=\"overlay grid-hover-content\"><\/div>\n\t\t\t\t\t\t<\/div>\n\t\t\t\n\t\t\t<div class=\"post-right-content\">\n\t\t\t\t<div class=\"entry-title-wrapper\"><h3 class=\"entry-title\"><a data-id=\"6963\" href=\"https:\/\/yazinulkesi.com.tr\/?p=6963\" class=\"tpg-post-link\" target=\"_self\">Yunus Emre denilince akla T\u00fcrk\u00e7e gelir elbet<\/a><\/h3><\/div>\n\t\t\t\t\n\t\t\t\t\t\t\t\t\t<div class=\"tpg-excerpt tpg-el-excerpt\">\n\t\t\t\t\t\t\t\t\t\t\t\t\t<div class=\"tpg-excerpt-inner\">\n\t\t\t\t\t\t\t\tYunus, T\u00fcrk\u00e7e\u2019ye can vermi\u015f, T\u00fcrk\u00e7e\u2019yi var etmi\u015f \u015fairdir. Ancak Yunus\u2019a \u015fair denilince de ak\u0131llar...\t\t\t\t\t\t\t<\/div>\n\t\t\t\t\t\t\t\t\t\t\t\t\t\t\t\t\t<\/div>\n\t\t\t\t\n\t\t\t\t        <div class=\"post-footer\">\n            <div class=\"post-footer\">\n                <div class=\"read-more\">\n\t\t\t\t\t<a data-id=\"6963\" href=\"https:\/\/yazinulkesi.com.tr\/?p=6963\" class=\"tpg-post-link\" target=\"_self\">Devam\u0131<\/a>                <\/div>\n            <\/div>\n        <\/div>\n\t\t\t\t\t<\/div>\n\t\t<\/div>\n\t<\/div>\n<\/div>\n\n<div class=\"rt-col-md-12 rt-col-sm-12 rt-col-xs-12 default rt-list-item rt-grid-item\" data-id=\"6611\">\n\t<div class=\"rt-holder tpg-post-holder \">\n\t\t<div class=\"rt-detail rt-el-content-wrapper\">\n\t\t\t\t\t\t\t<div class=\"rt-img-holder tpg-el-image-wrap has-thumbnail\">\n\t\t\t\t\t<a data-id=\"6611\" href=\"https:\/\/yazinulkesi.com.tr\/?p=6611\" class=\"tpg-post-link\" target=\"_self\">                        <img loading=\"lazy\" decoding=\"async\" src=\"https:\/\/yazinulkesi.com.tr\/wp-content\/uploads\/2026\/03\/Kadim-Metinlerr-Mevlana-417x340.png\"\n                             class=\"rt-img-responsive\"\n                             width=\"417\"\n                             height=\"340\"\n                             alt=\"Aslan, Tilki ve Kurt\">\n\t\t\t\t\t\t\n\t\t\t\t\t\t\t\n\t\t<\/a>\n\t\t        <div class=\"overlay grid-hover-content\"><\/div>\n\t\t\t\t\t\t<\/div>\n\t\t\t\n\t\t\t<div class=\"post-right-content\">\n\t\t\t\t<div class=\"entry-title-wrapper\"><h3 class=\"entry-title\"><a data-id=\"6611\" href=\"https:\/\/yazinulkesi.com.tr\/?p=6611\" class=\"tpg-post-link\" target=\"_self\">Aslan, Tilki ve Kurt<\/a><\/h3><\/div>\n\t\t\t\t\n\t\t\t\t\t\t\t\t\t<div class=\"tpg-excerpt tpg-el-excerpt\">\n\t\t\t\t\t\t\t\t\t\t\t\t\t<div class=\"tpg-excerpt-inner\">\n\t\t\t\t\t\t\t\tMesnevi\u2019deki hik\u00e2yelerin basit olmas\u0131 ama de\u015fildik\u00e7e yeni manalar vermesi de eserin zenginli\u011fini...\t\t\t\t\t\t\t<\/div>\n\t\t\t\t\t\t\t\t\t\t\t\t\t\t\t\t\t<\/div>\n\t\t\t\t\n\t\t\t\t        <div class=\"post-footer\">\n            <div class=\"post-footer\">\n                <div class=\"read-more\">\n\t\t\t\t\t<a data-id=\"6611\" href=\"https:\/\/yazinulkesi.com.tr\/?p=6611\" class=\"tpg-post-link\" target=\"_self\">Devam\u0131<\/a>                <\/div>\n            <\/div>\n        <\/div>\n\t\t\t\t\t<\/div>\n\t\t<\/div>\n\t<\/div>\n<\/div>\n            <\/div>\n\n\t\t\t\n        <\/div>\n\t\t\t\t\t\t<\/div>\n\t\t\t\t<\/div>\n\t\t\t\t\t<\/div>\n\t\t\t\t<\/div>\n\t\t\t\t<\/div>\n\t\t","protected":false},"excerpt":{"rendered":"<div class=\"tmnf_excerpt\"><p>ZAL\u0130M B\u0130R K\u00c2HYANIN H\u0130K\u00c2YES\u0130 Bir k\u00e2hya vard\u0131. \u00d6yle yedi bel\u00e2 idi ki, onun korkusundan erkek arslan, di\u015fi arslan olurdu. Derken&#8230; Devam\u0131 Yunus Emre denilince akla T\u00fcrk\u00e7e gelir elbet Yunus, T\u00fcrk\u00e7e\u2019ye can vermi\u015f, T\u00fcrk\u00e7e\u2019yi var etmi\u015f \u015fairdir. Ancak Yunus\u2019a \u015fair denilince de ak\u0131llar&#8230; Devam\u0131 Aslan, Tilki ve Kurt Mesnevi\u2019deki hik\u00e2yelerin basit olmas\u0131 ama de\u015fildik\u00e7e yeni manalar &hellip;<\/p>\n<\/div>","protected":false},"author":1,"featured_media":7007,"parent":0,"menu_order":0,"comment_status":"closed","ping_status":"closed","template":"template-fullwidth.php","meta":{"_eb_attr":"","footnotes":""},"class_list":["post-6415","page","type-page","status-publish","has-post-thumbnail","hentry"],"rttpg_featured_image_url":{"full":["https:\/\/yazinulkesi.com.tr\/wp-content\/uploads\/2026\/03\/IMG_2950-scaled.jpg",2560,1496,false],"landscape":["https:\/\/yazinulkesi.com.tr\/wp-content\/uploads\/2026\/03\/IMG_2950-scaled.jpg",2560,1496,false],"portraits":["https:\/\/yazinulkesi.com.tr\/wp-content\/uploads\/2026\/03\/IMG_2950-scaled.jpg",2560,1496,false],"thumbnail":["https:\/\/yazinulkesi.com.tr\/wp-content\/uploads\/2026\/03\/IMG_2950-150x150.jpg",150,150,true],"medium":["https:\/\/yazinulkesi.com.tr\/wp-content\/uploads\/2026\/03\/IMG_2950-300x175.jpg",300,175,true],"large":["https:\/\/yazinulkesi.com.tr\/wp-content\/uploads\/2026\/03\/IMG_2950-1024x599.jpg",1024,599,true],"1536x1536":["https:\/\/yazinulkesi.com.tr\/wp-content\/uploads\/2026\/03\/IMG_2950-1536x898.jpg",1536,898,true],"2048x2048":["https:\/\/yazinulkesi.com.tr\/wp-content\/uploads\/2026\/03\/IMG_2950-2048x1197.jpg",2048,1197,true],"codate_slider":["https:\/\/yazinulkesi.com.tr\/wp-content\/uploads\/2026\/03\/IMG_2950-1920x1000.jpg",1920,1000,true],"codate_item":["https:\/\/yazinulkesi.com.tr\/wp-content\/uploads\/2026\/03\/IMG_2950-550x350.jpg",550,350,true],"codate_item_vetical":["https:\/\/yazinulkesi.com.tr\/wp-content\/uploads\/2026\/03\/IMG_2950-500x800.jpg",500,800,true],"codate_item_masonry":["https:\/\/yazinulkesi.com.tr\/wp-content\/uploads\/2026\/03\/IMG_2950-550x321.jpg",550,321,true],"codate_blog":["https:\/\/yazinulkesi.com.tr\/wp-content\/uploads\/2026\/03\/IMG_2950-417x340.jpg",417,340,true],"codate_single":["https:\/\/yazinulkesi.com.tr\/wp-content\/uploads\/2026\/03\/IMG_2950-852x500.jpg",852,500,true],"codate_tabs":["https:\/\/yazinulkesi.com.tr\/wp-content\/uploads\/2026\/03\/IMG_2950-90x90.jpg",90,90,true]},"rttpg_author":{"display_name":"marascol.adm21@gmail.com","author_link":"https:\/\/yazinulkesi.com.tr\/author\/marascol-adm21gmail-com"},"rttpg_comment":0,"rttpg_category":"","rttpg_excerpt":"ZAL\u0130M B\u0130R K\u00c2HYANIN H\u0130K\u00c2YES\u0130 Bir k\u00e2hya vard\u0131. \u00d6yle yedi bel\u00e2 idi ki, onun korkusundan erkek arslan, di\u015fi arslan olurdu. Derken&#8230; Devam\u0131 Yunus Emre denilince akla T\u00fcrk\u00e7e gelir elbet Yunus, T\u00fcrk\u00e7e\u2019ye can vermi\u015f, T\u00fcrk\u00e7e\u2019yi var etmi\u015f \u015fairdir. Ancak Yunus\u2019a \u015fair denilince de ak\u0131llar&#8230; Devam\u0131 Aslan, Tilki ve Kurt Mesnevi\u2019deki hik\u00e2yelerin basit olmas\u0131 ama de\u015fildik\u00e7e yeni manalar&hellip;","_links":{"self":[{"href":"https:\/\/yazinulkesi.com.tr\/index.php?rest_route=\/wp\/v2\/pages\/6415","targetHints":{"allow":["GET"]}}],"collection":[{"href":"https:\/\/yazinulkesi.com.tr\/index.php?rest_route=\/wp\/v2\/pages"}],"about":[{"href":"https:\/\/yazinulkesi.com.tr\/index.php?rest_route=\/wp\/v2\/types\/page"}],"author":[{"embeddable":true,"href":"https:\/\/yazinulkesi.com.tr\/index.php?rest_route=\/wp\/v2\/users\/1"}],"replies":[{"embeddable":true,"href":"https:\/\/yazinulkesi.com.tr\/index.php?rest_route=%2Fwp%2Fv2%2Fcomments&post=6415"}],"version-history":[{"count":12,"href":"https:\/\/yazinulkesi.com.tr\/index.php?rest_route=\/wp\/v2\/pages\/6415\/revisions"}],"predecessor-version":[{"id":7545,"href":"https:\/\/yazinulkesi.com.tr\/index.php?rest_route=\/wp\/v2\/pages\/6415\/revisions\/7545"}],"wp:featuredmedia":[{"embeddable":true,"href":"https:\/\/yazinulkesi.com.tr\/index.php?rest_route=\/wp\/v2\/media\/7007"}],"wp:attachment":[{"href":"https:\/\/yazinulkesi.com.tr\/index.php?rest_route=%2Fwp%2Fv2%2Fmedia&parent=6415"}],"curies":[{"name":"wp","href":"https:\/\/api.w.org\/{rel}","templated":true}]}}